{"id":664,"date":"2023-01-14T18:08:36","date_gmt":"2023-01-14T18:08:36","guid":{"rendered":"https:\/\/runtzcartsdisposables.com\/?post_type=product&#038;p=664"},"modified":"2024-11-25T20:11:18","modified_gmt":"2024-11-25T20:11:18","slug":"peach","status":"publish","type":"product","link":"https:\/\/runtzcartsdisposables.com\/fr\/product\/peach\/","title":{"rendered":"Peach"},"content":{"rendered":"<h1>Acheter une vari\u00e9t\u00e9 de marijuana Peach OG en ligne en Finlande<\/h1>\n<p>Achetez une vari\u00e9t\u00e9 de marijuana Peach OG en ligne en Finlande. Peach OG est une vari\u00e9t\u00e9 \u00e0 dominante indica incroyablement rare <a href=\"https:\/\/runtzcartsdisposables.com\/index.php\/product-category\/blumen\/hybrid-sorten\/\">Hybrid<\/a> (85 % Indica\/15 % Sativa) avec une g\u00e9n\u00e9tique relativement inconnue, bien que le consensus g\u00e9n\u00e9ral parmi les consommateurs de cannabis soit qu'il s'agit d'un croisement entre OG Kush et une autre vari\u00e9t\u00e9 inconnue. Ce bourgeon impressionnant a un niveau de THC mod\u00e9r\u00e9 qui n'a jamais \u00e9t\u00e9 test\u00e9, bien qu'il se situe probablement entre 15 et 20 % selon les suppositions et les avis des utilisateurs. Les utilisateurs d\u00e9crivent le Peach OG high comme une euphorie imm\u00e9diate et l\u00e9g\u00e8rement \u00e9l\u00e9vatrice qui suscite facilement un sentiment de concentration et de motivation. Ce high c\u00e9r\u00e9bral se transforme en un high corporel relaxant et r\u00e9chauffant qui se dissipe lentement dans tout le corps, vous laissant l\u00e9g\u00e8rement sous s\u00e9dation mais d\u00e9tendu et heureux. Dans l'ensemble, ces effets sont tr\u00e8s fluides, ce qui rend Peach OG id\u00e9al pour tous les niveaux d'utilisateurs.<\/p>\n<p>La vari\u00e9t\u00e9 de cannabis Peach Weed est un hybride \u00e9quilibr\u00e9 de la vall\u00e9e de Sacramento, par les fr\u00e8res Skunk. Les niveaux de THC sont \u00e9lev\u00e9s mais non mesurables, et il en va de m\u00eame pour les terp\u00e8nes. Il a un go\u00fbt d'agrumes et de fruits l\u00e9g\u00e8rement sucr\u00e9s, presque trop m\u00fbrs. Cette souche peut aider \u00e0 la perte d'app\u00e9tit et \u00e0 la douleur. Peach Cobbler est une vari\u00e9t\u00e9 de cannabis qui peut \u00eatre consomm\u00e9e aussi bien en journ\u00e9e qu'en soir\u00e9e. Achetez des champignons magiques cubains en ligne.<\/p>\n<h2>Acheter la vari\u00e9t\u00e9 de marijuana Peach OG en ligne en Finlande<\/h2>\n<p>Toutes les recettes de cordonnier aux p\u00eaches comprennent des p\u00eaches fra\u00eeches, surgel\u00e9es ou en conserve. Il n'y a pas de discussion \u00e0 ce sujet. Ce qui les rend diff\u00e9rents, c'est la garniture. La garniture peut \u00eatre une vari\u00e9t\u00e9 de m\u00e9langes \u00e0 g\u00e2teaux, de flocons d'avoine, de p\u00e2te \u00e0 biscuits, de p\u00e2te \u00e0 g\u00e2teau, de biscuits et m\u00eame de bisquick. Il semble que tout le monde ait une garniture pr\u00e9f\u00e9r\u00e9e, probablement parce qu'ils ont grandi avec, et je ne suis pas diff\u00e9rent. Ma garniture pr\u00e9f\u00e9r\u00e9e est celle incluse dans cette recette. C'est de loin le plus simple et se compose d'un peu plus d'un peu de beurre, de sucre, de lait et de farine.<\/p>\n<p>Les p\u00eaches THC Kushy sont fabriqu\u00e9es avec un distillat de THC de la plus haute qualit\u00e9. Ils sont \u00e9galement 100% v\u00e9g\u00e9taliens et sans gluten. Chaque d\u00e9licieux bonbon contient 30 mg de THC. C'est le seul produit comestible sur le march\u00e9 qui contient 30 mg par bonbon. Cela vous donne un high corporel tr\u00e8s propre et agr\u00e9able.<\/p>\n<p>Die Effekte sind erstklassig. SOLID K\u00f6rper Stein mit einem sauberen Kopf hoch. Perfekt f\u00fcr Essensliebhaber &#8211; Sie werden sehr gl\u00fccklich sein. Kaufen Sie Banana Runtz <a href=\"https:\/\/kokaindrogekaufen.com\" target=\"_blank\" rel=\"noopener\">Online<\/a>.<\/p>\n<p>Parfait pour la journ\u00e9e, la nuit, regarder des films, aller \u00e0 des f\u00eates, g\u00e9rer la douleur chronique et la relaxation.<\/p>","protected":false},"excerpt":{"rendered":"<p>Peach OG est une souche hybride \u00e0 dominance indica incroyablement rare (85 % indica\/15 % sativa) de g\u00e9n\u00e9tique relativement inconnue, bien que le consensus parmi les consommateurs de cannabis soit qu'elle est un croisement entre OG Kush et une autre souche inconnue.<\/p>","protected":false},"featured_media":665,"comment_status":"open","ping_status":"closed","template":"","meta":{"_monsterinsights_skip_tracking":false,"_monsterinsights_sitenote_active":false,"_monsterinsights_sitenote_note":"","_monsterinsights_sitenote_category":0},"product_cat":[126,245,351],"product_tag":[203,204,315],"_links":{"self":[{"href":"https:\/\/runtzcartsdisposables.com\/fr\/wp-json\/wp\/v2\/product\/664"}],"collection":[{"href":"https:\/\/runtzcartsdisposables.com\/fr\/wp-json\/wp\/v2\/product"}],"about":[{"href":"https:\/\/runtzcartsdisposables.com\/fr\/wp-json\/wp\/v2\/types\/product"}],"replies":[{"embeddable":true,"href":"https:\/\/runtzcartsdisposables.com\/fr\/wp-json\/wp\/v2\/comments?post=664"}],"wp:featuredmedia":[{"embeddable":true,"href":"https:\/\/runtzcartsdisposables.com\/fr\/wp-json\/wp\/v2\/media\/665"}],"wp:attachment":[{"href":"https:\/\/runtzcartsdisposables.com\/fr\/wp-json\/wp\/v2\/media?parent=664"}],"wp:term":[{"taxonomy":"product_cat","embeddable":true,"href":"https:\/\/runtzcartsdisposables.com\/fr\/wp-json\/wp\/v2\/product_cat?post=664"},{"taxonomy":"product_tag","embeddable":true,"href":"https:\/\/runtzcartsdisposables.com\/fr\/wp-json\/wp\/v2\/product_tag?post=664"}],"curies":[{"name":"wp","href":"https:\/\/api.w.org\/{rel}","templated":true}]}}