{"id":676,"date":"2023-01-14T18:19:51","date_gmt":"2023-01-14T18:19:51","guid":{"rendered":"https:\/\/runtzcartsdisposables.com\/?post_type=product&#038;p=676"},"modified":"2024-11-25T20:11:15","modified_gmt":"2024-11-25T20:11:15","slug":"pink-dosidos","status":"publish","type":"product","link":"https:\/\/runtzcartsdisposables.com\/fr\/product\/pink-dosidos\/","title":{"rendered":"Pink dosidos"},"content":{"rendered":"<h1>Achetez la souche de marijuana Pink Dosidos en ligne en Europe<\/h1>\n<p>Achetez la souche de marijuana Pink Dosidos en ligne en Europe. Avec un parent comme Do-Si-Dos qui est une sorte d'enfant <a href=\"https:\/\/runtzcartsdisposables.com\/index.php\/product\/girl-scout-cookies\/\">Girl Scout Cookies<\/a> on pourrait penser que le profil terp\u00e9nique du Pink Do-Si-Dos sentirait les cookies. Il s'av\u00e8re qu'elle a tendance \u00e0 \u00eatre beaucoup plus moqueuse qu'on ne le pense. Le go\u00fbt est \u00e9galement skunk et s'accompagne d'une saveur humide et terreuse qui persiste en bouche apr\u00e8s avoir fum\u00e9 ou vaporis\u00e9 Pink Do-Si-Dos. Champignon magique Big Mex en ligne aux \u00c9tats-Unis.<\/p>\n<p>La partie \"rose\" du nom vient de son autre plante m\u00e8re, la Champagne Rose. Les bourgeons roses Do-Si-Dos sont une combinaison de fleurs vert clair et vert sauge entrelac\u00e9es avec des pistils jaunes et marron clair. Ils ne sont pas roses comme certains pourraient le penser. Achetez des champignons magiques cubains en ligne.<\/p>\n<h2>Pink Dosidos Marihuana Sorte online in Europa kaufen<\/h2>\n<p>In den positiven Bewertungen der Sorte Pink Do-Si-Dos dr\u00fcckten die Konsumenten ihre Freude dar\u00fcber aus, wie gut sie bei der Bew\u00e4ltigung von \u00c4ngsten, Stress und anderen mentalen Blockaden half. Einige haben mit dieser Sorte meditiert, w\u00e4hrend andere sich schl\u00e4frig oder nachdenklich f\u00fchlten. Unsere Pink Dosido ist eine Abwandlung eines neuen Klassikers. Diese Sorte, die mit Pink Champagne und Dosidos gekreuzt wurde, hat ein umwerfendes Aroma &#8211; sie ist s\u00fc\u00df, mit einem skunkigen Geruch, der den ganzen Raum f\u00fcllt, wenn man ein Glas \u00f6ffnet. Ein sanfter Rauch und ein definitiver Favorit des Korova-Teams. Do-Si-Dos ist eine Kreuzung aus OG Kush Breath &#8211; einem Ph\u00e4notyp von Girl Scout Cookies &#8211; und Faceoff OG von der Archive Seed Bank in Oregon. Die Saatgutbank arbeitet an einer F2-Linie von Do-Si-Dos Ph\u00e4notypen &#8211; Do-Si-Dos #9, #18 und #22; sowie die unver\u00f6ffentlichten #4 und #. 13 &#8211; die angeblich alle hoch wachsen und in einer Bl\u00fctezeit von 70 Tagen durchschnittlich gro\u00dfe Ertr\u00e4ge liefern. Die gesamte F2-Linie zeigt nach Angaben der Saatgutbank bei etwa 5 % der Population hermaphroditische Tendenzen, die vom OGKB-Elternteil vererbt wurden. Von den drei freigegebenen Ph\u00e4notypen wird #9 als der potenteste, dichteste und harzigste beschrieben &#8211; er produziert gro\u00dfe Mengen an trockenem Sift &#8211; sowie ein starkes Keks- und Kush-Aroma und -Geschmack. In der Zwischenzeit zeigt #18 dicke, prominente Harzdr\u00fcsen und ein starkes <a href=\"https:\/\/hhc.supplies\/\" target=\"_blank\" rel=\"noopener\">OG Kush-Aroma<\/a>, w\u00e4hrend #22 ein lila, aromatischer Ph\u00e4notyp mit Traubengeschmack ist, der f\u00fcr die Herstellung von Ice Hash empfohlen wird.<\/p>","protected":false},"excerpt":{"rendered":"<h3 style=\"text-align: center;\">Pink dosidos<\/h3>\n<hr \/>\n<p>Avec un parent comme Do-Si-Dos, qui \u00e9tait une souche enfant de Girl Scout Cookies, on pourrait penser que le profil de terp\u00e8ne Pink Do-Si-Dos sentirait comme des cookies.<\/p>\n<p>&nbsp;<\/p>","protected":false},"featured_media":677,"comment_status":"open","ping_status":"closed","template":"","meta":{"_monsterinsights_skip_tracking":false,"_monsterinsights_sitenote_active":false,"_monsterinsights_sitenote_note":"","_monsterinsights_sitenote_category":0},"product_cat":[126,245,351],"product_tag":[231,321,224],"_links":{"self":[{"href":"https:\/\/runtzcartsdisposables.com\/fr\/wp-json\/wp\/v2\/product\/676"}],"collection":[{"href":"https:\/\/runtzcartsdisposables.com\/fr\/wp-json\/wp\/v2\/product"}],"about":[{"href":"https:\/\/runtzcartsdisposables.com\/fr\/wp-json\/wp\/v2\/types\/product"}],"replies":[{"embeddable":true,"href":"https:\/\/runtzcartsdisposables.com\/fr\/wp-json\/wp\/v2\/comments?post=676"}],"wp:featuredmedia":[{"embeddable":true,"href":"https:\/\/runtzcartsdisposables.com\/fr\/wp-json\/wp\/v2\/media\/677"}],"wp:attachment":[{"href":"https:\/\/runtzcartsdisposables.com\/fr\/wp-json\/wp\/v2\/media?parent=676"}],"wp:term":[{"taxonomy":"product_cat","embeddable":true,"href":"https:\/\/runtzcartsdisposables.com\/fr\/wp-json\/wp\/v2\/product_cat?post=676"},{"taxonomy":"product_tag","embeddable":true,"href":"https:\/\/runtzcartsdisposables.com\/fr\/wp-json\/wp\/v2\/product_tag?post=676"}],"curies":[{"name":"wp","href":"https:\/\/api.w.org\/{rel}","templated":true}]}}