{"id":688,"date":"2023-01-14T18:32:28","date_gmt":"2023-01-14T18:32:28","guid":{"rendered":"https:\/\/runtzcartsdisposables.com\/?post_type=product&#038;p=688"},"modified":"2024-11-25T20:11:12","modified_gmt":"2024-11-25T20:11:12","slug":"purple-punch-2","status":"publish","type":"product","link":"https:\/\/runtzcartsdisposables.com\/fr\/product\/purple-punch-2\/","title":{"rendered":"Purple Punch"},"content":{"rendered":"<h1>Acheter du punch violet en ligne au Royaume-Uni<\/h1>\n<p>Achetez Purple Punch en ligne. C'est gr\u00e2ce aux s\u00e9lectionneurs UK Mystery que la Purple Punch est entr\u00e9e dans nos vies, car cette puissante t\u00eate offre une explosion de go\u00fbt avec un effet dont vous aurez toujours envie. Croiser Granddaddy Purple avec Larry OG \u00e9tait une bonne id\u00e9e car cette vari\u00e9t\u00e9 \u00e0 dominance indica fait ressortir le meilleur des deux parents. Les personnes qui recherchent un high mental et physique tout aussi puissant devraient essayer cette vari\u00e9t\u00e9. Acheter M\u00e9lange \u00e0 G\u00e2teau\/Minntz<\/p>\n<p>Auch wenn sie mit 20% THC nicht sehr stark klingt, enth\u00e4lt Purple Punch auch 1%<a href=\"https:\/\/nembutalprezzo.com\/\" target=\"_blank\" rel=\"noopener\"> CBD<\/a> und trifft Dich wie ein Mack Truck. Die Nuggets sind sehr flauschig und hell mit einem Neon-Ton, begleitet von r\u00f6tlichen Stempeln und bernsteinfarbenen Trichomen. Einige w\u00fcrden die Aromen und Geschmacksrichtungen dieser Knospe als einen Schlag ins Gesicht beschreiben, und das zu Recht, da eine starke Trauben-Kool-Aid-Note vorhanden ist. Dies wird jedoch durch andere k\u00f6stliche Aromen wie Blaubeeren, Vanille und Kr\u00e4uter ausgeglichen.buy Northern light<\/p>\n<p>Le high avec Purple Punch commence avec toute sa force, car une puissante stimulation c\u00e9r\u00e9brale vous frappe juste derri\u00e8re les yeux. L'ambiance se l\u00e8ve avec facilit\u00e9 et vous vous sentirez presque comme un ballon s'\u00e9levant dans le ciel. Au fur et \u00e0 mesure que vous montez litt\u00e9ralement en fl\u00e8che, les effets physiques se font sentir, aidant \u00e0 \u00e9quilibrer les choses avec un \u00e9tat de s\u00e9dation intense. Selon votre tol\u00e9rance, c'est le moment id\u00e9al pour vous pelotonner et vous endormir, ou du moins le moment de la soir\u00e9e pour regarder votre film pr\u00e9f\u00e9r\u00e9 et vous d\u00e9tendre.Mintz<\/p>\n<p>Purple Punch ist bekannt f\u00fcr seine F\u00e4higkeit, die Stimmung mit Leichtigkeit zu heben, und so ist es nicht verwunderlich, dass sich medizinische Anwender an sie wenden, wenn sie niedergeschlagen sind. Sowohl Stress als auch Depressionen werden relativ schnell gelindert, und auch k\u00f6rperliche Schmerzen werden mit Leichtigkeit behandelt. Wenn Sie Kopfschmerzen, Kr\u00e4mpfe, Muskelkr\u00e4mpfe oder fast jedes andere Leiden haben, wenden Sie sich an Purple Punch. Nat\u00fcrlich ist diese Knospe auch gro\u00dfartig f\u00fcr Menschen, die regelm\u00e4\u00dfig mit Schlaflosigkeit zu <a href=\"https:\/\/runtzcartsdisposables.com\/fr\/product\/purple-haze\/\">k\u00e4mpfen haben<\/a>.<\/p>\n<p>Si vous \u00eates tomb\u00e9 amoureux de cette vari\u00e9t\u00e9, il y a de fortes chances que vous souhaitiez la ramener \u00e0 la maison et vous l'approprier. Heureusement, les graines de Purple Punch sont tr\u00e8s faciles \u00e0 obtenir, et apr\u00e8s seulement 8 \u00e0 10 semaines, vous vous attendez \u00e0 un rendement tr\u00e8s \u00e9lev\u00e9. Les sp\u00e9cifications de croissance sont un peu floues sur cette vari\u00e9t\u00e9, mais nous savons qu'elle peut \u00eatre facilement cultiv\u00e9e \u00e0 l'int\u00e9rieur et \u00e0 l'ext\u00e9rieur. Achetez Pluto Cookies en ligne.<\/p>\n<p>Si vous voulez r\u00e9galer vos papilles et vivre une exp\u00e9rience cannabique vraiment inoubliable, Purple Punch est fait pour vous. Ce bourgeon est disponible dans de nombreux endroits \u00e0 travers le pays, alors essayez-le et regardez tous vos soucis s'estomper. r\u00eave bleu<\/p>","protected":false},"excerpt":{"rendered":"<h3 style=\"text-align: center;\">Purple Punch<\/h3>\n<hr \/>\n<p>Purple Punch est la fusion douce et apaisante de deux classiques \u00e0 dominance indica. En croisant Larry OG avec Granddaddy Purple, l'incroyable\u2026<\/p>\n<p>&nbsp;<\/p>","protected":false},"featured_media":689,"comment_status":"open","ping_status":"closed","template":"","meta":{"_monsterinsights_skip_tracking":false,"_monsterinsights_sitenote_active":false,"_monsterinsights_sitenote_note":"","_monsterinsights_sitenote_category":0},"product_cat":[126,245,351],"product_tag":[],"_links":{"self":[{"href":"https:\/\/runtzcartsdisposables.com\/fr\/wp-json\/wp\/v2\/product\/688"}],"collection":[{"href":"https:\/\/runtzcartsdisposables.com\/fr\/wp-json\/wp\/v2\/product"}],"about":[{"href":"https:\/\/runtzcartsdisposables.com\/fr\/wp-json\/wp\/v2\/types\/product"}],"replies":[{"embeddable":true,"href":"https:\/\/runtzcartsdisposables.com\/fr\/wp-json\/wp\/v2\/comments?post=688"}],"wp:featuredmedia":[{"embeddable":true,"href":"https:\/\/runtzcartsdisposables.com\/fr\/wp-json\/wp\/v2\/media\/689"}],"wp:attachment":[{"href":"https:\/\/runtzcartsdisposables.com\/fr\/wp-json\/wp\/v2\/media?parent=688"}],"wp:term":[{"taxonomy":"product_cat","embeddable":true,"href":"https:\/\/runtzcartsdisposables.com\/fr\/wp-json\/wp\/v2\/product_cat?post=688"},{"taxonomy":"product_tag","embeddable":true,"href":"https:\/\/runtzcartsdisposables.com\/fr\/wp-json\/wp\/v2\/product_tag?post=688"}],"curies":[{"name":"wp","href":"https:\/\/api.w.org\/{rel}","templated":true}]}}