{"id":694,"date":"2023-01-14T18:38:33","date_gmt":"2023-01-14T18:38:33","guid":{"rendered":"https:\/\/runtzcartsdisposables.com\/?post_type=product&#038;p=694"},"modified":"2024-11-25T20:11:11","modified_gmt":"2024-11-25T20:11:11","slug":"runtz","status":"publish","type":"product","link":"https:\/\/runtzcartsdisposables.com\/fr\/product\/runtz\/","title":{"rendered":"Runtz"},"content":{"rendered":"<h1>Acheter Runtz Weed en ligne<\/h1>\n<p>Acheter de l'herbe Runtz en ligne, Zkittlez est un hybride \u00e0 dominante indica <a href=\"https:\/\/www.wikileaf.com\/strain\/grape-ape\/\" target=\"_blank\" rel=\"noopener\">Grape Ape<\/a> und <a href=\"https:\/\/www.hytiva.com\/strains\/sativa\/grapefruit\" target=\"_blank\" rel=\"noopener\">Grapefruit<\/a>qu'avec un autre<\/p>\n<p>a \u00e9t\u00e9 crois\u00e9 pour produire ce cannabis \u00e0 saveur de bonbon \u00e9lev\u00e9 par 3rd Gen Family et Terp Hogs. Ce prix<\/p>\n<p>la combinaison gagnante a remport\u00e9 la 1\u00e8re place \u00e0 l'Emerald Cup 2016 et la 1\u00e8re place Indica aux Cannabis Cups 2015 \u00e0 San. acheter Diamond OG Hash<\/p>\n<p>Runtz, la vari\u00e9t\u00e9 branch\u00e9e de la famille Cookies, est un croisement entre Zkittlez et Gelato qui est rare et recherch\u00e9. C\u00e9l\u00e8bre pour son profil incroyablement fruit\u00e9 qui sent comme un sac de bonbons, la vari\u00e9t\u00e9 a des bourgeons imbib\u00e9s de r\u00e9sine dont la couleur varie du violet riche au vert citron. Runtz est \u00e9galement connue pour sa fum\u00e9e cr\u00e9meuse, douce et invitante<\/p>\n<p>aux c\u00f4t\u00e9s d'un high euphorique et \u00e9difiant qui dure des heures. Acheter de l'herbe en ligne en Europe<\/p>\n<h2>Acheter Runtz Weed en ligne<\/h2>\n<h4>Hybride \u00e0 dominance Indica \u2013 70 % Indica \/ 30 % Sativa<br \/>\nTHC: 13% &#8211; 15%<\/h4>\n<p>Achetez aussi Runtz <a href=\"https:\/\/runtzcartsdisposables.com\/index.php\/product\/blue-skittlez\/\">Zkittlez<\/a> est un m\u00e9lange \u00e0 dominance indica de Grape Ape et de Grapefruit crois\u00e9 avec une autre vari\u00e9t\u00e9 sans nom pour cr\u00e9er ce cannabis au bonbon, \u00e9lev\u00e9 par 3rd Gen Family et Terp Hogs. Cette combinaison prim\u00e9e a remport\u00e9 la 1\u00e8re place \u00e0 l'Emerald Cup 2016 et la 1\u00e8re place indica aux Cannabis Cups 2015 \u00e0 San Francisco et au Michigan. Les gros colas explosent dans un spectre de teintes vertes brillantes et d\u00e9gagent un doux m\u00e9lange tropical de saveurs de fruits. Les effets de Zkittlez sont \u00e9tonnamment \u00e9difiants pour une indica, laissant les utilisateurs concentr\u00e9s, \u00e9veill\u00e9s et heureux tout en relaxant le corps pour se d\u00e9tendre \u00e0 tout moment de la journ\u00e9e.<\/p>\n<h3>Acheter du cannabis Zkittlez en ligne<\/h3>\n<p>Francisco et Michigan. Les gros colas explosent dans un spectre de teintes vertes vives et \u00e9mettent.buy Fire OG<\/p>\n<p>un doux m\u00e9lange tropical de saveurs de fruits. L'effet de Zkittlez est incroyablement stimulant et relaxant pour une indica<\/p>\n<p>Les consommateurs restent concentr\u00e9s, \u00e9veill\u00e9s et heureux tout en relaxant le corps pour se d\u00e9tendre \u00e0 tout moment de la journ\u00e9e. Acheter Runtz Weed en ligne<\/p>\n<p>&nbsp;<\/p>\n<p>&nbsp;<\/p>\n<p>&nbsp;<\/p>","protected":false},"excerpt":{"rendered":"<p>Runtz Weed Online kaufen Buy Runtz weed Online, Zkittlez ist eine Indica-dominante Mischung aus Grape Ape und Grapefruit, die mit einer anderen gekreuzt wurde, um dieses Cannabis mit S\u00fc\u00dfigkeitengeschmack zu produzieren, das von 3rd Gen Family und Terp Hogs gez\u00fcchtet wurde. Diese preis- die siegreiche Kombination belegte den 1. Platz beim Emerald Cup 2016 und [&hellip;]<\/p>\n","protected":false},"featured_media":695,"comment_status":"open","ping_status":"closed","template":"","meta":{"_monsterinsights_skip_tracking":false,"_monsterinsights_sitenote_active":false,"_monsterinsights_sitenote_note":"","_monsterinsights_sitenote_category":0},"product_cat":[126,245,351],"product_tag":[],"_links":{"self":[{"href":"https:\/\/runtzcartsdisposables.com\/fr\/wp-json\/wp\/v2\/product\/694"}],"collection":[{"href":"https:\/\/runtzcartsdisposables.com\/fr\/wp-json\/wp\/v2\/product"}],"about":[{"href":"https:\/\/runtzcartsdisposables.com\/fr\/wp-json\/wp\/v2\/types\/product"}],"replies":[{"embeddable":true,"href":"https:\/\/runtzcartsdisposables.com\/fr\/wp-json\/wp\/v2\/comments?post=694"}],"wp:featuredmedia":[{"embeddable":true,"href":"https:\/\/runtzcartsdisposables.com\/fr\/wp-json\/wp\/v2\/media\/695"}],"wp:attachment":[{"href":"https:\/\/runtzcartsdisposables.com\/fr\/wp-json\/wp\/v2\/media?parent=694"}],"wp:term":[{"taxonomy":"product_cat","embeddable":true,"href":"https:\/\/runtzcartsdisposables.com\/fr\/wp-json\/wp\/v2\/product_cat?post=694"},{"taxonomy":"product_tag","embeddable":true,"href":"https:\/\/runtzcartsdisposables.com\/fr\/wp-json\/wp\/v2\/product_tag?post=694"}],"curies":[{"name":"wp","href":"https:\/\/api.w.org\/{rel}","templated":true}]}}