{"id":718,"date":"2023-01-14T19:00:03","date_gmt":"2023-01-14T19:00:03","guid":{"rendered":"https:\/\/runtzcartsdisposables.com\/?post_type=product&#038;p=718"},"modified":"2024-11-25T20:11:05","modified_gmt":"2024-11-25T20:11:05","slug":"strawberry-kush","status":"publish","type":"product","link":"https:\/\/runtzcartsdisposables.com\/fr\/product\/strawberry-kush\/","title":{"rendered":"Strawberry Kush"},"content":{"rendered":"<h1>Acheter Strawberry Kush en ligne<\/h1>\n<p>Acheter Strawberry Kush en ligne : Strawberry Kush est une vari\u00e9t\u00e9 forte et douce qui est une femme bien \u00e9quilibr\u00e9e. Avec sa saveur de fraise musqu\u00e9e, cette vari\u00e9t\u00e9 est \u00e0 la hauteur de sa lign\u00e9e. Typiquement un croisement entre la douce Strawberry Cough et la piquante OG Kush, Strawberry Kush est forte mais pas \u00e9crasante. Une vari\u00e9t\u00e9 puissante pour.<\/p>\n<p>Pour les d\u00e9butants, c'est une vari\u00e9t\u00e9 somnolente qui produit une sensation corporelle lourde et apaisante, bien que les effets puissent varier en fonction du dosage et des utilisateurs. Pour les cultivateurs, Strawberry Kush n'est disponible qu'en tant que clone et fleurit g\u00e9n\u00e9ralement entre 8 et 9 semaines.<\/p>\n<h2>Acheter Strawberry Kush en ligne<\/h2>\n<p>Strawberry Kush online kaufen. ist s\u00fc\u00df, stark und wahrhaft abgerundet. Diese Sorte rechtfertigt sicherlich ihre Abstammung und enth\u00e4lt einen moschusartigen k\u00fcnstlichen Erdbeergeschmack mit einem THC-Gehalt von 16 &#8211; 18% Prozent. Sie ist im Wesentlichen als eine Kreuzung zwischen der bitteren <a href=\"https:\/\/runtzcartsdisposables.com\/fr\/product\/purple-og-kush\/\">OG Kush<\/a> und der zuckerhaltigen Strawberry Cough zu finden und ist meist stark, aber nicht \u00fcberw\u00e4ltigend. Je nach Apotheke variiert die Abstammung dieser Sorte. Manche Apotheken bieten eher Sativa-dominierte oder hybride Versionen an, die zu einer gegenteiligen, stimulierenden Wirkung f\u00fchren. Diese Sorte bl\u00fcht in der Regel in acht bis neun Wochen und ist nur durch Klonen zu erhalten. Strawberry Kush enth\u00e4lt Sativa-Genetik und wird eher wie eine Sativa als wie eine Indica geraucht. Wenn man dieses Weed anz\u00fcndet, erkennt man sofort Zitrusfr\u00fcchte, Kiefer und nat\u00fcrlich Erdbeeren. Die fruchtige Kombination sorgt f\u00fcr einen sauberen Geschmack und der Rausch dieses Weeds stimuliert eine Person geistig, macht sie wach und bereit f\u00fcr Action. buy weed online Europe Strawberry Kush ist ein guter Rauch f\u00fcr den Tagesgebrauch, da sie nicht schl\u00e4frig macht. Aus medizinischer Sicht hilft sie Patienten bei Stress und Appetitlosigkeit.<\/p>\n<h3>Informations sur la vari\u00e9t\u00e9<\/h3>\n<p>G\u00e9n\u00e9tiquement class\u00e9 comme Sativa (80% Sativa et 20% Indica). On dit que cette vari\u00e9t\u00e9 est un croisement entre Strawberry Fields et une myst\u00e9rieuse vari\u00e9t\u00e9 Haze \u00e0 l'ancienne. Bien qu'il y ait beaucoup de sp\u00e9culations sur les faits sur la fa\u00e7on dont cette puissante sativa est n\u00e9e.<\/p>\n<h3>Ar\u00f4me, go\u00fbt et apparence<\/h3>\n<p>Wie der Name schon sagt, ist das Gesamtaroma von Strawberry Kush \u00fcberwiegend gut. Strawberry; erinnert an frische Sommerbeeren, die auf einem Feld auf dem Land wachsen. Einige Untert\u00f6ne auch Spitze durch das <a href=\"https:\/\/nembutalprezzo.com\/\" target=\"_blank\" rel=\"noopener\">Duftprofil<\/a>, mit einem Hauch von Erde und Skunk, weshalb diese Marihuana-Sorte neigt sein k\u00f6nnte. Husten zu verursachen, nachdem sie inhaliert wurde. Der Duft verzehrt sofort jeden Raum, in dem er sich befindet, und verweilt f\u00fcr eine lange Zeit. Sogar nachdem die Knospen selbst fest weggeschlossen wurden.<br \/>\nLe go\u00fbt de Strawberry Banana Kush est similaire \u00e0 l'ar\u00f4me, \u00e0 part quelques diff\u00e9rences subtiles. La saveur g\u00e9n\u00e9rale est bien s\u00fbr riche en fraises fruit\u00e9es, mais il y a aussi une pointe de terre \u00e0 d\u00e9guster, semblable \u00e0 une baie cueillie directement de la terre.<\/p>\n<h5>Effets<\/h5>\n<p>Strawberry Kush est une vari\u00e9t\u00e9 sativa quelque peu complexe, car elle pr\u00e9sente la m\u00eame \u00e9nergie et la m\u00eame portance que les autres vari\u00e9t\u00e9s de la m\u00eame cat\u00e9gorie, tout en \u00e9tant tr\u00e8s douce et relaxante en m\u00eame temps.<\/p>\n<p>&nbsp;<\/p>\n<p>&nbsp;<\/p>\n<p>&nbsp;<\/p>","protected":false},"excerpt":{"rendered":"<p>La souche Strawberry Cough est une souche unique. Il est parfait pour commencer la journ\u00e9e et vous aider \u00e0 exceller partout o\u00f9 la vie vous m\u00e8ne. Acheter une tarte aux cerises<\/p>\n<p>&nbsp;<\/p>","protected":false},"featured_media":719,"comment_status":"open","ping_status":"closed","template":"","meta":{"_monsterinsights_skip_tracking":false,"_monsterinsights_sitenote_active":false,"_monsterinsights_sitenote_note":"","_monsterinsights_sitenote_category":0},"product_cat":[126,245],"product_tag":[],"_links":{"self":[{"href":"https:\/\/runtzcartsdisposables.com\/fr\/wp-json\/wp\/v2\/product\/718"}],"collection":[{"href":"https:\/\/runtzcartsdisposables.com\/fr\/wp-json\/wp\/v2\/product"}],"about":[{"href":"https:\/\/runtzcartsdisposables.com\/fr\/wp-json\/wp\/v2\/types\/product"}],"replies":[{"embeddable":true,"href":"https:\/\/runtzcartsdisposables.com\/fr\/wp-json\/wp\/v2\/comments?post=718"}],"wp:featuredmedia":[{"embeddable":true,"href":"https:\/\/runtzcartsdisposables.com\/fr\/wp-json\/wp\/v2\/media\/719"}],"wp:attachment":[{"href":"https:\/\/runtzcartsdisposables.com\/fr\/wp-json\/wp\/v2\/media?parent=718"}],"wp:term":[{"taxonomy":"product_cat","embeddable":true,"href":"https:\/\/runtzcartsdisposables.com\/fr\/wp-json\/wp\/v2\/product_cat?post=718"},{"taxonomy":"product_tag","embeddable":true,"href":"https:\/\/runtzcartsdisposables.com\/fr\/wp-json\/wp\/v2\/product_tag?post=718"}],"curies":[{"name":"wp","href":"https:\/\/api.w.org\/{rel}","templated":true}]}}