{"id":724,"date":"2023-01-14T19:05:55","date_gmt":"2023-01-14T19:05:55","guid":{"rendered":"https:\/\/runtzcartsdisposables.com\/?post_type=product&#038;p=724"},"modified":"2024-11-25T20:11:04","modified_gmt":"2024-11-25T20:11:04","slug":"wedding-cake","status":"publish","type":"product","link":"https:\/\/runtzcartsdisposables.com\/fr\/product\/wedding-cake\/","title":{"rendered":"Wedding Cake"},"content":{"rendered":"<h1>Acheter un g\u00e2teau de mariage en ligneAcheter un g\u00e2teau de mariage en ligne<\/h1>\n<p>Acheter un g\u00e2teau de mariage en ligne. Selon le s\u00e9lectionneur Seed Junky Genetics, Wedding Cake, \u00e9galement connue sous le nom de Pink Cookies, est un ph\u00e9notype Triangle Mints. Riche en terre \u00e9pic\u00e9e, douce et poivr\u00e9e, cette d\u00e9licieuse friandise prend des notes et des dimensions<\/p>\n<p>De sa filiation OG. Savourez cette double dose de d\u00e9lice dense avec prudence, car certaines fermes ont not\u00e9 ses niveaux de THC extr\u00eamement \u00e9lev\u00e9s.<\/p>\n<p>La plupart des gens doivent se marier pour un g\u00e2teau de mariage aussi bon. Ne vous inqui\u00e9tez pas pour la paperasse, nous avons ce qu'il vous faut.<\/p>\n<p>Le g\u00e2teau de mariage est plus qu'une g\u00e2terie sucr\u00e9e; c'est un hybride \u00e9quilibr\u00e9 qui excite les sens. Wedding Cake, \u00e9galement connu sous le nom de Pink Cookies, est un d\u00e9licieux croisement entre Cherry Pie et Girl Scout Cookies. Si vous ne connaissez pas encore l'un ou l'autre, alors vous devriez assister \u00e0 la prochaine soir\u00e9e des parents.<\/p>\n<h2>Acheter un g\u00e2teau de mariage en ligneAcheter un g\u00e2teau de mariage en ligne<\/h2>\n<p>Pink Cookies est un hybride descendant de la lign\u00e9e Girl Scout Cookies en termes de structure de bourgeons. Les bourgeons denses sont dens\u00e9ment emball\u00e9s et couverts de poils orange. Un regard sur le bourgeon et vous savez que c'est une vari\u00e9t\u00e9 de qualit\u00e9 sup\u00e9rieure.<\/p>\n<p>Si le cannabis avait un panth\u00e9on des saveurs, Wedding Cake serait sans aucun doute l\u00e0-dedans. La vari\u00e9t\u00e9 tire son nom de sa saveur unique qui rappelle davantage un dessert que le cannabis. Un fort ar\u00f4me fruit\u00e9 et sucr\u00e9 enveloppe la langue d\u00e8s la premi\u00e8re bouff\u00e9e. La fum\u00e9e contient \u00e9galement une vague touche de poivre terreux, mais elle ne correspond pas tout \u00e0 fait aux saveurs dominantes. Certains utilisateurs peuvent trouver la fum\u00e9e un peu dure, mais la saveur et la texture compensent tous les points n\u00e9gatifs.<\/p>\n<h3>G\u00e2teau de mariage Effets + Avantages<\/h3>\n<p>Wedding Cake est une vari\u00e9t\u00e9 quelque peu trompeuse. Certains la per\u00e7oivent plut\u00f4t comme un sournois, tandis que d'autres remarquent imm\u00e9diatement le fant\u00f4me. Pink Cookies est un booster de moment dans sa forme la plus pure. D\u00e8s le d\u00e9but de l'intoxication, la r\u00e9ponse des sens aux stimuli s'intensifie. Une promenade nocturne dans un parc devient une exp\u00e9rience plus riche. On peut remarquer que les feuilles tombent doucement des arbres \u00e0 l'approche de l'hiver. Ou les motifs des fleurs et comment elles r\u00e9agissent au soleil couchant ambr\u00e9. Vous remarquerez peut-\u00eatre m\u00eame le doux parfum d'un petit buisson de bleuets cach\u00e9 derri\u00e8re un ch\u00eane \u00e0 20 m\u00e8tres.<\/p>\n<p>Quel que soit le cadre, Wedding Cake a un effet profond sur les sens.<\/p>\n<p>Comme mentionn\u00e9 pr\u00e9c\u00e9demment, Pink Cookies a un statut de fluage potentiel. Mais une fois que le high entre en jeu, la lign\u00e9e indica devient \u00e9vidente. La s\u00e9dation impr\u00e8gne le corps, soulageant les tensions et relaxant les muscles raides. Le high physique coupl\u00e9 \u00e0 la stimulation c\u00e9r\u00e9brale produit un \u00e9tat euphorique qui dure quelques heures. Les utilisateurs ont tendance \u00e0 appr\u00e9cier les activit\u00e9s d'activation mentale telles que B. r\u00e9soudre des \u00e9nigmes, jouer de la musique, dessiner ou lire.<\/p>\n<p>Cependant, il est possible d'avoir trop d'une bonne chose. Une forte dose de Wedding Cake peut induire un \u00e9tat de somnolence.<\/p>\n<p>Pink Cookie lindert die Symptome von PTSD. Abgesehen von PTSD lindert die <a href=\"http:\/\/ketaminkaufenn.com\" target=\"_blank\" rel=\"noopener\">Sorte<\/a> in hohen Dosen chronische Schmerzen, Entz\u00fcndungen und Schlaflosigkeit. https:\/\/greensulotionweed.com\/product\/buy-purple-punch-online-uk\/<\/p>\n<p>Si votre stock manque d'une vari\u00e9t\u00e9 savoureuse haut de gamme, dites I Do to Wedding Cake. Tous les mariages ne sont pas faits pour durer, mais le coup de foudre est une autre histoire. https:\/\/greensulotionweed.com\/product\/buy-cbd-brownies-in-us\/<\/p>\n<p>Bis zu 23-25% THC<\/p>\n<p>&nbsp;<\/p>\n<p>Geschm\u00e4cker: S\u00fc\u00df, erdig, Vanille<\/p>\n<p>Wirkungen: Entspannend, Gl\u00fccklich, Euphorisch, Erhebend, Kreativ<\/p>\n<p>Bienfaits m\u00e9dicinaux : stress, d\u00e9pression, douleur, insomnie, perte d'app\u00e9tit<\/p>","protected":false},"excerpt":{"rendered":"<h3 style=\"text-align: center;\">Wedding Cake<\/h3>\n<hr \/>\n<p>Pink Cookies est un hybride qui tire son apparence de la ligne Girl Scout Cookies en termes de structure de bourgeons.<br \/>\nLes bourgeons denses sont dens\u00e9ment emball\u00e9s et couverts de poils orange. Un regard sur le bourgeon et vous savez que c'est une vari\u00e9t\u00e9 de premier ordre.<\/p>","protected":false},"featured_media":725,"comment_status":"open","ping_status":"closed","template":"","meta":{"_monsterinsights_skip_tracking":false,"_monsterinsights_sitenote_active":false,"_monsterinsights_sitenote_note":"","_monsterinsights_sitenote_category":0},"product_cat":[126,245],"product_tag":[],"_links":{"self":[{"href":"https:\/\/runtzcartsdisposables.com\/fr\/wp-json\/wp\/v2\/product\/724"}],"collection":[{"href":"https:\/\/runtzcartsdisposables.com\/fr\/wp-json\/wp\/v2\/product"}],"about":[{"href":"https:\/\/runtzcartsdisposables.com\/fr\/wp-json\/wp\/v2\/types\/product"}],"replies":[{"embeddable":true,"href":"https:\/\/runtzcartsdisposables.com\/fr\/wp-json\/wp\/v2\/comments?post=724"}],"wp:featuredmedia":[{"embeddable":true,"href":"https:\/\/runtzcartsdisposables.com\/fr\/wp-json\/wp\/v2\/media\/725"}],"wp:attachment":[{"href":"https:\/\/runtzcartsdisposables.com\/fr\/wp-json\/wp\/v2\/media?parent=724"}],"wp:term":[{"taxonomy":"product_cat","embeddable":true,"href":"https:\/\/runtzcartsdisposables.com\/fr\/wp-json\/wp\/v2\/product_cat?post=724"},{"taxonomy":"product_tag","embeddable":true,"href":"https:\/\/runtzcartsdisposables.com\/fr\/wp-json\/wp\/v2\/product_tag?post=724"}],"curies":[{"name":"wp","href":"https:\/\/api.w.org\/{rel}","templated":true}]}}