{"id":736,"date":"2023-01-14T19:17:05","date_gmt":"2023-01-14T19:17:05","guid":{"rendered":"https:\/\/runtzcartsdisposables.com\/?post_type=product&#038;p=736"},"modified":"2024-11-25T20:11:00","modified_gmt":"2024-11-25T20:11:00","slug":"white-cherry-gelato-2","status":"publish","type":"product","link":"https:\/\/runtzcartsdisposables.com\/fr\/product\/white-cherry-gelato-2\/","title":{"rendered":"white cherry gelato"},"content":{"rendered":"<h1>Acheter White Cherry Gelato en Australie<\/h1>\n<p>Achetez de la glace \u00e0 la cerise blanche en Australie. qui a gagn\u00e9 en popularit\u00e9 ces derni\u00e8res ann\u00e9es. Avec leur odeur et leur go\u00fbt de beurre de cacahu\u00e8te. La plupart des fumeurs ont admir\u00e9 et recommand\u00e9 la vari\u00e9t\u00e9 White Cherry Gelato. Avec un tel go\u00fbt, vous ne serez jamais satisfait de votre dosage. White Cherry Gelato est \u00e9galement une autre excellente vari\u00e9t\u00e9 de la famille Cherry. Il n'est pas exag\u00e9r\u00e9 de dire que c'est l'une des meilleures vari\u00e9t\u00e9s hybrides\/exotiques. Comme son nom l'indique, cette vari\u00e9t\u00e9 a une douce saveur de sorbet qui rappelle toujours le blanc et les myrtilles. Il a \u00e9galement un go\u00fbt bois\u00e9. Achetez White Cherry Gelato en ligne. Achetez des champignons magiques cubains en ligne.<\/p>\n<p>Cette vari\u00e9t\u00e9 provient de la lign\u00e9e de Sunset Sorbet, Thin Mint Girl Scout Cookies et Lemon Haze. Par cons\u00e9quent, leur go\u00fbt et leur odeur sont si vari\u00e9s et d\u00e9licieux. Quelle vari\u00e9t\u00e9 merveilleuse avec tant de belles propri\u00e9t\u00e9s.buyPluto Cookies<\/p>\n<h2>Acheter White Cherry Gelato en Australie<\/h2>\n<p>Kaufen Sie wei\u00dfe Kirsche Gelato in Australien. Wenn sie unter g\u00fcnstigen Bedingungen kultiviert wird, wird eine Charge White Cherry-Gelato Nuggets mit tiefem Gr\u00fcn produzieren. An den Spitzen werden sie zum Stiel hin heller und weisen eine leichte Trichomisierung auf. White Cherry-Gelato hat einen THC-Gehalt von etwa 23-25%. Mit diesem hohen THC-Gehalt ist diese Sorte daf\u00fcr bekannt, dass sie zur L\u00f6sung vieler gesundheitlicher Probleme eingesetzt wird. Zu diesen gesundheitlichen Problemen, die durch das Rauchen von Lemon Cherry Gelato gel\u00f6st werden, geh\u00f6ren Kopfschmerzen, K\u00f6rperschmerzen und M\u00fcdigkeit. Kaufen White Runtz in Seattle Es hilft auch, in Entspannung, Ruhe und Frieden zu fr\u00f6nen, wenn Sie es versuchen. kaufen Chapo Cookies<\/p>\n<p>Name der Sorte: White Cherry-Gelato.<\/p>\n<p>Geschm\u00e4cker: Zitrone, Zitrusfr\u00fcchte, S\u00fc\u00df.<\/p>\n<p>Wirkungen: Gl\u00fccklich, Aufgeputscht, Euphorisch, Energetisch, Entspannend. MoneyBagg Runtz in Dammam <a href=\"http:\/\/ketaminkaufenn.com\" target=\"_blank\" rel=\"noopener\">kaufen<\/a><\/p>\n<p>Usages m\u00e9dicinaux Stress, d\u00e9pression, douleur, fatigue, maux de t\u00eate. Champignon magique Big Mex en ligne aux \u00c9tats-Unis.<\/p>\n<p>Kaufen Sie White Cherry-Gelato, Nachdem Sie all dies \u00fcber diese wunderbare Sorte gelesen haben, warum wollen Sie sie nicht ausprobieren? Ja, nat\u00fcrlich, werfen Sie einen Blick auf die Nugs und holen Sie sich. <a href=\"https:\/\/runtzcartsdisposables.com\/fr\/\">Wo kann man in Europa Gras online kaufen<\/a>?<\/p>\n<p>&nbsp;<\/p>\n<p>&nbsp;<\/p>\n<p>&nbsp;<\/p>","protected":false},"excerpt":{"rendered":"<h3 style=\"text-align: center;\">White cherry gelato<\/h3>\n<hr \/>\n<p>Lorsqu'il est cultiv\u00e9 dans des conditions favorables, un lot de White Cherry Gelato produira des bourgeons vert fonc\u00e9. A leurs pointes qui s'\u00e9claircissent vers la tige et une l\u00e9g\u00e8re pollinisation des trichomes. White Cherry Gelato a un niveau de THC d'environ 23-25 \u200b\u200b%. Avec des niveaux de THC aussi \u00e9lev\u00e9s, cette vari\u00e9t\u00e9 est connue pour \u00eatre utilis\u00e9e pour r\u00e9soudre de nombreux probl\u00e8mes de sant\u00e9<\/p>\n<p>&nbsp;<\/p>","protected":false},"featured_media":737,"comment_status":"open","ping_status":"closed","template":"","meta":{"_monsterinsights_skip_tracking":false,"_monsterinsights_sitenote_active":false,"_monsterinsights_sitenote_note":"","_monsterinsights_sitenote_category":0},"product_cat":[126,245,351],"product_tag":[],"_links":{"self":[{"href":"https:\/\/runtzcartsdisposables.com\/fr\/wp-json\/wp\/v2\/product\/736"}],"collection":[{"href":"https:\/\/runtzcartsdisposables.com\/fr\/wp-json\/wp\/v2\/product"}],"about":[{"href":"https:\/\/runtzcartsdisposables.com\/fr\/wp-json\/wp\/v2\/types\/product"}],"replies":[{"embeddable":true,"href":"https:\/\/runtzcartsdisposables.com\/fr\/wp-json\/wp\/v2\/comments?post=736"}],"wp:featuredmedia":[{"embeddable":true,"href":"https:\/\/runtzcartsdisposables.com\/fr\/wp-json\/wp\/v2\/media\/737"}],"wp:attachment":[{"href":"https:\/\/runtzcartsdisposables.com\/fr\/wp-json\/wp\/v2\/media?parent=736"}],"wp:term":[{"taxonomy":"product_cat","embeddable":true,"href":"https:\/\/runtzcartsdisposables.com\/fr\/wp-json\/wp\/v2\/product_cat?post=736"},{"taxonomy":"product_tag","embeddable":true,"href":"https:\/\/runtzcartsdisposables.com\/fr\/wp-json\/wp\/v2\/product_tag?post=736"}],"curies":[{"name":"wp","href":"https:\/\/api.w.org\/{rel}","templated":true}]}}