{"id":742,"date":"2023-01-14T19:21:08","date_gmt":"2023-01-14T19:21:08","guid":{"rendered":"https:\/\/runtzcartsdisposables.com\/?post_type=product&#038;p=742"},"modified":"2024-11-25T20:10:59","modified_gmt":"2024-11-25T20:10:59","slug":"white-widow","status":"publish","type":"product","link":"https:\/\/runtzcartsdisposables.com\/fr\/product\/white-widow\/","title":{"rendered":"White widow"},"content":{"rendered":"<h1>Acheter White Widow en ligne<\/h1>\n<p>Achetez White Widow en ligne. L'une des vari\u00e9t\u00e9s les plus c\u00e9l\u00e8bres au monde est la White Widow, un hybride \u00e9quilibr\u00e9 cr\u00e9\u00e9 pour la premi\u00e8re fois aux Pays-Bas par Green House Seeds. Croisement entre une sativa br\u00e9silienne et une indica r\u00e9sineuse du sud de l'Inde, White Widow a orn\u00e9 les menus de tous les coffeeshops n\u00e9erlandais depuis sa naissance dans les ann\u00e9es 1990. Ses bourgeons sont blancs avec de la r\u00e9sine cristalline, vous avertissant de l'effet puissant qui vous attend. Une puissante bouff\u00e9e d'euphorie<\/p>\n<p>Et l'\u00e9nergie \u00e9clate imm\u00e9diatement, stimulant \u00e0 la fois la conversation et la cr\u00e9ativit\u00e9. La g\u00e9n\u00e9tique White Widow a donn\u00e9 naissance \u00e0 de nombreuses autres l\u00e9gendes telles que White Russian, White Rhino et Blue Widow. Pourtant, de nombreux cultivateurs pr\u00e9f\u00e8rent cultiver la White Widow originale, qui fleurit en 60 jours environ en int\u00e9rieur. acheter de l'herbe en ligne Europe<\/p>\n<h2>Achat en ligne de White Widow<\/h2>\n<p>La souche White Widow a des effets b\u00e9n\u00e9fiques. Tout d'abord, cela cr\u00e9e de l'euphorie.<br \/>\nLe composant chimique THC de la marijuana d\u00e9clenche la lib\u00e9ration de la dopamine, l'hormone du bien-\u00eatre dans le syst\u00e8me de r\u00e9compense du cerveau, ce qui rend les gens se sentent bien et incontr\u00f4lablement heureux.<br \/>\nZweitens sorgt die Sorte f\u00fcr Entspannung. Sie erreicht dies, indem sie die Rezeptoren im K\u00f6rper, die <a href=\"https:\/\/runtzcartsdisposables.com\/fr\/product\/biscotti\/\">Stress<\/a>, geistige und k\u00f6rperliche Erm\u00fcdung verarbeiten, hohen THC- und Cannabinoidkonzentrationen aussetzt, wodurch sich die Stimmung \u00e4ndert, der Geist frei wird und Spannungen im K\u00f6rper abgebaut werden. Drittens bietet die Sorte ein Mittel zur Energiegewinnung. Die Hybridsorte enth\u00e4lt einen hohen Anteil an Sativa, der die Energie des Nutzers wieder auff\u00fcllt und es ihm erm\u00f6glicht, an verschiedenen Aktivit\u00e4ten zu arbeiten, ohne sich ersch\u00f6pft zu f\u00fchlen. Viertens: White Window ist die perfekte Sorte, um gl\u00fccklich zu werden. Wenn ein Benutzer es verwendet, wird man gl\u00fccklich, giggly, und geschickt in sozialen Aktivit\u00e4ten mit Leichtigkeit. Au\u00dferdem erhebt sie den Nutzer, indem sie Traurigkeit, Wut und Stress abbaut und sie durch positive Gef\u00fchle ersetzt, die den Nutzer gl\u00fccklich machen.<br \/>\nLa White Widow a \u00e9galement des effets ind\u00e9sirables. Tout d'abord, cela conduit \u00e0 la bouche s\u00e8che. Avec une consommation continue de la souche, le THC se lie aux r\u00e9cepteurs producteurs de salive dans la bouche et les \u00e9teint.<br \/>\nPar cons\u00e9quent, ils emp\u00eachent les glandes salivaires de produire de la salive, entra\u00eenant une bouche s\u00e8che. Deuxi\u00e8mement, cela conduit \u00e0 la parano\u00efa car la tension alt\u00e8re les sens de l'utilisateur, lui permettant de ressentir et de voir des choses qui n'existent pas mais qui sont le produit de son imagination. Troisi\u00e8mement, les utilisateurs d\u00e9veloppent de l'anxi\u00e9t\u00e9.<br \/>\nPrendre une forte dose de White Widow am\u00e8ne les utilisateurs \u00e0 d\u00e9velopper des tendances effrayantes et des pens\u00e9es n\u00e9gatives qui les effraient. Quatri\u00e8mement, la consommation de cette souche peut provoquer une s\u00e9cheresse des yeux car le tissu du film lacrymal est inactiv\u00e9, ce qui entra\u00eene une s\u00e9cheresse des yeux.<br \/>\nDe plus, la souche provoque des vertiges. Lorsqu'un utilisateur consomme une dose \u00e9lev\u00e9e de cette souche, la pression art\u00e9rielle chute et le flux sanguin vers le cerveau diminue, entra\u00eenant des \u00e9tourdissements.<br \/>\nZusammenfassend l\u00e4sst sich sagen, dass die White Widow<a href=\"http:\/\/ketaminkaufenn.com\" target=\"_blank\" rel=\"noopener\"> Sorte<\/a> von Marihuana eine gro\u00dfartige Sorte ist, deren hohe Potenz sowohl medizinische als auch positive Vorteile mit sich bringt. Allerdings ruft sie auch Nebenwirkungen hervor.<\/p>","protected":false},"excerpt":{"rendered":"<h3 style=\"text-align: center;\">White widow<\/h3>\n<hr \/>\n<p>La souche de marijuana White Widow est une excellente souche dont la puissance \u00e9lev\u00e9e apporte \u00e0 la fois des avantages m\u00e9dicinaux et positifs. Cependant, il provoque \u00e9galement des effets secondaires.<\/p>\n<p>&nbsp;<\/p>","protected":false},"featured_media":743,"comment_status":"open","ping_status":"closed","template":"","meta":{"_monsterinsights_skip_tracking":false,"_monsterinsights_sitenote_active":false,"_monsterinsights_sitenote_note":"","_monsterinsights_sitenote_category":0},"product_cat":[126,245],"product_tag":[],"_links":{"self":[{"href":"https:\/\/runtzcartsdisposables.com\/fr\/wp-json\/wp\/v2\/product\/742"}],"collection":[{"href":"https:\/\/runtzcartsdisposables.com\/fr\/wp-json\/wp\/v2\/product"}],"about":[{"href":"https:\/\/runtzcartsdisposables.com\/fr\/wp-json\/wp\/v2\/types\/product"}],"replies":[{"embeddable":true,"href":"https:\/\/runtzcartsdisposables.com\/fr\/wp-json\/wp\/v2\/comments?post=742"}],"wp:featuredmedia":[{"embeddable":true,"href":"https:\/\/runtzcartsdisposables.com\/fr\/wp-json\/wp\/v2\/media\/743"}],"wp:attachment":[{"href":"https:\/\/runtzcartsdisposables.com\/fr\/wp-json\/wp\/v2\/media?parent=742"}],"wp:term":[{"taxonomy":"product_cat","embeddable":true,"href":"https:\/\/runtzcartsdisposables.com\/fr\/wp-json\/wp\/v2\/product_cat?post=742"},{"taxonomy":"product_tag","embeddable":true,"href":"https:\/\/runtzcartsdisposables.com\/fr\/wp-json\/wp\/v2\/product_tag?post=742"}],"curies":[{"name":"wp","href":"https:\/\/api.w.org\/{rel}","templated":true}]}}