{"id":748,"date":"2023-01-14T19:24:15","date_gmt":"2023-01-14T19:24:15","guid":{"rendered":"https:\/\/runtzcartsdisposables.com\/?post_type=product&#038;p=748"},"modified":"2024-11-25T20:10:58","modified_gmt":"2024-11-25T20:10:58","slug":"your-highness","status":"publish","type":"product","link":"https:\/\/runtzcartsdisposables.com\/fr\/product\/your-highness\/","title":{"rendered":"your highness"},"content":{"rendered":"<h1>Achetez la vari\u00e9t\u00e9 de marijuana de Son Altesse en G\u00e9orgie<\/h1>\n<p>Kaufen Sie Your Highness Marihuana Strain in Georgien. Royal Highness ist eine preisgekr\u00f6nte Sorte von Royal Queen Seeds, die aus zwei sehr gefragten Sorten hervorgegangen ist. Sie fegt mit einem zerebralen Rausch durch den Raum und liefert so brillante Aromen, dass man sich zwischen den Z\u00fcgen nach ihnen sehnt. Dieser Sativa-dominante Hybrid, der beim Colorado Cannabis Cup 2016 den 3. Platz im Wettbewerb um die beste <a href=\"https:\/\/runtzcartsdisposables.com\/fr\/product\/florida-cake-jungleboys-kaufen\/\">CBD<\/a>-Bl\u00fcte belegte, steht seinen kultigen Eltern Dance Hall und Respect in Sachen Intensit\u00e4t und Wirkung in nichts nach. Kubanische Magic Mushrooms online kaufen<a href=\"https:\/\/kokaindrogekaufen.com\/\" target=\"_blank\" rel=\"noopener\">.<\/a><\/p>\n<p>your highness Mit einem THC-Gehalt von etwa 14% ist dieses High ausgewogen in seinen entspannenden Qualit\u00e4ten und seiner F\u00e4higkeit, den Geist anzuregen. Diese waldgr\u00fcnen Nuggets bieten einen s\u00fc\u00dfen Geruch von Fr\u00fcchten und Erde mit einem leichten Hauch von Stinktier, w\u00e4hrend der Geschmack Gaumen verl\u00e4sst sich mehr auf die Heidelbeere Aromen mit s\u00fc\u00dfen Baumfr\u00fcchten Untert\u00f6ne. Die reichen lila Untert\u00f6nen und voller Zuckerguss von Lavendel Trichomen machen diese Knospe erscheinen so fruchtig wie es riecht.kaufen Lpsc X Km 24<\/p>\n<h2>Achetez la vari\u00e9t\u00e9 de marijuana de Son Altesse en G\u00e9orgie<\/h2>","protected":false},"excerpt":{"rendered":"<h2 style=\"text-align: center;\">Your highness<\/h2>\n<hr \/>\n<p>Royal Highness est une t\u00eate prim\u00e9e de Royal Queen Seeds qui balaie la pi\u00e8ce avec un high c\u00e9r\u00e9bral, offrant des saveurs si brillantes que vous en aurez envie entre les bouff\u00e9es.<\/p>\n<p>&nbsp;<\/p>","protected":false},"featured_media":749,"comment_status":"open","ping_status":"closed","template":"","meta":{"_monsterinsights_skip_tracking":false,"_monsterinsights_sitenote_active":false,"_monsterinsights_sitenote_note":"","_monsterinsights_sitenote_category":0},"product_cat":[126,245,351],"product_tag":[202,343,344,347,348,349,350,345,346],"_links":{"self":[{"href":"https:\/\/runtzcartsdisposables.com\/fr\/wp-json\/wp\/v2\/product\/748"}],"collection":[{"href":"https:\/\/runtzcartsdisposables.com\/fr\/wp-json\/wp\/v2\/product"}],"about":[{"href":"https:\/\/runtzcartsdisposables.com\/fr\/wp-json\/wp\/v2\/types\/product"}],"replies":[{"embeddable":true,"href":"https:\/\/runtzcartsdisposables.com\/fr\/wp-json\/wp\/v2\/comments?post=748"}],"wp:featuredmedia":[{"embeddable":true,"href":"https:\/\/runtzcartsdisposables.com\/fr\/wp-json\/wp\/v2\/media\/749"}],"wp:attachment":[{"href":"https:\/\/runtzcartsdisposables.com\/fr\/wp-json\/wp\/v2\/media?parent=748"}],"wp:term":[{"taxonomy":"product_cat","embeddable":true,"href":"https:\/\/runtzcartsdisposables.com\/fr\/wp-json\/wp\/v2\/product_cat?post=748"},{"taxonomy":"product_tag","embeddable":true,"href":"https:\/\/runtzcartsdisposables.com\/fr\/wp-json\/wp\/v2\/product_tag?post=748"}],"curies":[{"name":"wp","href":"https:\/\/api.w.org\/{rel}","templated":true}]}}