{"id":777,"date":"2023-01-16T07:37:57","date_gmt":"2023-01-16T07:37:57","guid":{"rendered":"https:\/\/runtzcartsdisposables.com\/?post_type=product&#038;p=777"},"modified":"2024-11-25T20:10:53","modified_gmt":"2024-11-25T20:10:53","slug":"orangenkekse-jungleboys-kaufen","status":"publish","type":"product","link":"https:\/\/runtzcartsdisposables.com\/fr\/product\/orangenkekse-jungleboys-kaufen\/","title":{"rendered":"Orangenkekse Jungleboys kaufen"},"content":{"rendered":"<p>Orangenkekse Jungleboys kaufen- Jede Packung enth\u00e4lt eine gro\u00dfz\u00fcgige Menge an Keksen, die ideal zum Teilen <a href=\"https:\/\/hhcgraskaufen.com\/\" target=\"_blank\" rel=\"noopener\">mit<\/a> Freunden und Familie sind. Die hochwertigen Zutaten und die sorgf\u00e4ltige Herstellung machen diese Orangenkekse zu einem echten Genuss. Bestellen Sie noch heute Ihre Packung Jungleboys Orangenkekse und <a href=\"https:\/\/runtzcartsdisposables.com\/fr\/product\/white-widow\/\">genie\u00dfen<\/a> Sie den erfrischenden Geschmack von frischen Orangen in jedem Bissen.<\/p>","protected":false},"excerpt":{"rendered":"<h2 style=\"text-align: center;\">Orangenkekse Jungleboys kaufen<\/h2>\n<hr \/>\n<p>Apr\u00e8s plus d'une d\u00e9cennie de culture de cannabis, la seule chose qui a chang\u00e9 est l'installation dans laquelle nous cultivons. Cultivateurs pur-sang de Los Angeles, les Jungle Boys cultivent des t\u00eates propres et de qualit\u00e9 depuis le d\u00e9but des ann\u00e9es 2000 et se sont r\u00e9cemment \u00e9tendus aux extraits et \u00e0 la colophane.<\/p>","protected":false},"featured_media":778,"comment_status":"open","ping_status":"closed","template":"","meta":{"_monsterinsights_skip_tracking":false,"_monsterinsights_sitenote_active":false,"_monsterinsights_sitenote_note":"","_monsterinsights_sitenote_category":0},"product_cat":[126,352],"product_tag":[],"_links":{"self":[{"href":"https:\/\/runtzcartsdisposables.com\/fr\/wp-json\/wp\/v2\/product\/777"}],"collection":[{"href":"https:\/\/runtzcartsdisposables.com\/fr\/wp-json\/wp\/v2\/product"}],"about":[{"href":"https:\/\/runtzcartsdisposables.com\/fr\/wp-json\/wp\/v2\/types\/product"}],"replies":[{"embeddable":true,"href":"https:\/\/runtzcartsdisposables.com\/fr\/wp-json\/wp\/v2\/comments?post=777"}],"wp:featuredmedia":[{"embeddable":true,"href":"https:\/\/runtzcartsdisposables.com\/fr\/wp-json\/wp\/v2\/media\/778"}],"wp:attachment":[{"href":"https:\/\/runtzcartsdisposables.com\/fr\/wp-json\/wp\/v2\/media?parent=777"}],"wp:term":[{"taxonomy":"product_cat","embeddable":true,"href":"https:\/\/runtzcartsdisposables.com\/fr\/wp-json\/wp\/v2\/product_cat?post=777"},{"taxonomy":"product_tag","embeddable":true,"href":"https:\/\/runtzcartsdisposables.com\/fr\/wp-json\/wp\/v2\/product_tag?post=777"}],"curies":[{"name":"wp","href":"https:\/\/api.w.org\/{rel}","templated":true}]}}