{"id":78,"date":"2022-11-30T13:44:02","date_gmt":"2022-11-30T13:44:02","guid":{"rendered":"https:\/\/runtzcartsdisposables.com\/?post_type=product&#038;p=78"},"modified":"2024-11-25T20:13:12","modified_gmt":"2024-11-25T20:13:12","slug":"bubba-kush","status":"publish","type":"product","link":"https:\/\/runtzcartsdisposables.com\/fr\/product\/bubba-kush\/","title":{"rendered":"BUBBA KUSH"},"content":{"rendered":"<p>bubba kush est une vari\u00e9t\u00e9 indica connue pour ses puissants effets s\u00e9datifs aux \u00c9tats-Unis et ailleurs. \u00c0 l'expiration, de douces saveurs de haschisch avec de subtiles notes de chocolat et de caf\u00e9 ravissent le palais alors qu'une puissante relaxation prend le dessus. Les muscles se d\u00e9tendent avec une lourdeur de la t\u00eate aux pieds alors qu'une euphorie r\u00eaveuse recouvre l'esprit, \u00e9crasant le stress tout en contraignant les humeurs heureuses. Commander le prix de bubba kush maintenant<\/p>\n<p>Bubba\u2019s stocky plant stature and bulky bud structure indicate Afghani ancestry, but genetic origins are unknown. According to the breeder after whom this strain was named, it appeared shortly after 1996, when an OG Kush hybrid pollinated an unknown indica strain obtained in New Orleans<a href=\"https:\/\/ketaminkaufenn.com\/\" target=\"_blank\" rel=\"noopener\">.<\/a> Northern Lights was said to be the mother plant, but the genetically ambiguous indica was simply called \u201c Bubba. bubba kush price were affordable<\/p>\n<p>L'histoire g\u00e9n\u00e9tique de cette vari\u00e9t\u00e9 remonte aux montagnes de l'Hindu Kush, mais son histoire compl\u00e8te est presque inconnue en raison d'une documentation m\u00e9diocre. C'est 100 % indica, vous pouvez vous attendre \u00e0 un high corporel relaxant qui vous clouera au canap\u00e9. De nombreux patients pr\u00e9f\u00e8rent cette souche car elle peut aider \u00e0 lutter contre l'insomnie, la d\u00e9pression, le stress et\/ou le TDA\/TDAH.<\/p>\n<p>Bubba Kush, \u00e9galement connue sous le nom de \u00ab BK \u00bb, \u00ab Bubba \u00bb et \u00ab Bubba OG Kush \u00bb, est une vari\u00e9t\u00e9 de marijuana indica qui a acquis une notori\u00e9t\u00e9 aux \u00c9tats-Unis et au-del\u00e0 pour ses puissants effets tranquillisants. Des saveurs sucr\u00e9es de haschich avec des notes subtiles de chocolat et de caf\u00e9 se d\u00e9gagent \u00e0 l'expiration, ravissant le palais alors qu'une puissante relaxation prend le dessus. De la t\u00eate aux pieds, les muscles se d\u00e9tendent avec lourdeur alors qu'une euphorie r\u00eaveuse recouvre l'esprit, \u00e9crasant le stress tout en apportant une bonne humeur. Bubba Kush pr\u00e9sente une structure de bourgeons volumineuse et distinctive avec des teintes allant du vert for\u00eat au violet p\u00e2le.<\/p>","protected":false},"excerpt":{"rendered":"<h2 style=\"text-align: center;\">BUBBA KUSH<\/h2>\n<hr \/>\n<p>If you\u2019re looking for a sweet smoke that will relax you, bubba kush is the strain for you, bubba kush price is affordable by all. This strain\u2019s genetic history can be traced back to the Hindu Kush mountains, but its complete history is almost unknown due to poor documentation. it is 100 percent indica, you can expect a relaxing body high that will have you couch-locked. Many patients prefer this strain because bubba kush price is affordable ,it can help with insomnia, depression, stress, and\/or ADD\/<a href=\"https:\/\/runtzcartsdisposables.com\/fr\/product\/hawaiian-skunk\/\">ADHD<\/a>. Although it can help with a variety of ailments, it is not recommended for use during the day, unless you plan on sleeping the day away. When you smoke it, you will be greeted with an earthy and sweet flavor, as well as a piney scent. it has bright green and purple buds covered in amber hairs. Because of the abundance of trichomes, this strain is almost as sticky as bubblegum.<\/p>","protected":false},"featured_media":79,"comment_status":"open","ping_status":"closed","template":"","meta":{"_monsterinsights_skip_tracking":false,"_monsterinsights_sitenote_active":false,"_monsterinsights_sitenote_note":"","_monsterinsights_sitenote_category":0},"product_cat":[21],"product_tag":[22,23,24,25,26,27,28,29,30,31,32,33,34,35,36,37,38,39,40,41,42,43,44,45,46,47,48,49,50,51,52,53,54,55,56,57,58,59,60,61,62,63,64],"_links":{"self":[{"href":"https:\/\/runtzcartsdisposables.com\/fr\/wp-json\/wp\/v2\/product\/78"}],"collection":[{"href":"https:\/\/runtzcartsdisposables.com\/fr\/wp-json\/wp\/v2\/product"}],"about":[{"href":"https:\/\/runtzcartsdisposables.com\/fr\/wp-json\/wp\/v2\/types\/product"}],"replies":[{"embeddable":true,"href":"https:\/\/runtzcartsdisposables.com\/fr\/wp-json\/wp\/v2\/comments?post=78"}],"wp:featuredmedia":[{"embeddable":true,"href":"https:\/\/runtzcartsdisposables.com\/fr\/wp-json\/wp\/v2\/media\/79"}],"wp:attachment":[{"href":"https:\/\/runtzcartsdisposables.com\/fr\/wp-json\/wp\/v2\/media?parent=78"}],"wp:term":[{"taxonomy":"product_cat","embeddable":true,"href":"https:\/\/runtzcartsdisposables.com\/fr\/wp-json\/wp\/v2\/product_cat?post=78"},{"taxonomy":"product_tag","embeddable":true,"href":"https:\/\/runtzcartsdisposables.com\/fr\/wp-json\/wp\/v2\/product_tag?post=78"}],"curies":[{"name":"wp","href":"https:\/\/api.w.org\/{rel}","templated":true}]}}