{"id":788,"date":"2023-01-16T08:04:53","date_gmt":"2023-01-16T08:04:53","guid":{"rendered":"https:\/\/runtzcartsdisposables.com\/?post_type=product&#038;p=788"},"modified":"2024-11-25T20:10:49","modified_gmt":"2024-11-25T20:10:49","slug":"dr-zodiaks-moonrock-og-klares-kief","status":"publish","type":"product","link":"https:\/\/runtzcartsdisposables.com\/fr\/product\/dr-zodiaks-moonrock-og-klares-kief\/","title":{"rendered":"Dr. Zodiak&#8217;s Moonrock OG klares Kief"},"content":{"rendered":"<h2 style=\"text-align: center;\">Dr. Zodiak&#8217;s Moonrock OG klares Kief<\/h2>\n<hr \/>\n<h2 style=\"text-align: center;\"><\/h2>\n<p>Dr. Zodiak&#8217;s Moonrock OG clear kief is a premium cannabis product that offers a potent and flavorful experience. This high<a href=\"https:\/\/ketaminkaufenn.com\/\" target=\"_blank\" rel=\"noopener\">&#8211;<\/a>quality kief is made from the finest <a href=\"https:\/\/runtzcartsdisposables.com\/fr\/product\/xxx-og\/\">OG<\/a> flower, coated in clear distillate, and then rolled in golden kief. The result is a product that is not only visually stunning but also delivers a powerful high that is perfect for experienced cannabis enthusiasts.<\/p>","protected":false},"excerpt":{"rendered":"<p>docteur Zodiak lance l'Original Moonrock avec une fleur de marijuana indica de premi\u00e8re qualit\u00e9. Les bourgeons sont ensuite infus\u00e9s avec un distillat clair de haute qualit\u00e9, puis roul\u00e9s dans une sicdust savoureuse et ultra-puissante.<\/p>","protected":false},"featured_media":789,"comment_status":"open","ping_status":"closed","template":"","meta":{"_monsterinsights_skip_tracking":false,"_monsterinsights_sitenote_active":false,"_monsterinsights_sitenote_note":"","_monsterinsights_sitenote_category":0},"product_cat":[363],"product_tag":[373,370,371,372,368,369],"_links":{"self":[{"href":"https:\/\/runtzcartsdisposables.com\/fr\/wp-json\/wp\/v2\/product\/788"}],"collection":[{"href":"https:\/\/runtzcartsdisposables.com\/fr\/wp-json\/wp\/v2\/product"}],"about":[{"href":"https:\/\/runtzcartsdisposables.com\/fr\/wp-json\/wp\/v2\/types\/product"}],"replies":[{"embeddable":true,"href":"https:\/\/runtzcartsdisposables.com\/fr\/wp-json\/wp\/v2\/comments?post=788"}],"wp:featuredmedia":[{"embeddable":true,"href":"https:\/\/runtzcartsdisposables.com\/fr\/wp-json\/wp\/v2\/media\/789"}],"wp:attachment":[{"href":"https:\/\/runtzcartsdisposables.com\/fr\/wp-json\/wp\/v2\/media?parent=788"}],"wp:term":[{"taxonomy":"product_cat","embeddable":true,"href":"https:\/\/runtzcartsdisposables.com\/fr\/wp-json\/wp\/v2\/product_cat?post=788"},{"taxonomy":"product_tag","embeddable":true,"href":"https:\/\/runtzcartsdisposables.com\/fr\/wp-json\/wp\/v2\/product_tag?post=788"}],"curies":[{"name":"wp","href":"https:\/\/api.w.org\/{rel}","templated":true}]}}