{"id":794,"date":"2023-01-16T08:15:02","date_gmt":"2023-01-16T08:15:02","guid":{"rendered":"https:\/\/runtzcartsdisposables.com\/?post_type=product&#038;p=794"},"modified":"2024-11-25T20:10:45","modified_gmt":"2024-11-25T20:10:45","slug":"kurupt-moon-rock","status":"publish","type":"product","link":"https:\/\/runtzcartsdisposables.com\/fr\/product\/kurupt-moon-rock\/","title":{"rendered":"Kurupt Moon Rock"},"content":{"rendered":"<h1 style=\"text-align: center;\"><span style=\"color: #ff6600;\">Kurupt Moon Rock online kaufen Europa<\/span><\/h1>\n<p>Kurupt Moon Rock online kaufen Europa, eine Art Marihuana, stammt nicht von einer bestimmten Cannabissorte, sondern ist eine Kombination aus einer potenten Cannabissorte, die als Girl Scout Cookies bekannt ist, die in Haschisch\u00f6l getaucht und mit Kief (Harze von Cannabispflanzen) bestreut werden. Dies f\u00fchrt zu einem dramatischen Anstieg des Wirkstoffs in Cannabis, Delta-9-Tetrahydrocannabinol (THC). Moonrocks online kaufen Europa. Gruntz in Connecticut kaufen<\/p>\n<p>Selon la Substance Abuse and Mental Health Services Administration (SAMHSA), le terme moonrocks peut aussi. Il fait r\u00e9f\u00e9rence \u00e0 une gamme de cannabino\u00efdes synth\u00e9tiques. Produits chimiques fabriqu\u00e9s en laboratoire qui sont pulv\u00e9ris\u00e9s sur du mat\u00e9riel v\u00e9g\u00e9tal et destin\u00e9s \u00e0 \u00eatre fum\u00e9s. Comme alternatives l\u00e9gales aux produits \u00e0 base de marijuana. ACHETER DES PACKS JUNGLEBOYS EN LIGNE \u00e0 Hawa\u00ef<\/p>\n<p>Achetez des pierres de lune en ligne en Allemagne. Acheter de la cire de cannabis en ligne Vendre de la marijuana en Angleterre acheter de l'herbe \u00e0 Berlin. acheter des pierres de lune Achetez OG Kush en ligne. Acheter des biscuits Pluto en ligne<\/p>\n<h2>Kurupt Moon Rock online kaufen Europa<\/h2>\n<p>Les deux substances sont potentiellement dangereuses. L'inhalation de Moon Rocks produit une saveur de kief extr\u00eamement agr\u00e9able et riche en terp\u00e8nes qui vous fera dire : \"Woooo, c'est d\u00e9licieux.\" Les nuages \u200b\u200bde fum\u00e9e produits sont super gros et pleins, faisant de chaque bouff\u00e9e presque une exp\u00e9rience \u00e0 part enti\u00e8re. Acheter une tarte aux cerises<\/p>\n<p>Et l'ivresse ? Oh mon pote, oh mon pote, ne me lance m\u00eame pas sur le haut. Le high de Moon Rocks commence dans la t\u00eate et finit par se propager dans tout le corps jusqu'aux orteils. Le high de Moon Rocks est l'un de ces hauts lents que vous ressentez certainement au d\u00e9but, mais 30 minutes plus tard, vous r\u00e9alisez que vous avez atteint un sommet de montagne que vous n'\u00e9tiez peut-\u00eatre pas pr\u00eat \u00e0 gravir. J'ai fum\u00e9 mon gramme de Moon Rocks vers 17h et quand je me suis r\u00e9veill\u00e9 \u00e0 7h le lendemain matin j'\u00e9tais toujours sur Mars en attendant le train de retour vers la Terre. Achetez des pierres de lune en ligne en Allemagne. Acheter de la cire de cannabis en ligne Marijuana \u00e0 vendre en Angleterre.<\/p>\n<h3>Bien que les Moon Rocks soient g\u00e9n\u00e9ralement fabriqu\u00e9s avec de la fleur GSC et\/ou du concentr\u00e9 GSC, vous pouvez cr\u00e9er vos propres Moon Rocks comme bon vous semble. Tout ce dont vous avez besoin est ce qui suit :<\/h3>\n<p>Deine Lieblingssorte\/<a href=\"https:\/\/runtzcartsdisposables.com\/fr\/product\/hawaiian-skunk\/\">Blume<\/a><br \/>\nVotre concentr\u00e9\/huile de hasch pr\u00e9f\u00e9r\u00e9<br \/>\nUn grand bol de kief du fond de votre grinder<br \/>\nUne paire de pinces (ou tout dispositif de pr\u00e9hension\/traction). Acheter Moonrocks en ligne Europe<br \/>\nUn compte-gouttes liquide<br \/>\nSchritt 1: Nehmen Sie ein oder zwei Knospen Ihrer bevorzugten Knospe\/Blume. Ich schlage vor, eine der dichteren Knospen zu verwenden, da sie den endg\u00fcltigen Cannabis-Cocktail besser zusammenhalten wird. Schritt 2: Nimm dein Lieblingskonzentrat<a href=\"https:\/\/lsdkaufen.store\/\" target=\"_blank\" rel=\"noopener\">.<\/a> Wenn es sehr dickfl\u00fcssig und schwer zu handhaben ist, erhitze es, bis es ein wenig fl\u00fcssig ist, und verwende dann einen Tropfer, mit dem Du Deine Knospe vollst\u00e4ndig bedecken kannst, ohne sie in das Konzentrat tauchen zu m\u00fcssen. (Die \u00dcbers\u00e4ttigung Ihrer Knospe k\u00f6nnte zu l\u00e4ngeren Trocknungszeiten und Schwierigkeiten beim Anz\u00fcnden f\u00fchren). Moonrocks online kaufen Europa Schritt 3: Nimm die Knospe mit der Zange und w\u00e4lze sie in Kief, bis der gesamte Nug mit kristalliner G\u00fcte bedeckt ist.<\/p>","protected":false},"excerpt":{"rendered":"<h2 style=\"text-align: center;\">Kurupt Moon Rock<\/h2>\n<hr \/>\n<p>&nbsp;<\/p>\n<p>Achetez des pierres lunaires en ligne, Dr. Zodiak moonrock stem de la pharmacie est le bourgeon le plus fort que vous trouverez jamais dans votre galaxie, achetez Zodiak moonrock clear. \u2026.o\u00f9 acheter des moonrocks en ligne en Irlande.o\u00f9 acheter des moonrocks en ligne en allemagne.<\/p>\n<p>&nbsp;<\/p>","protected":false},"featured_media":795,"comment_status":"open","ping_status":"closed","template":"","meta":{"_monsterinsights_skip_tracking":false,"_monsterinsights_sitenote_active":false,"_monsterinsights_sitenote_note":"","_monsterinsights_sitenote_category":0},"product_cat":[363],"product_tag":[],"_links":{"self":[{"href":"https:\/\/runtzcartsdisposables.com\/fr\/wp-json\/wp\/v2\/product\/794"}],"collection":[{"href":"https:\/\/runtzcartsdisposables.com\/fr\/wp-json\/wp\/v2\/product"}],"about":[{"href":"https:\/\/runtzcartsdisposables.com\/fr\/wp-json\/wp\/v2\/types\/product"}],"replies":[{"embeddable":true,"href":"https:\/\/runtzcartsdisposables.com\/fr\/wp-json\/wp\/v2\/comments?post=794"}],"wp:featuredmedia":[{"embeddable":true,"href":"https:\/\/runtzcartsdisposables.com\/fr\/wp-json\/wp\/v2\/media\/795"}],"wp:attachment":[{"href":"https:\/\/runtzcartsdisposables.com\/fr\/wp-json\/wp\/v2\/media?parent=794"}],"wp:term":[{"taxonomy":"product_cat","embeddable":true,"href":"https:\/\/runtzcartsdisposables.com\/fr\/wp-json\/wp\/v2\/product_cat?post=794"},{"taxonomy":"product_tag","embeddable":true,"href":"https:\/\/runtzcartsdisposables.com\/fr\/wp-json\/wp\/v2\/product_tag?post=794"}],"curies":[{"name":"wp","href":"https:\/\/api.w.org\/{rel}","templated":true}]}}