{"id":796,"date":"2023-01-16T10:19:49","date_gmt":"2023-01-16T10:19:49","guid":{"rendered":"https:\/\/runtzcartsdisposables.com\/?post_type=product&#038;p=796"},"modified":"2024-11-25T20:10:44","modified_gmt":"2024-11-25T20:10:44","slug":"moonrocks","status":"publish","type":"product","link":"https:\/\/runtzcartsdisposables.com\/fr\/product\/moonrocks\/","title":{"rendered":"Roches de lune"},"content":{"rendered":"<h1>Acheter Moonrock en Australie<\/h1>\n<p>Moonrocks in Australien kaufen Warst du jemals so high, dass du deine Augenbrauen nicht mehr sp\u00fcren konntest, selbst wenn du sie ber\u00fchrst? Wenn nicht, versuchen Sie Moon Rocks zu rauchen und ich garantiere Ihnen, dass Sie es schaffen werden. Ich habe sie vor kurzem zum ersten Mal geraucht, und zwei Monate sp\u00e4ter bin ich immer noch nicht in der Lage, meine Gesichtsz\u00fcge zu erkennen. (Es lohnt sich \u00fcbrigens.)<\/p>\n<p>Gr\u00e2ce \u00e0 ce processus, le produit atteint une teneur en THC de 51,2 %. A petites doses, il soulage la douleur, stimule l'app\u00e9tit et diminue les naus\u00e9es.<\/p>\n<h2>Acheter Moonrock en Australie<\/h2>\n<p>Pour la meilleure saveur et la meilleure fum\u00e9e, les filles de Kush N Wax recommandent d'utiliser un bol ou une pipe \u00e0 hasch et de ne pas broyer les bourgeons avec un broyeur car vous perdrez la majeure partie du kif dans le processus.<br \/>\nMoonrocks Der Preis f\u00fcr ein Gramm Marihuana mag hoch erscheinen, aber die Qualit\u00e4t des Produkts spricht f\u00fcr sich. Snoop Dogg selbst ist zu sehen, wie er seine Expertenmeinung \u00fcber das Cannabis seines Dog Pound-Mitglieds abgibt.<\/p>\n<p>Tag | Mondschein online kaufen, Mondschein online kaufen, Mondschein kaufen, wo man Mondschein online kaufen kann, wie man Mondschein online kaufen kann. Weed online kaufen(Moonrocks)<\/p>\n<p>Que sont les roches lunaires ?<br \/>\nLes Moon Rocks ne sont pas vraiment un type de vari\u00e9t\u00e9 de marijuana, mais plut\u00f4t une fa\u00e7on de consommer du cannabis. En r\u00e8gle g\u00e9n\u00e9rale, ce sont des p\u00e9pites de la vari\u00e9t\u00e9 de marijuana Girl Scout Cookies, tremp\u00e9es dans de l'huile de hasch puis saupoudr\u00e9es de kef. Moon Rocks \u00e0 vendre<\/p>\n<p>Si vous avez d\u00e9j\u00e0 tremp\u00e9 des cornets de cr\u00e8me glac\u00e9e dans du chocolat et les avez recouverts de p\u00e9pites, alors vous savez exactement ce qu'est Moon Rocks. Lorsque vous combinez la consommation de pierres de lune avec des cornets de cr\u00e8me glac\u00e9e, c'est s\u00fbr que c'est d\u00e9licieux.<\/p>\n<p>Promenez-vous sur la lune<br \/>\nQuelques c\u00e9l\u00e9brit\u00e9s ont d\u00e9pos\u00e9 leurs propres herbes de lune, qui, selon elles, sont les produits \u00e0 base de chanvre les plus puissants du march\u00e9. Krupp, le rappeur am\u00e9ricain et ancien vice-pr\u00e9sident de Death Row Records, a \"Kurrupts Mooncrock\", qui a une teneur en THC de 51,2 %. \u00c0 petites doses, un tel produit \u00e0 base de cannabis super Frankenstein peut \u00eatre efficace pour soulager la douleur<br \/>\n. De grandes quantit\u00e9s peuvent simplement \u00eatre envoy\u00e9es sur la lune. roches de lune \u00e0 vendre<\/p>\n<p>Betreten Sie das Raumschiff hier. <a href=\"https:\/\/runtzcartsdisposables.com\/fr\/product\/kurupt-moon-rock\/\">Moonrock<\/a>-Eis kaufen<\/p>\n<p>Pour une consommation optimale de Moon Rocks, utilisez un bol \u00e0 hasch ou une pipe et faites attention de ne pas broyer les bourgeons dans un grinder sous peine de perdre du kief.<br \/>\nGardez \u00e0 l'esprit qu'une herbe moyenne contient entre 17 % et 30 % de THC. Moon Rocks contient presque deux fois plus de THC. Moon Rocks \u00e0 vendre<br \/>\nWenn Sie Moonrocks nicht ohne Weiteres in einer Apotheke finden, k\u00f6nnen Sie Ihren Lieblingsfreund fragen, wie Sie es selbst herstellen k\u00f6nnen. Du solltest ihn fragen, wie viele Dinge du kaufen solltest und welche Art von Sorte, Haschisch\u00f6l und Kif du brauchst, um dein Raumschiff auf dem Mond zu bauen. Ich w\u00fcrde sie auch fragen, ob dies die Art von Cannabis-Erfahrung ist, die man in der Sicherheit und Bequemlichkeit des eigenen Zuhauses machen sollte, oder ob sie anst\u00e4ndig genug w\u00e4ren, in die \u00d6ffentlichkeit zu gehen. ich sage nur. Moon Rocks zum Verkauf kaufen Blueberry<\/p>\n<p>Die Urspr\u00fcnge von Moonrocks sind etwas unklar, aber es gibt Ger\u00fcchte, dass die Apotheke Starbudz760 sie zuerst zusammengebraut hat, wobei der legend\u00e4re West Coast Rapper Kurupt das Produkt popul\u00e4r machte und seine eigene Version namens Kurupt Moonrock markenrechtlich sch\u00fctzen lie\u00df. buyPluto Cookies<\/p>\n<p>Moonrocks sind ein THC-Megazord &#8211; sie bestehen im Wesentlichen aus Cannabisknospen (historisch gesehen GSC<a href=\"https:\/\/hhcvapekaufen.com\/\" target=\"_blank\" rel=\"noopener\">,<\/a> aber jede Sorte reicht aus), die in Haschisch\u00f6l getaucht oder damit bespr\u00fcht und dann gerollt werden.<\/p>","protected":false},"excerpt":{"rendered":"<h2 style=\"text-align: center;\">Roches de lune<\/h2>\n<hr \/>\n<p style=\"text-align: left;\">\nNous avons 100% THC Moon Rocks \u00e0 vendre. Nous garantissons une commande par correspondance \u00e0 100 % et \u00e9mettons des num\u00e9ros de suivi et une facture apr\u00e8s chaque...<\/p>\n<p>&nbsp;<\/p>","protected":false},"featured_media":797,"comment_status":"open","ping_status":"closed","template":"","meta":{"_monsterinsights_skip_tracking":false,"_monsterinsights_sitenote_active":false,"_monsterinsights_sitenote_note":"","_monsterinsights_sitenote_category":0},"product_cat":[16],"product_tag":[],"_links":{"self":[{"href":"https:\/\/runtzcartsdisposables.com\/fr\/wp-json\/wp\/v2\/product\/796"}],"collection":[{"href":"https:\/\/runtzcartsdisposables.com\/fr\/wp-json\/wp\/v2\/product"}],"about":[{"href":"https:\/\/runtzcartsdisposables.com\/fr\/wp-json\/wp\/v2\/types\/product"}],"replies":[{"embeddable":true,"href":"https:\/\/runtzcartsdisposables.com\/fr\/wp-json\/wp\/v2\/comments?post=796"}],"wp:featuredmedia":[{"embeddable":true,"href":"https:\/\/runtzcartsdisposables.com\/fr\/wp-json\/wp\/v2\/media\/797"}],"wp:attachment":[{"href":"https:\/\/runtzcartsdisposables.com\/fr\/wp-json\/wp\/v2\/media?parent=796"}],"wp:term":[{"taxonomy":"product_cat","embeddable":true,"href":"https:\/\/runtzcartsdisposables.com\/fr\/wp-json\/wp\/v2\/product_cat?post=796"},{"taxonomy":"product_tag","embeddable":true,"href":"https:\/\/runtzcartsdisposables.com\/fr\/wp-json\/wp\/v2\/product_tag?post=796"}],"curies":[{"name":"wp","href":"https:\/\/api.w.org\/{rel}","templated":true}]}}