{"id":806,"date":"2023-01-16T10:24:55","date_gmt":"2023-01-16T10:24:55","guid":{"rendered":"https:\/\/runtzcartsdisposables.com\/?post_type=product&#038;p=806"},"modified":"2024-11-25T20:10:43","modified_gmt":"2024-11-25T20:10:43","slug":"skittles-moonrocks","status":"publish","type":"product","link":"https:\/\/runtzcartsdisposables.com\/fr\/product\/skittles-moonrocks\/","title":{"rendered":"Skittles Moonrocks"},"content":{"rendered":"<h1>Skittles Moonrocks achat en ligne<\/h1>\n<p>Achetez Skittles Moonrocks en ligne. Avez-vous d\u00e9j\u00e0 \u00e9t\u00e9 si haut que vous ne pouviez pas sentir vos sourcils m\u00eame si vous les touchiez physiquement ? Sinon, essayez de fumer Moon Rocks et je vous garantis que vous r\u00e9ussirez. Je l'ai r\u00e9cemment fum\u00e9 pour la premi\u00e8re fois et deux mois plus tard, je suis toujours incapable de reconna\u00eetre les traits de mon visage. (\u00c7a valait le coup, soit dit en passant.)<\/p>\n<p>\u00c9tait-ce que Moon Rocks ?<\/p>\n<p>Les origines des Moon Rocks sont un peu floues, mais il y a des rumeurs selon lesquelles le dispensaire Starbudz760 les aurait concoct\u00e9s en premier. Le rappeur l\u00e9gendaire de la c\u00f4te ouest Kurupt a popularis\u00e9 le produit et a d\u00e9pos\u00e9 sa propre version appel\u00e9e Kurupt Moonrock.<\/p>\n<p>Les Moon Rocks sont un m\u00e9gazord de THC \u2013 ce sont essentiellement des bourgeons de cannabis (g\u00e9n\u00e9ralement GSC, mais n'importe quelle vari\u00e9t\u00e9 fera l'affaire) tremp\u00e9s ou pulv\u00e9ris\u00e9s dans de l'huile de hasch, puis roul\u00e9s dans du kief.<\/p>\n<h2>Skittles Moonrocks achat en ligne<\/h2>\n<p>Zkittlez est un hybride crois\u00e9 et \u00e9quilibr\u00e9 qui a h\u00e9rit\u00e9 d'excellentes g\u00e9n\u00e9tiques de ses vari\u00e9t\u00e9s parentes incroyablement fruit\u00e9es. Acheter de la marijuana Skittles en ligne Cette vari\u00e9t\u00e9 peut parfois ressembler davantage \u00e0 une indica pour certains utilisateurs, mais elle est g\u00e9n\u00e9ralement connue pour ses propri\u00e9t\u00e9s \u00e9l\u00e9vatrices mais relaxantes, soulign\u00e9es par son ar\u00f4me d'agrumes acidul\u00e9. Acheter de l'herbe en ligne en Europe<\/p>\n<p>Zkittlez ist eine potente Mischung aus <a href=\"https:\/\/runtzcartsdisposables.com\/fr\/product\/moonrocks\/\">Grape Ape<\/a> und Sativa Grapefruit. Das Ergebnis ist eine duftende Bl\u00fcte mit einer komplexen Fruchtigkeit, die sich von anderen abhebt. Ihr THC-Gehalt kann milder sein als der ihrer Gegenst\u00fccke, aber das hat sie nicht daran gehindert, beim Cannabis Cup 2015 in San Francisco den ersten Platz f\u00fcr die beste Indica zu belegen<a href=\"http:\/\/gblkaufenn,com\">.<\/a><\/p>","protected":false},"excerpt":{"rendered":"<h2 style=\"text-align: center;\">Skittles Moonrocks<\/h2>\n<hr \/>\n<p>Cette vari\u00e9t\u00e9 peut parfois ressembler davantage \u00e0 une indica pour certains utilisateurs, mais elle est g\u00e9n\u00e9ralement connue pour ses propri\u00e9t\u00e9s \u00e9l\u00e9vatrices mais relaxantes, mises en \u00e9vidence par son ar\u00f4me d'agrumes acidul\u00e9.<\/p>\n<p>&nbsp;<\/p>","protected":false},"featured_media":807,"comment_status":"open","ping_status":"closed","template":"","meta":{"_monsterinsights_skip_tracking":false,"_monsterinsights_sitenote_active":false,"_monsterinsights_sitenote_note":"","_monsterinsights_sitenote_category":0},"product_cat":[374],"product_tag":[],"_links":{"self":[{"href":"https:\/\/runtzcartsdisposables.com\/fr\/wp-json\/wp\/v2\/product\/806"}],"collection":[{"href":"https:\/\/runtzcartsdisposables.com\/fr\/wp-json\/wp\/v2\/product"}],"about":[{"href":"https:\/\/runtzcartsdisposables.com\/fr\/wp-json\/wp\/v2\/types\/product"}],"replies":[{"embeddable":true,"href":"https:\/\/runtzcartsdisposables.com\/fr\/wp-json\/wp\/v2\/comments?post=806"}],"wp:featuredmedia":[{"embeddable":true,"href":"https:\/\/runtzcartsdisposables.com\/fr\/wp-json\/wp\/v2\/media\/807"}],"wp:attachment":[{"href":"https:\/\/runtzcartsdisposables.com\/fr\/wp-json\/wp\/v2\/media?parent=806"}],"wp:term":[{"taxonomy":"product_cat","embeddable":true,"href":"https:\/\/runtzcartsdisposables.com\/fr\/wp-json\/wp\/v2\/product_cat?post=806"},{"taxonomy":"product_tag","embeddable":true,"href":"https:\/\/runtzcartsdisposables.com\/fr\/wp-json\/wp\/v2\/product_tag?post=806"}],"curies":[{"name":"wp","href":"https:\/\/api.w.org\/{rel}","templated":true}]}}