{"id":88,"date":"2022-11-30T13:51:41","date_gmt":"2022-11-30T13:51:41","guid":{"rendered":"https:\/\/runtzcartsdisposables.com\/?post_type=product&#038;p=88"},"modified":"2024-11-25T20:13:10","modified_gmt":"2024-11-25T20:13:10","slug":"gelato-weed","status":"publish","type":"product","link":"https:\/\/runtzcartsdisposables.com\/fr\/product\/gelato-weed\/","title":{"rendered":"Gelato Weed"},"content":{"rendered":"<h2 style=\"text-align: center;\">Gelato Weed<\/h2>\n<hr \/>\n<p>Gelato weed uk strain has aromas and flavors that have been described as earthy, sweet, minty, citrusy, berry-like, oaky, sherbet, orange, lavender, and cookie. The Gelato plant is short and stocky. Its leaves are forest green in color with dark purple hues. Gelato weed strain buds appear darkish purple and shot through with bright orange pistils. Its buds are sticky with average trichome crystal coverage.<\/p>\n<p>La souche de marijuana Gelato a des niveaux \u00e9lev\u00e9s de THC allant de 15 \u00e0 25 %, ce qui en fait une souche assez puissante. Les effets hybrides de THC Design sont bien \u00e9quilibr\u00e9s - un m\u00e9lange int\u00e9ressant de revigoration et de relaxation. Si un high corporel indica avec une clart\u00e9 sativa qui vous permet de rester suffisamment actif pour profiter des effets d'une vari\u00e9t\u00e9 est votre d\u00e9sir, alors celui-ci est fait pour vous. Ses effets sont rapides, commen\u00e7ant par une ru\u00e9e vers la t\u00eate et une euphorie lourde. La t\u00eate haute qu'il d\u00e9livre est heureuse et \u00e9difiante. Un bourdonnement corporel rampant s'impose progressivement jusqu'\u00e0 ce que vous vous sentiez compl\u00e8tement d\u00e9tendu et calme, mais en fournissant suffisamment d'\u00e9nergie et de concentration pour vous garder positif et social.<\/p>\n<p>Buy gelato 45 UK, gelato #45 vs 33 also buy gelato 45 allbud, gelato 41 strain, gelato #45 yield, gelato 45 strain smart cart, gelato 45 vs 33<a href=\"https:\/\/hhcvapekaufen.com\/produkte-category\/cbd-vape\/\" target=\"_blank\" rel=\"noopener\">,<\/a> gelato 45 strain indica or sativa, gelati vs gelato strain, gelato strain 45, shark gelato strain, gelato 41 strain, wedding cake strain, blueberry gelato strain , lemon gelato strain , cannabis<\/p>\n<p>Avantages m\u00e9dicaux de l'utilisation de la souche hybride Gelato Weed<br \/>\nL'effet c\u00e9r\u00e9bral l\u00e9ger de Gelato avec sa relaxation corporelle simultan\u00e9e en fait un favori pour les troubles anxieux et le stress chronique. Gelato fournit un regain d'\u00e9nergie c\u00e9r\u00e9brale qui aidera \u00e0 soulager la d\u00e9pression chronique. Cette stimulation peut \u00e9galement aider \u00e0 traiter les patients souffrant de troubles de l'attention tels que le TDAH et le TDA. Le composant Indica d\u00e9tendra le corps pour supprimer l'hyperactivit\u00e9, tandis que le Sativa fournira la stimulation n\u00e9cessaire pour une concentration soutenue. La souche Gelato aidera \u00e0 soulager les naus\u00e9es en raison de sa saveur et de son odeur s\u00e9duisantes ; De plus, cette vari\u00e9t\u00e9 de cannabis gelato aidera \u00e9galement \u00e0 l'app\u00e9tit des patients qui souffrent de naus\u00e9es dues \u00e0 la chimioth\u00e9rapie pour le cancer ou les maladies auto-immunes.<\/p>\n<p>Effets de la vari\u00e9t\u00e9 de cannabis Gelato 45<br \/>\nHappy<br \/>\nEuphoric<br \/>\nRelaxed<br \/>\nUplifted<br \/>\nCreative<br \/>\nClassification: 55% Indica\/45% Sativa<\/p>\n<p>Parent\u00e9 : Thin Mint Girl Scout Cookies X Sunset Sherbet<\/p>","protected":false},"excerpt":{"rendered":"<p>Gelato Weed uk has all the smooth and fruity appeal of Sunset <a href=\"https:\/\/runtzcartsdisposables.com\/fr\/product\/gelato-weed\/\">Sherbert<\/a> with the earthy, herbal goodness of Thin Mints. With limited availability and a bold look and taste, this strain falls into an emerging category of west coast craft hybrids that are focused on taste. Carrying multiple desirable traits from its heavily crossbred lineage, Gelato has standout visuals and taste. Its trippy but relaxing vibe makes it a perfect choice for some solo introspection or for chatty socializing.<\/p>","protected":false},"featured_media":89,"comment_status":"open","ping_status":"closed","template":"","meta":{"_monsterinsights_skip_tracking":false,"_monsterinsights_sitenote_active":false,"_monsterinsights_sitenote_note":"","_monsterinsights_sitenote_category":0},"product_cat":[21],"product_tag":[22,120,65,66,67,68,69,70,71,72,73,74,75,76,77,78,79,80,37,38,40,41,42,81,82,83,119,84,85,86,87,88,89,90,91,92,93,94,95,96,124,97,98,99,100,101,102,103,48,49,118,121,123,54,104,105,106,107,108,109,122,117,110,111,112,113,114,59,60,61,62,63,64,115,116],"_links":{"self":[{"href":"https:\/\/runtzcartsdisposables.com\/fr\/wp-json\/wp\/v2\/product\/88"}],"collection":[{"href":"https:\/\/runtzcartsdisposables.com\/fr\/wp-json\/wp\/v2\/product"}],"about":[{"href":"https:\/\/runtzcartsdisposables.com\/fr\/wp-json\/wp\/v2\/types\/product"}],"replies":[{"embeddable":true,"href":"https:\/\/runtzcartsdisposables.com\/fr\/wp-json\/wp\/v2\/comments?post=88"}],"wp:featuredmedia":[{"embeddable":true,"href":"https:\/\/runtzcartsdisposables.com\/fr\/wp-json\/wp\/v2\/media\/89"}],"wp:attachment":[{"href":"https:\/\/runtzcartsdisposables.com\/fr\/wp-json\/wp\/v2\/media?parent=88"}],"wp:term":[{"taxonomy":"product_cat","embeddable":true,"href":"https:\/\/runtzcartsdisposables.com\/fr\/wp-json\/wp\/v2\/product_cat?post=88"},{"taxonomy":"product_tag","embeddable":true,"href":"https:\/\/runtzcartsdisposables.com\/fr\/wp-json\/wp\/v2\/product_tag?post=88"}],"curies":[{"name":"wp","href":"https:\/\/api.w.org\/{rel}","templated":true}]}}