{"id":235,"date":"2023-01-12T09:01:13","date_gmt":"2023-01-12T09:01:13","guid":{"rendered":"https:\/\/runtzcartsdisposables.com\/?post_type=product&#038;p=235"},"modified":"2024-11-25T20:13:01","modified_gmt":"2024-11-25T20:13:01","slug":"kolumbianisches-gold","status":"publish","type":"product","link":"https:\/\/runtzcartsdisposables.com\/it\/product\/kolumbianisches-gold\/","title":{"rendered":"Kolumbianisches Gold"},"content":{"rendered":"<h1>Acquista la variet\u00e0 Goldm colombiana online in Finlandia<\/h1>\n<p>Kolumbianisches Gold Kaufen Sie Colombian Goldm Strain Online Finnland. Colombian Gold ist eine klassische <a href=\"https:\/\/runtzcartsdisposables.com\/index.php\/product-category\/blumen\/sativa-sorte\/\">Sativa-Landrasse<\/a>, che ha origine nelle montagne di Santa Marta in Colombia. Le sue cime sono soffici e ricoperte di cristalli, trasudando note skunk e dolci di limone e lime. Questa sativa autoctona ha dato vita alla famosa Skunk #1, un ibrido che \u00e8 diventato un caposaldo dell'ibridazione della cannabis. L'effetto attivo, edificante e mirato di Colombian Gold arriva senza paranoia e ansia,<\/p>\n<h2>Acquista funghi magici cubani online<\/h2>\n<p>Das macht diese Sorte zu einer guten Wahl f\u00fcr Anf\u00e4nger oder f\u00fcr diejenigen, die w\u00e4hrend der Behandlung produktiv bleiben wollen. Colombian Gold kann Patienten helfen, Muskelverspannungen, Schmerzen und andere k\u00f6rperliche Symptome zu lindern, aber ihre stimulierenden und fr\u00f6hlichen Qualit\u00e4ten k\u00f6nnen auch bei Depressionen und ADS\/ADHS eingesetzt werden. Diazepam 10mg Tabletten online kaufen.<\/p>\n<p>Colombian <a href=\"https:\/\/runtzcartsdisposables.com\/it\/product\/gelato-weed-copy\/\">Gold<\/a> ist eine legend\u00e4re Sativa-Landrasse aus dem gebirgigen Norden Kolumbiens. Diese Sorte, die in den sp\u00e4ten 1960er und 1970er Jahren in den USA extrem popul\u00e4r war, ist inzwischen sehr selten geworden, und einige Cannabis-Historiker behaupten, dass es keine Samen oder Klone des urspr\u00fcnglichen Landrassen-Genotyps mehr gibt. Unabh\u00e4ngig davon, ob Colombian Gold noch konsumiert werden kann oder nicht, wurde sie zur Z\u00fcchtung beliebter Grundnahrungsmittel wie Skunk #1 verwendet. Der <a href=\"https:\/\/en.wikipedia.org\/wiki\/Tetrahydrocannabinol\" target=\"_blank\" rel=\"noopener\">THC<\/a>-Il contenuto della variet\u00e0 \u00e8 stato misurato dal 14% al 20%. ACQUISTA ERBA ONLINE IN EUROPA<\/p>\n<p>Kolumbianisches Gold von kommerziell gez\u00fcchteten Indicas und Hybriden sind mit den Bl\u00fcten von Colombian Gold vielleicht nicht vertraut. Die Bl\u00fcten sind klein bis mittelgro\u00df und haben eine lockere, bl\u00e4ttrige Struktur<a href=\"https:\/\/20ftschiffscontainer.com\/wp-admin\/\" target=\"_blank\" rel=\"noopener\">,<\/a> die f\u00fcr eine reine Sativa charakteristisch ist &#8211; Cannabiskenner werden die Silhouetten dieser zerlumpten Bl\u00fcten als \u00e4hnlich wie bei jamaikanischen oder thail\u00e4ndischen Sativa-Landrassen erkennen. Die Bl\u00e4tter sind blass fr\u00fchlingsgr\u00fcn und werden von leuchtend orangefarbenen Stempeln durchzogen. Diese langen, spitz zulaufenden Knospen sind auch sehr harzig: bernsteinfarbene Trichome bedecken die Innen- und Au\u00dfenfl\u00e4chen und verleihen ihnen den goldenen Schimmer, auf den sich ihr Name bezieht. OG KUSH ONLINE KAUFEN<\/p>\n<p>Se adeguatamente curata, la Colombian Gold emana l'odore pungente della Skunk, il che spiega la pungenza della variet\u00e0 per bambini Skunk #1. A un esame pi\u00f9 attento, \u00e8 in gioco anche il sapore agrumato di limone e lime. Quando viene bruciato, l'oro colombiano ha un odore terroso e di hashish. Il suo fumo pu\u00f2 essere aspro e in grado di espandere i polmoni durante l'inalazione e ha un sapore erbaceo durante l'espirazione. Infine, questa variet\u00e0 pu\u00f2 essere un fumo particolarmente pungente; coloro che desiderano mantenere il loro consumo discreto dovrebbero prendere tutte le precauzioni necessarie. ACQUISTA DIAMOND OG ONLINE<\/p>\n<h2>Acquista la variet\u00e0 Goldm colombiana online in Finlandia<\/h2>\n<p>I consumatori di questa leggendaria variet\u00e0 hanno riportato effetti cerebrali molto forti. Lo sballo arriva lentamente e rimane inebriante per tutta la sua durata; si dice che l'effetto duri molto pi\u00f9 a lungo della media. La creativit\u00e0 e la loquacit\u00e0 sono comuni quando le menti dei fumatori saltano da una all'altra in rapide libere associazioni. Un generale senso di benessere \u00e8 anche comunemente segnalato quando eventuali fattori di stress ambientale rimanenti passano in secondo piano. La mentalit\u00e0 altamente analitica di Colombian Gold pu\u00f2 essere particolarmente preziosa<\/p>","protected":false},"excerpt":{"rendered":"<h2 style=\"text-align: center;\">Kolumbianisches Gold<\/h2>\n<hr \/>\n<p>Colombian Gold \u00e8 una classica sativa autoctona che ha le sue origini nelle montagne di Santa Marta in Colombia. Le sue cime sono soffici e ricoperte di cristalli, trasudando note skunk e dolci di limone e lime.<\/p>","protected":false},"featured_media":236,"comment_status":"open","ping_status":"closed","template":"","meta":{"_monsterinsights_skip_tracking":false,"_monsterinsights_sitenote_active":false,"_monsterinsights_sitenote_note":"","_monsterinsights_sitenote_category":0},"product_cat":[126,127],"product_tag":[],"_links":{"self":[{"href":"https:\/\/runtzcartsdisposables.com\/it\/wp-json\/wp\/v2\/product\/235"}],"collection":[{"href":"https:\/\/runtzcartsdisposables.com\/it\/wp-json\/wp\/v2\/product"}],"about":[{"href":"https:\/\/runtzcartsdisposables.com\/it\/wp-json\/wp\/v2\/types\/product"}],"replies":[{"embeddable":true,"href":"https:\/\/runtzcartsdisposables.com\/it\/wp-json\/wp\/v2\/comments?post=235"}],"wp:featuredmedia":[{"embeddable":true,"href":"https:\/\/runtzcartsdisposables.com\/it\/wp-json\/wp\/v2\/media\/236"}],"wp:attachment":[{"href":"https:\/\/runtzcartsdisposables.com\/it\/wp-json\/wp\/v2\/media?parent=235"}],"wp:term":[{"taxonomy":"product_cat","embeddable":true,"href":"https:\/\/runtzcartsdisposables.com\/it\/wp-json\/wp\/v2\/product_cat?post=235"},{"taxonomy":"product_tag","embeddable":true,"href":"https:\/\/runtzcartsdisposables.com\/it\/wp-json\/wp\/v2\/product_tag?post=235"}],"curies":[{"name":"wp","href":"https:\/\/api.w.org\/{rel}","templated":true}]}}