{"id":242,"date":"2023-01-12T14:19:15","date_gmt":"2023-01-12T14:19:15","guid":{"rendered":"https:\/\/runtzcartsdisposables.com\/?post_type=product&#038;p=242"},"modified":"2024-11-25T20:12:59","modified_gmt":"2024-11-25T20:12:59","slug":"fruchtpunsch","status":"publish","type":"product","link":"https:\/\/runtzcartsdisposables.com\/it\/product\/fruchtpunsch\/","title":{"rendered":"Fruchtpunsch"},"content":{"rendered":"<h1>Acquista un punch alla frutta a Loveland<\/h1>\n<p>Compra Punch alla frutta a Loveland. Ordina punch alla frutta a Loveland. Fruit Punch \u00e8 una variet\u00e0 Sativa della Heavyweight Seeds, che ha creato questa potenza aromatica da genetiche Skunk, Haze e Northern Lights. Chiamata per il suo rapido colpo di dolci sapori fruttati e tropicali, questa sativa ha un pugno su entrambi i fronti. Acquista funghi magici cubani online.<\/p>\n<p>gusto ed effetto. Fruit Punch carica la mente con energia creativa e sociale, quindi tieni questa variet\u00e0 nella tua scorta per giornate attive con gli amici o hobby personali.acquista Member Berry<\/p>\n<p>Fruit Punch \u00e8 una variet\u00e0 Sativa della Heavyweight Seeds, che ha ibridato questa potente e saporita genetica Skunk, Haze e Northern Lights. Chiamata per il suo rapido colpo di dolci sapori fruttati e tropicali, questa sativa racchiude un pugno in termini di sapore ed effetto. Fruit Punch carica la mente con energia creativa e sociale, quindi tieni questa variet\u00e0 nella tua scorta per giornate attive con gli amici o hobby personali. Sviluppata dall'allevatore di cannabis Heavyweight Seeds, la Fruit Punch \u00e8 un potente ibrido di variet\u00e0 leggendarie: Skunk, Haze e Northern Lights. Secondo l'allevatore, la Fruit Punch ha un sapore torbido con note di limone, mango e lime, insieme ad un aroma agrumato. Secondo il sito Web di Heavyweight Seeds, la variet\u00e0 contiene il 21% di THC e l'1,1% di CBD. Per quanto sia facile da gustare, la Fruit Punch \u00e8 anche facile da coltivare secondo l'allevatore, il quale afferma che \u00e8 adatta sia ai principianti che ai professionisti. L'ibrido a tendenza sativa, che secondo Heavyweight Seeds \u00e8 una variet\u00e0 autofiorente, cresce fino a circa 1,3 metri di altezza e fiorisce in 70-80 giorni dalla germinazione, producendo raccolti molto abbondanti di cime grasse e ricoperte di resina, di colore verde brillante e con punte di capelli cicatrice arancione.compra Mintz<\/p>\n<h2>Compra Punch alla frutta a Loveland<\/h2>\n<p>Fruchtpunsch Kaufen Sie Fruit Punch in Loveland. bestellen Sie Fruit Punch in Loveland. Durch die Kreuzung der Genetik von drei bekannten Cannabis-Namen wird die einzigartige Chemie der <a href=\"https:\/\/runtzcartsdisposables.com\/it\/product\/white-widow\/\">Fruit<\/a> Punch-Sorte zu einem absoluten No-Brainer, wenn man ihr Erbe betrachtet. Ihre drei Vorfahren &#8211; Northern Lights, Skunk und Haze &#8211; sind allesamt Schwergewichte auf ihrem Gebiet und liefern herausragende Ergebnisse, die auf verschiedene Probleme des t\u00e4glichen Lebens abzielen.buy Moonrocks<\/p>\n<p>Die Sorte Northern Fruchtpunsch Lights bewegt sich am Rande einer vollst\u00e4ndigen Indica-Dominanz und weist ein komplexes Kr\u00e4uteraroma auf, das an den Geschmack von Tee erinnert, der l\u00e4nger als n\u00f6tig gezogen wurde. Die delikate Bitterkeit am Ende des Zuges verleiht dem Geschmackserlebnis der Sorte Tiefe und Dimension, und ihre beruhigende Euphorie <a href=\"https:\/\/thcvapecarts.net\" target=\"_blank\" rel=\"noopener\">kann<\/a> eine tr\u00f6stliche Erleichterung von der gew\u00f6hnlichen Not bieten.buy God&#8217;s gift<\/p>\n<p>Skunk, d'altra parte, \u00e8 esattamente ci\u00f2 che suggerisce il suo nome: una variet\u00e0 pungente nota soprattutto per il suo odore sgradevole ma desiderabile. Con un profilo genetico leggermente tendente alla sativa, questa variet\u00e0 stimola la creativit\u00e0 con i suoi potenti effetti, ma non senza prima risvegliare il corpo con i suoi potenti effetti.<\/p>","protected":false},"excerpt":{"rendered":"<h2 style=\"text-align: center;\">Fruchtpunsch<\/h2>\n<hr \/>\n<p>Fruit Punch \u00e8 una variet\u00e0 Sativa della Heavyweight Seeds, che ha creato questa potenza aromatica da genetiche Skunk, Haze e Northern Lights. Chiamata per il suo rapido colpo di sapori dolci, fruttati e tropicali, questa sativa ha qualcosa da offrire a entrambi<\/p>\n<p>&nbsp;<\/p>","protected":false},"featured_media":243,"comment_status":"open","ping_status":"closed","template":"","meta":{"_monsterinsights_skip_tracking":false,"_monsterinsights_sitenote_active":false,"_monsterinsights_sitenote_note":"","_monsterinsights_sitenote_category":0},"product_cat":[126,127],"product_tag":[],"_links":{"self":[{"href":"https:\/\/runtzcartsdisposables.com\/it\/wp-json\/wp\/v2\/product\/242"}],"collection":[{"href":"https:\/\/runtzcartsdisposables.com\/it\/wp-json\/wp\/v2\/product"}],"about":[{"href":"https:\/\/runtzcartsdisposables.com\/it\/wp-json\/wp\/v2\/types\/product"}],"replies":[{"embeddable":true,"href":"https:\/\/runtzcartsdisposables.com\/it\/wp-json\/wp\/v2\/comments?post=242"}],"wp:featuredmedia":[{"embeddable":true,"href":"https:\/\/runtzcartsdisposables.com\/it\/wp-json\/wp\/v2\/media\/243"}],"wp:attachment":[{"href":"https:\/\/runtzcartsdisposables.com\/it\/wp-json\/wp\/v2\/media?parent=242"}],"wp:term":[{"taxonomy":"product_cat","embeddable":true,"href":"https:\/\/runtzcartsdisposables.com\/it\/wp-json\/wp\/v2\/product_cat?post=242"},{"taxonomy":"product_tag","embeddable":true,"href":"https:\/\/runtzcartsdisposables.com\/it\/wp-json\/wp\/v2\/product_tag?post=242"}],"curies":[{"name":"wp","href":"https:\/\/api.w.org\/{rel}","templated":true}]}}