{"id":250,"date":"2023-01-12T14:59:08","date_gmt":"2023-01-12T14:59:08","guid":{"rendered":"https:\/\/runtzcartsdisposables.com\/?post_type=product&#038;p=250"},"modified":"2024-11-25T20:12:58","modified_gmt":"2024-11-25T20:12:58","slug":"geisterstamm-dunst","status":"publish","type":"product","link":"https:\/\/runtzcartsdisposables.com\/it\/product\/geisterstamm-dunst\/","title":{"rendered":"Geisterstamm-Dunst"},"content":{"rendered":"<h1>Acquista Ghost Strain Haze online in Svezia<\/h1>\n<p>Geisterstamm-Dunstt Strain Haze Online In Schweden. <a href=\"https:\/\/www.leafly.com\/strains\/ghost-og\" target=\"_blank\" rel=\"noopener\">Ghost Train<\/a> Creata per la prima volta da Rare Dankness, la Haze \u00e8 un incrocio sativa tra Ghost OG e Neville's Wreck. A differenza delle tipiche sativa, Ghost Train Haze produce cime dense ricoperte di tricomi bianchi ricoperti di cristalli. Con un aspro aroma di agrumi e fiori, Ghost Train Haze fornisce una potente dose di THC per intorpidire il dolore, la depressione e la perdita di appetito, ma i pazienti sono inclini a farlo. Acquista erba online in Europa<\/p>\n<p>Chi soffre di ansia dovrebbe stare lontano da questo potente farmaco. Basse dosi incoraggiano la concentrazione e la creativit\u00e0, ma pi\u00f9 fumi, pi\u00f9 il tuo cervello diventa annebbiato. Ghost Train Haze \u00e8 una variet\u00e0 outdoor adatta per i climi caldi e ha un tempo di fioritura di 65-80 giorni indoor. Biscotti Tropicana<\/p>\n<h3>Acquista Ghost Strain Haze online in Svezia<\/h3>\n<p>Sativa-dominanter Hybrid &#8211; 80% Sativa \/ 20% Indica<\/p>\n<p>THC: 27%<\/p>\n<p>Ghost Train Haze \u00e8 una delle variet\u00e0 pi\u00f9 intense mai esistite <a href=\"https:\/\/runtzcartsdisposables.com\/it\/\">Marihuana<\/a>-universo \u00e8 stato introdotto. Questa variet\u00e0 non \u00e8 per principianti, dopo tutto, la Ghost Train Haze \u00e8 stata nominata \"La variet\u00e0 pi\u00f9 potente del mondo\" dalla rivista High Times nel 2012. Ibridata da Ghost OG e Neville's Wreck, questa variet\u00e0 vanta un livello di THC folle del 27%. La GTH \u00e8 principalmente sativa (rapporto 80:20 sativa\/indica), quindi se sei un fumatore alle prime armi o soffri di ansia, faresti meglio a stare alla larga da questa folle variet\u00e0. Il fumo pesante di GTH pu\u00f2 indurre una sensazione quasi psichedelica che pu\u00f2 indurre paranoia. I pazienti che scelgono la Ghost Train Haze sono quelli che soffrono di depressione o quelli che vogliono semplicemente divertirsi. A piccole dosi, il GTH pu\u00f2 facilmente indurre risate e stimolare la mente creativa. L'aroma di questa variet\u00e0 \u00e8 una dolce miscela di acido, agrumi e pino molto pungente. Con un'abbondanza di tricomi e peli, la GTH ha un aspetto fantastico proprio come afferma di essere. Ottima Lemon Haze<\/p>\n<p>Geisterstamm-Dunst Cannabis-Sorte Ghost Train Haze ist ein potenter, Sativa-dominanter Hybrid, der von Rare Dankness gez\u00fcchtet wurde. Sie belegte den ersten Platz beim High Times Cannabis Cup 2014 in den USA in der Kategorie Sativa und den zweiten Platz beim High Times Cannabis Cup 2013 in der Kategorie Medical Sativa. Die Knospen sind dicht, hellgr\u00fcn in der Farbe und durchtr\u00e4nkt mit Trichomen, die fast wei\u00df erscheinen. Ghost Train Haze ist sehr potent und wurde von High Times ausgew\u00e4hlt, um die st\u00e4rksten Sorten der Welt zu repr\u00e4sentieren. Ghost Strain Haze online in Schweden kaufen. Mango Haz<a href=\"https:\/\/hhcgraskaufen.com\/\" target=\"_blank\" rel=\"noopener\">e<\/a><br \/>\nTipo di intossicazione<br \/>\nGeisterstamm-Dunst Die Marihuana-Sorte Ghost Train Haze l\u00f6st in niedrigeren Dosen eine zerebrale Euphorie aus, hebt die Stimmung, erh\u00f6ht die Konzentration, entspannt den K\u00f6rper und hat eine schmerzlindernde Wirkung. Sie kann Druck auf die Augen und die Nase aus\u00fcben. H\u00f6here Dosen k\u00f6nnen Paranoia und Halluzinationen hervorrufen. Lila Dunst<br \/>\nGenetico<br \/>\nGeisterstamm-Dunst Die Cannabis-Sorte Ghost Train Haze ist eine Kreuzung zwischen Ghost <a href=\"https:\/\/runtzcartsdisposables.com\/it\/product\/platinum-og\/\">OG<\/a> und Nevil&#8217;s Wreck (Trainwreck und Neville&#8217;s Haze).<\/p>","protected":false},"excerpt":{"rendered":"<h2 style=\"text-align: center;\">Geisterstamm-Dunst<\/h2>\n<hr \/>\n<p>Geisterstamm-Dunst&#8211; Ghost Train Haze wurde zuerst von Rare Dankness gez\u00fcchtet und ist eine Sativa-Kreuzung aus Ghost OG und Neville&#8217;s Wreck. Im Gegensatz zu typischen Sativas bildet Ghost Train Haze dichte Knospen aus, die mit wei\u00dfen, kristallbedeckten Trichomen bedeckt sind.<\/p>\n<p>&nbsp;<\/p>","protected":false},"featured_media":249,"comment_status":"open","ping_status":"closed","template":"","meta":{"_monsterinsights_skip_tracking":false,"_monsterinsights_sitenote_active":false,"_monsterinsights_sitenote_note":"","_monsterinsights_sitenote_category":0},"product_cat":[126,127],"product_tag":[136,137,138,139,140,141],"_links":{"self":[{"href":"https:\/\/runtzcartsdisposables.com\/it\/wp-json\/wp\/v2\/product\/250"}],"collection":[{"href":"https:\/\/runtzcartsdisposables.com\/it\/wp-json\/wp\/v2\/product"}],"about":[{"href":"https:\/\/runtzcartsdisposables.com\/it\/wp-json\/wp\/v2\/types\/product"}],"replies":[{"embeddable":true,"href":"https:\/\/runtzcartsdisposables.com\/it\/wp-json\/wp\/v2\/comments?post=250"}],"wp:featuredmedia":[{"embeddable":true,"href":"https:\/\/runtzcartsdisposables.com\/it\/wp-json\/wp\/v2\/media\/249"}],"wp:attachment":[{"href":"https:\/\/runtzcartsdisposables.com\/it\/wp-json\/wp\/v2\/media?parent=250"}],"wp:term":[{"taxonomy":"product_cat","embeddable":true,"href":"https:\/\/runtzcartsdisposables.com\/it\/wp-json\/wp\/v2\/product_cat?post=250"},{"taxonomy":"product_tag","embeddable":true,"href":"https:\/\/runtzcartsdisposables.com\/it\/wp-json\/wp\/v2\/product_tag?post=250"}],"curies":[{"name":"wp","href":"https:\/\/api.w.org\/{rel}","templated":true}]}}