{"id":261,"date":"2023-01-12T15:19:41","date_gmt":"2023-01-12T15:19:41","guid":{"rendered":"https:\/\/runtzcartsdisposables.com\/?post_type=product&#038;p=261"},"modified":"2024-11-25T20:12:55","modified_gmt":"2024-11-25T20:12:55","slug":"gruener-riss","status":"publish","type":"product","link":"https:\/\/runtzcartsdisposables.com\/it\/product\/gruener-riss\/","title":{"rendered":"Gr\u00fcner Riss"},"content":{"rendered":"<h1>Acquista crepa verde online Croazia<\/h1>\n<p>Kaufen Sie Green Crack Online Kroatien. Lassen Sie sich nicht vom Namen t\u00e4uschen: Dies ist reines Cannabis. Es gibt nur wenige Sorten, die mit Green Crack vergleichbar sind, Gr\u00fcner Riss\u00a0 da sie einen belebenden, mentalen Rausch ausl\u00f6sen, der Sie den ganzen Tag \u00fcber in Schwung h\u00e4lt. Mit ihrem spritzigen, fruchtigen Geschmack, der an Mango erinnert, ist Green Crack eine gro\u00dfartige Sorte f\u00fcr den Tag, die Konsumenten helfen kann, M\u00fcdigkeit<\/p>\n<p>Combatti la stanchezza, lo stress e la depressione. Perch\u00e9 il nome \u00e8 un'immagine negativa diCannabisalcune persone chiamano invece questa variet\u00e0 Cush (con una 'C') o Green Cush. <a href=\"https:\/\/runtzcartsdisposables.com\/it\/\">Cannabis<\/a> alcune persone chiamano invece questa variet\u00e0 Cush (con una 'C') o Green Cush.<\/p>\n<p>Tutti a volte attraversano una fase di stanchezza. Con le nostre vite frenetiche e gli orari impegnativi, \u00e8 solo una questione di tempo prima che la nostra energia sia completamente esaurita. Abbiamo la soluzione perfetta a questo pasticcio: Green Crack. \u00c8 la variet\u00e0 sativa dei tuoi sogni.<\/p>\n<p>Gez\u00fcchtet aus der <a href=\"https:\/\/en.seedfinder.eu\/strain-info\/Skunk_Nr1\/Sensi_Seeds\/\" target=\"_blank\" rel=\"noopener\">Skunk #1 Linie<\/a>, ist <a href=\"https:\/\/www.leafly.com\/strains\/green-crack\" target=\"_blank\" rel=\"noopener\">GC<\/a> eine Freude f\u00fcr alle Cannabiskonsumenten. Besonders Snoop Dogg, der sie als seine Lieblingssorte bezeichnete. Honigbr\u00f6tchen<\/p>\n<p>Estetica GC<\/p>\n<p>Green Crack \u00e8 ricco di note fruttate e speziate che stimolano i sensi. Il fumo \u00e8 leggero e facile da inalare, perfetto per chi \u00e8 nuovo nel mondo della cannabis. Le cime sono fitte ma di piccole dimensioni. Gli utenti possono notare che i boccioli sono simili a \"popcorn\". Acquista funghi magici cubani online<\/p>\n<h2>Acquista Green Crack Online Croazia<\/h2>\n<p>Green Crack \u00e8 un fumo saporito, ma la sua vera bellezza risiede nella sua energica euforia. Big Mex Magic Mushroom Online USA<\/p>\n<p>Green Crack Effetti + Benefici. Acquista BROWNIE ALLA MENTA PIPERITA CON INFUSO DI CANNABIS<\/p>\n<p>Non appena GC raggiunge il sistema, un'ondata di energia tonificante accelera i processi mentali. Il tuo pensiero diventa pi\u00f9 veloce, pi\u00f9 chiaro e pieno di piani complessi. Il pensiero astratto diventa una seconda natura, seguito da un forte senso di concentrazione. La maggior parte degli utenti nota che la variet\u00e0 \u00e8 meglio utilizzata durante il giorno. I 5 Migliori Marchi Di Abbigliamento Di Cannabis<\/p>\n<p>Gr\u00fcner Riss Obwohl Green Crack am Morgen gro\u00dfartig ist, sollte man es auch in der Nacht verwenden. Stell dir das vor. Sweet Tea Cookies kaufen<\/p>\n<p>Sfogli la tua guida allo studio e continui a dimenticare dove sei. Ogni pagina \u00e8 sfocata e i tuoi nervi sono tesi. Hai voglia di un doppio espresso o di una Redbull. Compra Banana Runtz<\/p>\n<p>Gr\u00fcner Riss Auch die medizinischen Vorteile sind vielf\u00e4ltig. Gr\u00fcner Riss GC baut Stress ab und reduziert Depressionen und Angstzust\u00e4nde in leichten F\u00e4llen. Au\u00dferdem ist diese Sorte optimal f\u00fcr den Gebrauch w\u00e4hrend des Tages, um die Symptome chronischer Schmerzen zu lindern. Pfirsich kaufen<\/p>\n<p>Legen Sie den Energydrink weg und greifen Sie zu Green Crack. Du wirst uns sp\u00e4ter danken. Super <a href=\"https:\/\/runtzcartsdisposables.com\/it\/product\/paris-og\/\">Og<\/a> Cookie kaufen<\/p>","protected":false},"excerpt":{"rendered":"<h2 style=\"text-align: center;\">Gr\u00fcner Riss<\/h2>\n<hr \/>\n<p>Non lasciarti ingannare dal nome: questa \u00e8 pura cannabis. Ci sono poche variet\u00e0 paragonabili a Green Crack in quanto induce uno sballo mentale edificante che ti accompagner\u00e0 per tutto il giorno.<\/p>","protected":false},"featured_media":262,"comment_status":"open","ping_status":"closed","template":"","meta":{"_monsterinsights_skip_tracking":false,"_monsterinsights_sitenote_active":false,"_monsterinsights_sitenote_note":"","_monsterinsights_sitenote_category":0},"product_cat":[126,127],"product_tag":[],"_links":{"self":[{"href":"https:\/\/runtzcartsdisposables.com\/it\/wp-json\/wp\/v2\/product\/261"}],"collection":[{"href":"https:\/\/runtzcartsdisposables.com\/it\/wp-json\/wp\/v2\/product"}],"about":[{"href":"https:\/\/runtzcartsdisposables.com\/it\/wp-json\/wp\/v2\/types\/product"}],"replies":[{"embeddable":true,"href":"https:\/\/runtzcartsdisposables.com\/it\/wp-json\/wp\/v2\/comments?post=261"}],"wp:featuredmedia":[{"embeddable":true,"href":"https:\/\/runtzcartsdisposables.com\/it\/wp-json\/wp\/v2\/media\/262"}],"wp:attachment":[{"href":"https:\/\/runtzcartsdisposables.com\/it\/wp-json\/wp\/v2\/media?parent=261"}],"wp:term":[{"taxonomy":"product_cat","embeddable":true,"href":"https:\/\/runtzcartsdisposables.com\/it\/wp-json\/wp\/v2\/product_cat?post=261"},{"taxonomy":"product_tag","embeddable":true,"href":"https:\/\/runtzcartsdisposables.com\/it\/wp-json\/wp\/v2\/product_tag?post=261"}],"curies":[{"name":"wp","href":"https:\/\/api.w.org\/{rel}","templated":true}]}}