{"id":267,"date":"2023-01-12T15:26:07","date_gmt":"2023-01-12T15:26:07","guid":{"rendered":"https:\/\/runtzcartsdisposables.com\/?post_type=product&#038;p=267"},"modified":"2024-11-25T20:12:53","modified_gmt":"2024-11-25T20:12:53","slug":"hawaiianischer-dunst","status":"publish","type":"product","link":"https:\/\/runtzcartsdisposables.com\/it\/product\/hawaiianischer-dunst\/","title":{"rendered":"Hawaiianischer Dunst"},"content":{"rendered":"<h1>Acquista la variet\u00e0 Hawaiian Haze online in Danimarca<\/h1>\n<p>Acquista la variet\u00e0 Hawaiian Haze online in Danimarca. Hawaiian Haze \u00e8 una variet\u00e0 principalmente sativa che produce alcuni effetti sativa di alta qualit\u00e0. Un mix di <a href=\"https:\/\/www.leafly.com\/strains\/hawaiian-haze\" target=\"_blank\" rel=\"noopener\">Hawaiian und Haze Genetik<\/a>, questi boccioli leggeri e ariosi ti lasceranno con la testa tra le nuvole. Molti consumatori riferiscono anche che li rende socievoli e loquaci, quindi pu\u00f2 essere un buon fumo diurno. Foschia Hawaiana. Acquista erba online in Europa<\/p>\n<p>L'odore floreale e il gusto dei frutti tropicali potrebbero farti sognare una vacanza sull'isola. Queste piante sono alte e fioriscono lentamente, impiegando tra le 12 e le 14 settimane, quindi sono probabilmente pi\u00f9 adatte a un coltivatore con una certa esperienza e pazienza.<\/p>\n<p>Hawaiianischer Dunst Eine Mischung aus Hawaiian und Haze Genetik, ein ausgewogener 50\/50 Hybrid, diese leichten, luftigen Knospen werden Ihren Kopf in den Wolken haben.diamond <a href=\"https:\/\/runtzcartsdisposables.com\/it\/product\/moonrocks\/\">OG<\/a> Hash kaufen<\/p>\n<p>Big Mex Magic Mushroom Online USA<\/p>\n<h2>Acquista la variet\u00e0 Hawaiian Haze online in Danimarca<\/h2>\n<p>Aspettati di essere molto socievole e chiacchierone, quindi \u00e8 meglio goderselo in gruppo durante il giorno. compra Lemon Skittle<\/p>\n<p>Il profumo floreale e il sapore di frutta tropicale della Hawaiian Haze potrebbero farti sognare una vacanza sull'isola. Acquista le compresse di Diazepam 10mg online.<\/p>\n<p>Appare principalmente come una variet\u00e0 sativa e offre uno sbalorditivo livello di THC del 26%.buyParallax Shop<\/p>\n<p>Hawaiian Haze offre una squisita miscela di sapori legnosi, tropicali e di pino che non vedrai l'ora di provare.Acquista BROWNIE AL CIOCCOLATO FUDGE<\/p>\n<p>Dopo aver fumato questa variet\u00e0 vi sentirete energici ed euforici allo stesso tempo. Se stai passando una brutta giornata, Hawaiian Haze \u00e8 proprio ci\u00f2 di cui hai bisogno per rimetterti in carreggiata.compra il gelato alla ciliegia bianca<\/p>\n<p>QUALIT\u00c0 GARANTITA<\/p>\n<p>Hawaiianischer Dunst Unser Ziel ist es, Ihnen die hochwertigsten Hanfbl\u00fcten von sorgf\u00e4ltigen, geschickten Z\u00fcchtern zu liefern, die sich um die Pflanzen k\u00fcmmern, von dem Zeitpunkt an, an dem der Samen in die organische Erde eingegraben wird, bis er seinen Weg zu Ihnen findet. Alle unsere erstklassigen CBD-Hanfbl\u00fcten werden unabh\u00e4ngig im Labor getestet, um ihre Legalit\u00e4t sicherzustellen. Ein QR-Code, der direkt zu unserer Seite mit den Laborergebnissen f\u00fchrt, befindet sich wie bei allen unseren Produkten auf dem Etikett jeder Produktverpackung. traube CBD Vape Pen kaufen<\/p>\n<p>Acquista le barrette di cioccolato Mushee Magic Mushroom<\/p>","protected":false},"excerpt":{"rendered":"<h2 style=\"text-align: center;\">Hawaiianischer Dunst<\/h2>\n<hr \/>\n<p>Hawaiianischer Dunst &#8211; Der blumige Geruch und der Geschmack von tropischen Fr\u00fcchten der Hawaiian Haze lassen Sie vielleicht von einem Inselurlaub tr\u00e4umen.<\/p>\n<p>Appare principalmente come una variet\u00e0 sativa, offrendo uno sbalorditivo livello di THC del 26%.<\/p>","protected":false},"featured_media":268,"comment_status":"open","ping_status":"closed","template":"","meta":{"_monsterinsights_skip_tracking":false,"_monsterinsights_sitenote_active":false,"_monsterinsights_sitenote_note":"","_monsterinsights_sitenote_category":0},"product_cat":[126,127],"product_tag":[],"_links":{"self":[{"href":"https:\/\/runtzcartsdisposables.com\/it\/wp-json\/wp\/v2\/product\/267"}],"collection":[{"href":"https:\/\/runtzcartsdisposables.com\/it\/wp-json\/wp\/v2\/product"}],"about":[{"href":"https:\/\/runtzcartsdisposables.com\/it\/wp-json\/wp\/v2\/types\/product"}],"replies":[{"embeddable":true,"href":"https:\/\/runtzcartsdisposables.com\/it\/wp-json\/wp\/v2\/comments?post=267"}],"wp:featuredmedia":[{"embeddable":true,"href":"https:\/\/runtzcartsdisposables.com\/it\/wp-json\/wp\/v2\/media\/268"}],"wp:attachment":[{"href":"https:\/\/runtzcartsdisposables.com\/it\/wp-json\/wp\/v2\/media?parent=267"}],"wp:term":[{"taxonomy":"product_cat","embeddable":true,"href":"https:\/\/runtzcartsdisposables.com\/it\/wp-json\/wp\/v2\/product_cat?post=267"},{"taxonomy":"product_tag","embeddable":true,"href":"https:\/\/runtzcartsdisposables.com\/it\/wp-json\/wp\/v2\/product_tag?post=267"}],"curies":[{"name":"wp","href":"https:\/\/api.w.org\/{rel}","templated":true}]}}