{"id":273,"date":"2023-01-12T15:37:01","date_gmt":"2023-01-12T15:37:01","guid":{"rendered":"https:\/\/runtzcartsdisposables.com\/?post_type=product&#038;p=273"},"modified":"2024-11-25T20:12:52","modified_gmt":"2024-11-25T20:12:52","slug":"hawaiischer-schnee","status":"publish","type":"product","link":"https:\/\/runtzcartsdisposables.com\/it\/product\/hawaiischer-schnee\/","title":{"rendered":"Hawaiischer Schnee"},"content":{"rendered":"<h1>Acquista la neve hawaiana online in Portogallo Ordina la neve hawaiana online nel Regno Unito<\/h1>\n<p>Acquista neve hawaiana online in Portogallo Ordina neve hawaiana online nel Regno Unito. Hawaiian Snow, vincitrice della Cannabis Cup nel 2003, \u00e8 un trio di genetiche Haze che include Neville's Haze, <a href=\"https:\/\/essencevegas.com\/kb\/cannabis-strains\/vt-pure-haze\/\" target=\"_blank\" rel=\"noopener\">Pure Haze<\/a> und <a href=\"https:\/\/runtzcartsdisposables.com\/index.php\/product\/hawaiianischer-dunst\/\">Hawaiian Haze<\/a> in un superiore <a href=\"https:\/\/runtzcartsdisposables.com\/index.php\/product-category\/blumen\/sativa-sorte\/\">Sativa<\/a>linea unita. Ha tutti i tratti che ci si aspetterebbe dal suo lignaggio genetico: una struttura alta ed elastica, un tempo di fioritura lento (fino a 14 settimane), un intenso aroma di incenso speziato con sentori di agrumi ed eucalipto e generose quantit\u00e0 di THC. Ci\u00f2 che distingue davvero Hawaiian Snow \u00e8 lo sballo, un mal di testa altamente stimolante, perfetto per l'interazione sociale e le attivit\u00e0 creative. Hawaiian Snow \u00e8 noto per lasciare agli utenti una risata travolgente. Acquista le compresse di Diazepam 10mg online.<\/p>\n<h2>Acquista neve hawaiana online in Portogallo Ordina neve hawaiana online<\/h2>","protected":false},"excerpt":{"rendered":"<h3 style=\"text-align: center;\">Hawaiischer Schnee<\/h3>\n<hr \/>\n<p>Vincitrice della Cannabis Cup 2003, Hawaiian Snow \u00e8 un trio di genetiche Haze che combina Neville's Haze, Pure Haze e Hawaiian Haze in un'unica linea sativa superiore.<\/p>","protected":false},"featured_media":275,"comment_status":"open","ping_status":"closed","template":"","meta":{"_monsterinsights_skip_tracking":false,"_monsterinsights_sitenote_active":false,"_monsterinsights_sitenote_note":"","_monsterinsights_sitenote_category":0},"product_cat":[126,127],"product_tag":[148,149,150,151,152],"_links":{"self":[{"href":"https:\/\/runtzcartsdisposables.com\/it\/wp-json\/wp\/v2\/product\/273"}],"collection":[{"href":"https:\/\/runtzcartsdisposables.com\/it\/wp-json\/wp\/v2\/product"}],"about":[{"href":"https:\/\/runtzcartsdisposables.com\/it\/wp-json\/wp\/v2\/types\/product"}],"replies":[{"embeddable":true,"href":"https:\/\/runtzcartsdisposables.com\/it\/wp-json\/wp\/v2\/comments?post=273"}],"wp:featuredmedia":[{"embeddable":true,"href":"https:\/\/runtzcartsdisposables.com\/it\/wp-json\/wp\/v2\/media\/275"}],"wp:attachment":[{"href":"https:\/\/runtzcartsdisposables.com\/it\/wp-json\/wp\/v2\/media?parent=273"}],"wp:term":[{"taxonomy":"product_cat","embeddable":true,"href":"https:\/\/runtzcartsdisposables.com\/it\/wp-json\/wp\/v2\/product_cat?post=273"},{"taxonomy":"product_tag","embeddable":true,"href":"https:\/\/runtzcartsdisposables.com\/it\/wp-json\/wp\/v2\/product_tag?post=273"}],"curies":[{"name":"wp","href":"https:\/\/api.w.org\/{rel}","templated":true}]}}