{"id":287,"date":"2023-01-12T15:55:04","date_gmt":"2023-01-12T15:55:04","guid":{"rendered":"https:\/\/runtzcartsdisposables.com\/?post_type=product&#038;p=287"},"modified":"2024-11-25T20:12:49","modified_gmt":"2024-11-25T20:12:49","slug":"jack-herer","status":"publish","type":"product","link":"https:\/\/runtzcartsdisposables.com\/it\/product\/jack-herer\/","title":{"rendered":"Jack Herer"},"content":{"rendered":"<h1>Acquista Jack Herer online in Europa<\/h1>\n<p>Acquista Jack Herer online in Europa. Jack Herer \u00e8 una variet\u00e0 di cannabis a predominanza sativa che \u00e8 diventata famosa quanto il suo omonimo, l'attivista della marijuana e autore di The <a href=\"https:\/\/en.wikipedia.org\/wiki\/The_Emperor_Wears_No_Clothes\" target=\"_blank\" rel=\"noopener\">Emperor Wears No Clothes<\/a>. Combinando uno <a href=\"https:\/\/www.leafly.com\/strains\/haze\" target=\"_blank\" rel=\"noopener\">Haze-Hybriden<\/a> mit einer <a href=\"https:\/\/www.ilovegrowingmarijuana.com\/strains\/northern-lights-no-5\/\" target=\"_blank\" rel=\"noopener\">Northern Lights #5<\/a> und einer <a href=\"https:\/\/www.wikileaf.com\/strain\/shiva-skunk\/\" target=\"_blank\" rel=\"noopener\">Shiva Skunk<\/a>-Kreuzung schuf Sensi Seeds Jack Herer in der Hoffnung, sowohl ein zerebrales Hochgef\u00fchl als auch eine starke Harzproduktion zu erreichen. Ihr reicher genetischer Hintergrund f\u00fchrt zu verschiedenen Variationen von Jack-Herer, wobei jeder Ph\u00e4notyp seine eigenen einzigartigen Eigenschaften und Wirkungen hat. Die Konsumenten beschreiben diesen 55%igen Sativa-Hybriden jedoch in der Regel als gl\u00fcckselig, klar im Kopf und kreativ. Hochwertiges Weed online in Europa kaufen<\/p>\n<p>Jack Herer wurde Mitte der 1990er Jahre in den Niederlanden entwickelt, wo sie sp\u00e4ter von niederl\u00e4ndischen Apotheken als anerkannte medizinische Sorte vertrieben wurde. Seitdem hat diese w\u00fcrzige, nach Kiefer duftende Sorte zahlreiche Auszeichnungen f\u00fcr ihre Qualit\u00e4t und Potenz erhalten. Viele Z\u00fcchter haben versucht, diese Hauptsorte in sonnigen oder mediterranen Klimazonen selbst zu z\u00fcchten. Indoor-Z\u00fcchter sollten 50 bis 70 Tage warten, bis Jack-Herer bl\u00fcht. Candy Jack kaufen<\/p>\n<p>&nbsp;<\/p>\n<p>La variet\u00e0 Jack Herer \u00e8 una delle pi\u00f9 conosciute in Nord America. IL <a href=\"https:\/\/www.wikileaf.com\/strain\/shiva-skunk\/\" target=\"_blank\" rel=\"noopener\">Sativa<\/a> erhielt ihren Namen von Jack-Herer, dem Autor von &#8222;Der Kaiser tr\u00e4gt keine Kleider&#8220;. Sein Engagement f\u00fcr die Verbreitung von Pro-Cannabis-Informationen ist weithin bekannt. Er gilt als einer der Vorv\u00e4ter der Legalisierung. Mango Haze kaufen<\/p>\n<p>Grazie a Sensi Seeds, la leggenda di Jack Herer continua a vivere nelle case di milioni di persone. compra Jack<\/p>\n<p>Frosties Cookies, discendente di Northern Lights #5 e Shiva Skunk. Compra Aurora boreale<\/p>\n<p>&nbsp;<\/p>\n<p>Estetica<\/p>\n<p>La maggior parte conosce Jack Herer per il suo impatto, ma il suo aspetto non \u00e8 diverso. Le sue cime dense sono piene di tricomi, rendendola una pianta appiccicosa. Raccomandiamo l'uso di guanti durante il taglio o il taglio. Acquista i biscotti Chapo<\/p>\n<p>Se volete aggiungere una variet\u00e0 pluripremiata al vostro repertorio, non cercate oltre. La lista dei trofei di Jack Herer \u00e8 impressionante. Attualmente possiede 9 Cannabis Cup Championships e innumerevoli altri premi locali da tutto il mondo. Acquista i ciottoli fruttati<\/p>\n<p>Con la sua paradisiaca variet\u00e0 di profumi e sapori di agrumi, come potrebbe non incassare premi come questo? Per finire, fumare Jack Herer produce un retrogusto di pino che mi ricorda le lussureggianti foreste del Pacifico nord-occidentale. I nuovi arrivati \u200b\u200bapprezzeranno il fumo morbido che \u00e8 facile per la gola. Compra Garrison Lane<\/p>\n<h2>Acquista Jack Herer online in Europa<\/h2>\n<p>Jack Here Effetti + Benefici<\/p>\n<p>Una volta consumato, l'effetto si attiva immediatamente. Un leggero ronzio inizia nella testa, rinvigorendo i sensi e rilasciando tonnellate di endorfine. Man mano che lo sballo progredisce, lo sballo si sposta nel corpo. Non tanto da decapitare l'utente, ma quanto basta per farlo sentire rilassato e leggero. Compra Sour Diesel<\/p>\n<p>Gli effetti creativi di Jack non sono secondi a nessuno. Dal momento in cui il fumo colpisce la lingua al momento in cui il profilo dei cannabinoidi entra nel flusso sanguigno, ha luogo un risveglio artistico. Entrare in uno stato di concentrazione su arte, musica, scrittura e altri mestieri \u00e8 semplice. L'attivit\u00e0 cerebrale include un senso di meraviglia mondano che porta l'utente a mettere in discussione la sua esistenza. Compra una torta di ciliegie<\/p>\n<p>Warnung: Wenn Ihre Freunde nichts von Ihren tiefgr\u00fcndigen Gedanken \u00fcber Jack-Herer h\u00f6ren wollen, ist es an der Zeit, sich neue Freunde zu suchen! Big Mex Magic Mushroom Online USA<\/p>\n<p>Scherzo, ma ti rende molto loquace e socievole. Questo rende questa variet\u00e0 una compagna eccellente per le interazioni sociali. La conversazione diventa un gioco da ragazzi e presentarsi a nuove persone \u00e8 divertente. Acquista Super Og Biscotto<\/p>\n<p>Non solo le qualit\u00e0 creative e sociali rendono questa variet\u00e0 molto speciale, ma l'euforia che induce aiuta chi soffre di depressione. Trasforma l'oscurit\u00e0 in fioritura, la tristezza in gioia. Compra Skittle al limone<\/p>\n<p>Es ist unn\u00f6tig zu erw\u00e4hnen, dass <a href=\"https:\/\/runtzcartsdisposables.com\/it\/product\/jack\/\">Jack Herer<\/a> eine gro\u00dfartige Wahl f\u00fcr die Medikation w\u00e4hrend des Tages ist. Ein paar Z\u00fcge und es ist ein Hintergrundrauschen, aber selbst in gr\u00f6\u00dferen Mengen erlaubt die energetisierende Wirkung den Nutzern, mit ihrem Leben weiterzumachen. Kaufen Sie Jack-Herer Online In Europa Kaufen Sie Member Berry.<\/p>","protected":false},"excerpt":{"rendered":"<h2 style=\"text-align: center;\">Jack Herer<\/h2>\n<hr \/>\n<p>Jack Herer \u00e8 una variet\u00e0 di cannabis a predominanza sativa che \u00e8 diventata famosa quanto il suo omonimo, l'attivista della marijuana e autore di The Emperor Wears No Clothes.<\/p>\n<p>&nbsp;<\/p>","protected":false},"featured_media":288,"comment_status":"open","ping_status":"closed","template":"","meta":{"_monsterinsights_skip_tracking":false,"_monsterinsights_sitenote_active":false,"_monsterinsights_sitenote_note":"","_monsterinsights_sitenote_category":0},"product_cat":[126,127],"product_tag":[155,156,157,158,159],"_links":{"self":[{"href":"https:\/\/runtzcartsdisposables.com\/it\/wp-json\/wp\/v2\/product\/287"}],"collection":[{"href":"https:\/\/runtzcartsdisposables.com\/it\/wp-json\/wp\/v2\/product"}],"about":[{"href":"https:\/\/runtzcartsdisposables.com\/it\/wp-json\/wp\/v2\/types\/product"}],"replies":[{"embeddable":true,"href":"https:\/\/runtzcartsdisposables.com\/it\/wp-json\/wp\/v2\/comments?post=287"}],"wp:featuredmedia":[{"embeddable":true,"href":"https:\/\/runtzcartsdisposables.com\/it\/wp-json\/wp\/v2\/media\/288"}],"wp:attachment":[{"href":"https:\/\/runtzcartsdisposables.com\/it\/wp-json\/wp\/v2\/media?parent=287"}],"wp:term":[{"taxonomy":"product_cat","embeddable":true,"href":"https:\/\/runtzcartsdisposables.com\/it\/wp-json\/wp\/v2\/product_cat?post=287"},{"taxonomy":"product_tag","embeddable":true,"href":"https:\/\/runtzcartsdisposables.com\/it\/wp-json\/wp\/v2\/product_tag?post=287"}],"curies":[{"name":"wp","href":"https:\/\/api.w.org\/{rel}","templated":true}]}}