{"id":299,"date":"2023-01-12T18:14:12","date_gmt":"2023-01-12T18:14:12","guid":{"rendered":"https:\/\/runtzcartsdisposables.com\/?post_type=product&#038;p=299"},"modified":"2024-11-25T20:12:46","modified_gmt":"2024-11-25T20:12:46","slug":"mango-haze","status":"publish","type":"product","link":"https:\/\/runtzcartsdisposables.com\/it\/product\/mango-haze\/","title":{"rendered":"Mango Haze"},"content":{"rendered":"<h1>Acquista Mango Haze online nei Paesi Bassi<\/h1>\n<p>Mango Haze online kaufen in den Niederlanden. Mango-Haze ist eine \u00fcberwiegend Sativa-Sorte, die von Mr. Nice Seeds gez\u00fcchtet wurde. Sie kreuzten <a href=\"https:\/\/www.leafly.com\/strains\/northern-lights--5\" target=\"_blank\" rel=\"noopener\">Northern Lights #5<\/a>, <a href=\"https:\/\/dutch-passion.com\/en\/blog\/haze-skunk-and-kush-the-3-building-blocks-for-modern-cannabis-strains-n971\" target=\"_blank\" rel=\"noopener\">Skunk und Haze<\/a>per creare questa variet\u00e0 stimolante e fruttata. Anche se \u00e8 molto simile alla sua variet\u00e0 gemella Super Silver. ACQUISTA OG<\/p>\n<p>La Haze presenta un caratteristico aroma di mango unito a un'inebriante sensazione cerebrale. Acquista le compresse di Diazepam 10mg online<\/p>\n<p>Mango Haze ist eine perfekt ausbalancierte, sativadominierte Hybridsorte, die als Drei-Wege-Kreuzung zwischen den wahnsinnig beliebten Northern Lights #5 X<a href=\"https:\/\/runtzcartsdisposables.com\/it\/product\/purple-haze\/\"> Skunk X Haze<\/a>-Sorten entstanden ist. Diese k\u00f6stliche Knospe r\u00fchmt sich eines gl\u00fcckseligen, energetischen Rausches, der perfekt f\u00fcr einen Tag drinnen oder drau\u00dfen ist. Der Beginn dieses Rausches ist wahnsinnig erhebend, schl\u00e4gt hart im Kopf ein und vertreibt augenblicklich alle rasenden oder negativen Gedanken und Gef\u00fchle. Dieses Kopf-High erf\u00fcllt Dich mit einem starken Gef\u00fchl von kreativer Energie und Motivation, das von einem sich langsam aufbauenden, entspannenden K\u00f6rper-High getragen wird. Dieses K\u00f6rper-High wird nie ganz sedierend oder schl\u00e4frig, was dieses Gras ideal f\u00fcr den Tagesgebrauch macht, wenn man einen Energieschub braucht, der auch schmerzlindernd ist. Aufgrund dieser Wirkungen eignet sich Mango-Haze perfekt zur Behandlung von M\u00fcdigkeit, chronischem Stress oder Angstzust\u00e4nden, leichten bis mittelschweren F\u00e4llen von Depression und chronischer Migr\u00e4ne oder Kopfschmerzen. Diese Knospen haben ein k\u00f6stliches Aroma von s\u00fc\u00dfer Mango mit einem dunstigen Hauch und einen Geschmack von s\u00fc\u00dfen tropischen Fr\u00fcchten mit einem Hauch von erdigem Haze beim Ausatmen, der angenehm s\u00fc\u00dft. Mango-Haze Knospen haben kleine St\u00fccke von waldgr\u00fcnen fuchsschwanzf\u00f6rmigen Nugs mit dunklen bernsteinfarbenen Haaren und sp\u00e4rlichen kristallklaren wei\u00dfen Trichomen. Kubanische Magic Mushrooms online kaufen.<\/p>\n<h3>Acquista Mango Haze online nei Paesi Bassi<\/h3>\n<p>Diese Cannabis-Sorte wurde von Mr. Nice Seeds kreiert und ist eine Kreuzung aus drei potenten und gleicherma\u00dfen beliebten Sorten. Sie haben Northern Lights #5, Haze, sowie Skunk #1. Ihr genetischer Aufbau mag komplex erscheinen, was an den drei Elternsorten liegt, aber ihre zerebrale Wirkung ist es nicht. Man bekommt einen sanften, lang anhaltenden zerebralen Rausch, der fast traumhaft ist. Hinzu kommen der k\u00f6stliche Geschmack und das Aroma von Mango-Haze, die Ihre Sinne sicherlich erfreuen werden. Purple Kush kaufen<\/p>\n<p>Urspr\u00fcnglich in den Niederlanden entwickelt, wurde Mango-Haze bald zu einer Lieblingssorte vieler Cannabis-Kenner. Ihr erfrischendes Aroma und ihr Geschmack, gepaart mit ihrer starken Euphorie, machen sie zu einer beliebten Sorte in der Cannabisgemeinde. Mango-Haze online kaufen in den Niederlanden. Big Mex Magic Mushroom Online USA<\/p>\n<p>&nbsp;<\/p>\n<p>&nbsp;<\/p>\n<p>&nbsp;<\/p>","protected":false},"excerpt":{"rendered":"<p>Mango Haze \u00e8 una variet\u00e0 a predominanza sativa ibridata da Mr. Nice Seeds che ha incrociato Northern Lights #5, Skunk e Haze per creare questa variet\u00e0 stimolante e fruttata. Nonostante sia simile alla sua variet\u00e0 gemella Super Silver Haze, Mango lo \u00e8.<\/p>","protected":false},"featured_media":300,"comment_status":"open","ping_status":"closed","template":"","meta":{"_monsterinsights_skip_tracking":false,"_monsterinsights_sitenote_active":false,"_monsterinsights_sitenote_note":"","_monsterinsights_sitenote_category":0},"product_cat":[126,127],"product_tag":[160,161,162,163,164],"_links":{"self":[{"href":"https:\/\/runtzcartsdisposables.com\/it\/wp-json\/wp\/v2\/product\/299"}],"collection":[{"href":"https:\/\/runtzcartsdisposables.com\/it\/wp-json\/wp\/v2\/product"}],"about":[{"href":"https:\/\/runtzcartsdisposables.com\/it\/wp-json\/wp\/v2\/types\/product"}],"replies":[{"embeddable":true,"href":"https:\/\/runtzcartsdisposables.com\/it\/wp-json\/wp\/v2\/comments?post=299"}],"wp:featuredmedia":[{"embeddable":true,"href":"https:\/\/runtzcartsdisposables.com\/it\/wp-json\/wp\/v2\/media\/300"}],"wp:attachment":[{"href":"https:\/\/runtzcartsdisposables.com\/it\/wp-json\/wp\/v2\/media?parent=299"}],"wp:term":[{"taxonomy":"product_cat","embeddable":true,"href":"https:\/\/runtzcartsdisposables.com\/it\/wp-json\/wp\/v2\/product_cat?post=299"},{"taxonomy":"product_tag","embeddable":true,"href":"https:\/\/runtzcartsdisposables.com\/it\/wp-json\/wp\/v2\/product_tag?post=299"}],"curies":[{"name":"wp","href":"https:\/\/api.w.org\/{rel}","templated":true}]}}