{"id":323,"date":"2023-01-12T18:39:19","date_gmt":"2023-01-12T18:39:19","guid":{"rendered":"https:\/\/runtzcartsdisposables.com\/?post_type=product&#038;p=323"},"modified":"2024-11-25T20:12:40","modified_gmt":"2024-11-25T20:12:40","slug":"strawberry-cough","status":"publish","type":"product","link":"https:\/\/runtzcartsdisposables.com\/it\/product\/strawberry-cough\/","title":{"rendered":"Strawberry Cough"},"content":{"rendered":"<h1>Acquista la tosse alla fragola online<\/h1>\n<p>Acquista la tosse alla fragola online. Conosciuta per il suo dolce profumo di fragole fresche e per una sensazione di diffusione che pu\u00f2 far tossire anche il fumatore pi\u00f9 esperto, Strawberry Cough \u00e8 una variet\u00e0 potente con misteriose origini genetiche. I sapori skunk, simili alle bacche, conquisteranno i tuoi sensi<\/p>\n<p>l'effetto cerebrale ed edificante crea un'aura di euforia che sicuramente ti far\u00e0 sorridere. Strawberry Cough \u00e8 un'ottima soluzione in tempi di stress elevato.<\/p>\n<p>La variet\u00e0 Strawberry Cough \u00e8 una sativa per secoli. Offre tutto ci\u00f2 che si pu\u00f2 desiderare da una variet\u00e0 mattutina e altro ancora. Acquista erba online in Europa<\/p>\n<p>Diese sensationelle Sativa hat eine besonders gut dokumentierte Geschichte. Sie wurde von <a href=\"https:\/\/www.facebook.com\/KushmanVeganics\/\" target=\"_blank\" rel=\"noopener\">Kyle Kushman<\/a> sviluppato dall'incrocio di Strawberry Fields e Haze. Dopo averli perfezionati, ha guidato da New York a Los Angeles e ha distribuito cloni ogni volta che poteva nella speranza di diffondere la tensione. Una volta in California, ha fatto sforzi per aumentare la popolarit\u00e0 del ceppo. Biscotti Chapo<\/p>\n<p>Grazie al suo lavoro, Strawberry Cough ha riscaldato i polmoni e il cuore di innumerevoli persone in tutto il mondo.<\/p>\n<p><a href=\"https:\/\/runtzcartsdisposables.com\/it\/\">Weed online kaufen in Europa<\/a><\/p>\n<h2>Acquista la tosse alla fragola online<\/h2>\n<p>Estetica<\/p>\n<p>Lo status leggendario di Strawberry Cough inizia con l'aroma. Un piacevole bouquet di fragole irrita le narici, ricordando perch\u00e9 porta quel nome. Mentre la fragola scorre, un pizzico di pepe alle erbe riempie gli spazi vuoti. Lemon Zkittle Il sapore \u00e8 in gran parte lo stesso, con un po' di piccantezza e dolcezza che irrompono. Mentre ci si aspetterebbe che un bocciolo che ha cos\u00ec tanto da offrire in termini di sapore e profumo sia un fumo morbido, purtroppo ci si sbaglia. La parte tosse del nome \u00e8 valida quanto la fragola. Zkittle al limone<\/p>\n<p>Anche i consumatori di marijuana pi\u00f9 esperti tossiscono a causa del fumo della variet\u00e0. kush alla fragola<\/p>\n<p>&nbsp;<\/p>\n<p>Effetti + benefici per la tosse alla fragola<\/p>\n<p>Qualsiasi variet\u00e0 con questo straordinario profilo aromatico sar\u00e0 un argomento di conversazione. Ma anche se il sapore rivaleggia con il meglio di loro, il ronzio \u00e8 una rappresentazione migliore della variet\u00e0. fante. Quando l'attacco di tosse si placa e lo sballo aumenta, irrompe uno sballo di euforia. Molti descrivono l'evento come illuminante o che accresce la saggezza. Strawberry Cough \u00e8 una variet\u00e0 che incoraggia conversazioni profonde e significative. Se Platone o Socrate fumassero cannabis, sarebbero sicuramente interessati a questa variet\u00e0. Biscotto SuperOg<\/p>\n<p>Accoppiato con il filo del pensiero perspicace c'\u00e8 un focus e un'energia diversi da qualsiasi altra cosa. In pochi istanti, ti mette in uno stato che ti spinge a perseguire obiettivi, completare compiti e conquistare il mondo. ACQUISTA CRESCERE (per grammo)<\/p>\n<p>Strawberry Cough \u00e8 una chiave per la creativit\u00e0 e apre le porte a un mondo di immaginazione. Aiuta ad abbattere le barriere che ti hanno portato a inseguire idee. Invece, le idee fluiscono attraverso di te. L'unico problema \u00e8 decidere quale abbracciare e quale scartare. \u00c8 anche descritto come un lieve psichedelico sperimentato da alcuni. Frittelle di mele<\/p>\n<p>Molte delle caratteristiche che rendono la Strawberry Cough una straordinaria variet\u00e0 ricreativa sono utili anche per l'uso medicinale. Lo stress e la depressione possono essere curati grazie alle sue propriet\u00e0 ricostituenti. Anche le peggiori tendenze al ribasso si invertono in un istante. Compra Preparato per torte\/Minntz<\/p>\n<p>\u00c8 stato dimostrato che il disturbo da deficit di attenzione, o ADD, migliora con l'uso di questo fiore. Si prega di consultare il proprio medico prima di interrompere qualsiasi farmaco. jack di caramelle<\/p>\n<p>La variet\u00e0 Strawberry Cough \u00e8 una variet\u00e0 unica. \u00c8 perfetto per iniziare la giornata e aiutarti a eccellere ovunque ti porti la vita. Compra la torta di ciliegie<\/p>\n<p>Bis zu 21-23% THC<\/p>","protected":false},"excerpt":{"rendered":"<h2 style=\"text-align: center;\"><strong>Strawberry Cough<\/strong><\/h2>\n<hr \/>\n<p style=\"text-align: center;\">\n<p>Conosciuta per il suo dolce profumo di fragole fresche e per una sensazione di diffusione che pu\u00f2 far tossire anche il fumatore pi\u00f9 esperto, Strawberry Cough \u00e8 una variet\u00e0 potente con origini genetiche misteriose.<\/p>","protected":false},"featured_media":324,"comment_status":"open","ping_status":"closed","template":"","meta":{"_monsterinsights_skip_tracking":false,"_monsterinsights_sitenote_active":false,"_monsterinsights_sitenote_note":"","_monsterinsights_sitenote_category":0},"product_cat":[126,127],"product_tag":[],"_links":{"self":[{"href":"https:\/\/runtzcartsdisposables.com\/it\/wp-json\/wp\/v2\/product\/323"}],"collection":[{"href":"https:\/\/runtzcartsdisposables.com\/it\/wp-json\/wp\/v2\/product"}],"about":[{"href":"https:\/\/runtzcartsdisposables.com\/it\/wp-json\/wp\/v2\/types\/product"}],"replies":[{"embeddable":true,"href":"https:\/\/runtzcartsdisposables.com\/it\/wp-json\/wp\/v2\/comments?post=323"}],"wp:featuredmedia":[{"embeddable":true,"href":"https:\/\/runtzcartsdisposables.com\/it\/wp-json\/wp\/v2\/media\/324"}],"wp:attachment":[{"href":"https:\/\/runtzcartsdisposables.com\/it\/wp-json\/wp\/v2\/media?parent=323"}],"wp:term":[{"taxonomy":"product_cat","embeddable":true,"href":"https:\/\/runtzcartsdisposables.com\/it\/wp-json\/wp\/v2\/product_cat?post=323"},{"taxonomy":"product_tag","embeddable":true,"href":"https:\/\/runtzcartsdisposables.com\/it\/wp-json\/wp\/v2\/product_tag?post=323"}],"curies":[{"name":"wp","href":"https:\/\/api.w.org\/{rel}","templated":true}]}}