{"id":329,"date":"2023-01-12T18:47:40","date_gmt":"2023-01-12T18:47:40","guid":{"rendered":"https:\/\/runtzcartsdisposables.com\/?post_type=product&#038;p=329"},"modified":"2024-11-25T20:12:38","modified_gmt":"2024-11-25T20:12:38","slug":"super-lemon-haze","status":"publish","type":"product","link":"https:\/\/runtzcartsdisposables.com\/it\/product\/super-lemon-haze\/","title":{"rendered":"Super Lemon Haze"},"content":{"rendered":"<h1>Acquista Super Lemon Haze online in Germania<\/h1>\n<p>Acquista Super Lemon Haze online in Germania. Un ibrido a predominanza sativa di <a href=\"https:\/\/www.wikileaf.com\/strain\/lemon-skunk\/\" target=\"_blank\" rel=\"noopener\">Lemon Skunk<\/a> und <a href=\"https:\/\/weedmaps.com\/strains\/super-silver-haze\" target=\"_blank\" rel=\"noopener\">Super Silver Haze<\/a> e due volte vincitore della Cannabis Cup della Green House Seeds. La Super Lemon Haze \u00e8 una meraviglia multicolore infusa di kief. Come suggerisce il nome, questa variet\u00e0 ha delle vere propriet\u00e0 di limone. L'odore \u00e8 piccante, agrumato e un po' dolce. Dal punto di vista del sapore, \u00e8 quello che ti aspetteresti dal suo omonimo: aspro e dolce come le caramelle Lemonheads - non cos\u00ec pungente come potresti aspettarti. L'effetto \u00e8 straordinariamente energico e vibrante, e potrebbe non essere la migliore variet\u00e0 per quelli di noi che sono naturalmente molto tesi. Acquista marijuana di alta qualit\u00e0 online nei Paesi Bassi<\/p>\n<p>La Super Lemon Haze \u00e8 stata sviluppata dalla genetica ETHOS. Nel 2008 hanno ricevuto i semi in Olanda direttamente dai breeder di Greenhouse Seed, questo progetto \u00e8 attivo da 10 anni. Dopo che gli fu detto che l'incrocio vero e proprio era Jack x Lemon Skunk, non Super Silver Haze, iniziarono con un maschio di Jack Herer in Lemon Man's, Lemon Skunk. Dopo il primo round, si sono resi conto che questi erano i genitori. Una volta ottenuto il maschio, lo hanno accoppiato con il nostro taglio SLH preferito e il processo \u00e8 iniziato. La Jack domina molte delle espressioni, a parte un tempo di fioritura pi\u00f9 rapido e un effetto sativa pi\u00f9 rilassato. Compra una torta di frutti di bosco<\/p>\n<p>Profilo di cannabinoidi e terpeni: The <a href=\"https:\/\/runtzcartsdisposables.com\/it\/\">THC<\/a>-Il contenuto di Super Lemon Haze \u00e8 relativamente alto al 25%. Altri cannabinoidi sono CBN (da 0% a 0,02%), CBG (da 0,8% a 1,7%), THCV (da 0,1% a 0,3%), CBC (da 0% a 0,1%) e CBD (da 1% a 2%), Vostra Altezza .<\/p>\n<h2>Acquista Super Lemon Haze online in Germania<\/h2>\n<p>La Super Lemon Haze contiene alti livelli di terpinolene, mircene, nerolidolo e limonene. Ha anche cariofillene, linalolo, umulene, eucaliptolo, terpinene, pinene e cura. Acquista biscotti al t\u00e8 dolci<\/p>\n<p>Sapori\/aroma: Super Lemon Haze ha un aroma terroso con sentori di agrumi, limone e spezie. Il gusto \u00e8 una combinazione di dolce, acido e piccante. Puoi assaporare sentori di caramelle dolci, limone aspro e agrumi piccanti. compra Jack<\/p>\n<p>Effetti: Essendo una variet\u00e0 a predominanza sativa, puoi aspettarti un forte effetto euforico. Inizialmente sentirai uno sballo piacevole e delicato nella testa, che si diffonder\u00e0 lentamente al tuo corpo, lasciandoti rilassato ma pieno di energia. Compra Strawberry Kush<\/p>\n<p>Sentirai anche un miglioramento del tuo umore. Ti sentirai pi\u00f9 felice, pi\u00f9 vivo e pi\u00f9 socievole, rendendola una buona variet\u00e0 per le riunioni sociali. Ti sentirai anche pi\u00f9 creativo e produttivo. Acquista funghi magici cubani online.<\/p>\n<p>Condizioni terapeutiche: la Super Lemon Haze \u00e8 perfetta per l'uso diurno. Acquista zampilli. Il dolce sapore di limone stimola i tuoi sensi mentre il suo effetto ti d\u00e0 energia e ti solleva. La Super Lemon Haze \u00e8 l'ideale per le persone che hanno difficolt\u00e0 a concentrarsi sulle loro attivit\u00e0 quotidiane poich\u00e9 aumenta la concentrazione e la creativit\u00e0. Acquista Super Og Biscotto<\/p>\n<p>La Super Lemon Haze ha potenti effetti analgesici e antinfiammatori, che la rendono una scelta perfetta per chi soffre di dolore cronico, affaticamento e infiammazione. Pu\u00f2 aiutare ad alleviare i sintomi di artrite, mal di testa, dolore cronico, fibromialgia ed emicrania. Acquista la gelatina d'uva<\/p>\n<p>Questa variet\u00e0 \u00e8 anche un potenziatore dell'umore e pu\u00f2 aiutare a stabilizzare i pensieri e gli stati d'animo negativi legati alla depressione e all'ansia. L'uso della Super Lemon Haze riduce anche la nausea e il vomito e pu\u00f2 aiutare a migliorare la perdita di appetito.<\/p>","protected":false},"excerpt":{"rendered":"<p>Un ibrido a predominanza sativa di Lemon Skunk e Super Silver Haze e due volte vincitore della Cannabis Cup della Green House Seeds. La Super Lemon Haze \u00e8 una meraviglia multicolore e imbevuta di kief. Come suggerisce il nome, questa variet\u00e0 ha delle vere propriet\u00e0 di limone.<\/p>\n<p>&nbsp;<\/p>","protected":false},"featured_media":330,"comment_status":"open","ping_status":"closed","template":"","meta":{"_monsterinsights_skip_tracking":false,"_monsterinsights_sitenote_active":false,"_monsterinsights_sitenote_note":"","_monsterinsights_sitenote_category":0},"product_cat":[126,127],"product_tag":[178,179,180,181],"_links":{"self":[{"href":"https:\/\/runtzcartsdisposables.com\/it\/wp-json\/wp\/v2\/product\/329"}],"collection":[{"href":"https:\/\/runtzcartsdisposables.com\/it\/wp-json\/wp\/v2\/product"}],"about":[{"href":"https:\/\/runtzcartsdisposables.com\/it\/wp-json\/wp\/v2\/types\/product"}],"replies":[{"embeddable":true,"href":"https:\/\/runtzcartsdisposables.com\/it\/wp-json\/wp\/v2\/comments?post=329"}],"wp:featuredmedia":[{"embeddable":true,"href":"https:\/\/runtzcartsdisposables.com\/it\/wp-json\/wp\/v2\/media\/330"}],"wp:attachment":[{"href":"https:\/\/runtzcartsdisposables.com\/it\/wp-json\/wp\/v2\/media?parent=329"}],"wp:term":[{"taxonomy":"product_cat","embeddable":true,"href":"https:\/\/runtzcartsdisposables.com\/it\/wp-json\/wp\/v2\/product_cat?post=329"},{"taxonomy":"product_tag","embeddable":true,"href":"https:\/\/runtzcartsdisposables.com\/it\/wp-json\/wp\/v2\/product_tag?post=329"}],"curies":[{"name":"wp","href":"https:\/\/api.w.org\/{rel}","templated":true}]}}