{"id":335,"date":"2023-01-12T18:54:26","date_gmt":"2023-01-12T18:54:26","guid":{"rendered":"https:\/\/runtzcartsdisposables.com\/?post_type=product&#038;p=335"},"modified":"2024-11-25T20:12:37","modified_gmt":"2024-11-25T20:12:37","slug":"super-sour-diesel","status":"publish","type":"product","link":"https:\/\/runtzcartsdisposables.com\/it\/product\/super-sour-diesel\/","title":{"rendered":"Super Sour Diesel"},"content":{"rendered":"<h1>Acquista Super Sour Diesel online in Germania<\/h1>\n<p>Acquista Super Sour Diesel online in Germania. Seguendo i suoi famosi genitori, la Super Sour Diesel \u00e8 una variet\u00e0 incredibile <a href=\"https:\/\/runtzcartsdisposables.com\/index.php\/product-category\/blumen\/sativa-sorte\/\">Sativa<\/a>. Un potente incrocio tra <a href=\"https:\/\/www.leafly.com\/strains\/super-silver-haze\" target=\"_blank\" rel=\"noopener\">Super Silver Haze<\/a> und <a href=\"https:\/\/en.wikipedia.org\/wiki\/Sour_Diesel\" target=\"_blank\" rel=\"noopener\">Sour Diesel<\/a>. Super Sour Diesel beseitigt Stress und Schmerzen, w\u00e4hrend sie Kreativit\u00e4t und Euphorie f\u00f6rdert. Super Sour-Diesel spendet Energie und eignet sich daher hervorragend f\u00fcr den Tagesgebrauch. Neue Konsumenten sollten jedoch vorsichtig sein, wenn sie diese Sorte ausprobieren. Super Sour-Diesel hat eine starke zerebrale Wirkung, die f\u00fcr MMJ-Neulinge \u00fcberw\u00e4ltigend sein kann. Vertraute Nutzer werden von der introspektiven Wirkung dieser Sorte \u00fcberrascht sein. Gesellig und spa\u00dfig, die Wirkung dieser Sorte ist schon beim ersten Probieren sp\u00fcrbar. Das scharfe, treibstoff\u00e4hnliche Aroma von Super Sour Diesel spricht f\u00fcr die schiere St\u00e4rke dieser Sorte. buy Golden Pineapplecredible Sativa. Super Sour-Diesel ist eine potente Kreuzung aus Super Silver Haze und Sour Diesel. Sie vertreibt Stress und Schmerzen und f\u00f6rdert gleichzeitig Kreativit\u00e4t und Euphorie. In echter Sativa-Form gibt Super Sour-Diesel Energie, was sie f\u00fcr den Tagesgebrauch geeignet macht. Kaufen Sie Marihuana in Spitzenqualit\u00e4t online. Neue Nutzer sollten jedoch Vorsicht walten lassen, wenn sie diese Sorte ausprobieren. Super Sour Diesel erzeugt starke zerebrale Effekte, die f\u00fcr MMJ-Neulinge \u00fcberw\u00e4ltigend sein k\u00f6nnen. Vertraute Nutzer werden von der introspektiven Wirkung dieser Sorte \u00fcberrascht sein. Gesellig und spa\u00dfig, die Wirkung dieser Sorte ist schon beim ersten Probieren sp\u00fcrbar. Das scharfe, treibstoff\u00e4hnliche Aroma von Super Sour-Diesel spricht f\u00fcr die schiere St\u00e4rke dieser Sorte. buyBlonde Lebanese Hash<\/p>\n<h2>Acquista Super Sour Diesel online in Germania<\/h2>\n<p>Sativa THC: 18% &#8211; 24%. Kubanische Magic Mushrooms online kaufen<\/p>\n<p>Super Sour-Diesel, vielen Mitgliedern der <a href=\"https:\/\/runtzcartsdisposables.com\/it\/\">Cannabis<\/a>-Community auch als &#8222;Super Silver Sour Diesel&#8220; bekannt, ist eine 100% reine Sativa-Sorte, die eine potente Kreuzung zwischen den \u00e4u\u00dferst beliebten Super Silver Haze X Sour Diesel-Sorten ist. Diese geile Knospe hat einen m\u00e4\u00dfig hohen THC-Gehalt von durchschnittlich 18-24% und eine starke Sativa-Wirkung. Benutzer beschreiben die Super Sour-Diesel als ein High, das unglaublich stark ist, fast bis zu dem Punkt, dass es \u00fcberw\u00e4ltigend ist. Man f\u00fchlt sich intensiv gl\u00fccklich und erhaben, aber auch benebelt und leicht abgelenkt. Grape CBD Vape Pen kaufen<\/p>\n<h3>COME TI FA SENTIRE QUESTA FORZA?<\/h3>\n<p>Obwohl Super Sour-Diesel ein wenig abgehoben ist, f\u00fchlt man sich entspannt und kreativ, mit Tendenzen zu leichter Beklemmung, wenn zu viel auf einmal geraucht wird. Aufgrund dieser starken Wirkungen ist Super Sour-Diesel eine ideale Sorte f\u00fcr die Behandlung von Patienten, die unter chronischem Stress, Depressionen, chronischen Schmerzen und M\u00fcdigkeit leiden. Super Sour Diesel hat ein Aroma von stechendem Diesel mit einem erdigen Hauch und einen Geschmack von Diesel mit einem sauren chemischen Nachgeschmack beim Ausatmen. Die Knospen von Super Sour-Diesel haben lange, pfefferf\u00f6rmige, neongr\u00fcne Knospen mit minzgr\u00fcnen Flecken und Bl\u00e4ttern. Diese Knospen sind mit sp\u00e4rlichen feurigen orangefarbenen Haaren \u00fcbers\u00e4t und mit einer dicken Schicht kristallwei\u00dfer Trichome und Harz \u00fcberzogen.<\/p>","protected":false},"excerpt":{"rendered":"<p>La Super Sour Diesel, conosciuta anche come \"Super Silver Sour Diesel\" da molti membri della comunit\u00e0 della cannabis, \u00e8 una variet\u00e0 sativa pura al 100% che \u00e8 un potente incrocio tra le popolarissime variet\u00e0 Super Silver Haze X Sour Diesel.<\/p>","protected":false},"featured_media":336,"comment_status":"open","ping_status":"closed","template":"","meta":{"_monsterinsights_skip_tracking":false,"_monsterinsights_sitenote_active":false,"_monsterinsights_sitenote_note":"","_monsterinsights_sitenote_category":0},"product_cat":[126,127],"product_tag":[182,183,184,185,186],"_links":{"self":[{"href":"https:\/\/runtzcartsdisposables.com\/it\/wp-json\/wp\/v2\/product\/335"}],"collection":[{"href":"https:\/\/runtzcartsdisposables.com\/it\/wp-json\/wp\/v2\/product"}],"about":[{"href":"https:\/\/runtzcartsdisposables.com\/it\/wp-json\/wp\/v2\/types\/product"}],"replies":[{"embeddable":true,"href":"https:\/\/runtzcartsdisposables.com\/it\/wp-json\/wp\/v2\/comments?post=335"}],"wp:featuredmedia":[{"embeddable":true,"href":"https:\/\/runtzcartsdisposables.com\/it\/wp-json\/wp\/v2\/media\/336"}],"wp:attachment":[{"href":"https:\/\/runtzcartsdisposables.com\/it\/wp-json\/wp\/v2\/media?parent=335"}],"wp:term":[{"taxonomy":"product_cat","embeddable":true,"href":"https:\/\/runtzcartsdisposables.com\/it\/wp-json\/wp\/v2\/product_cat?post=335"},{"taxonomy":"product_tag","embeddable":true,"href":"https:\/\/runtzcartsdisposables.com\/it\/wp-json\/wp\/v2\/product_tag?post=335"}],"curies":[{"name":"wp","href":"https:\/\/api.w.org\/{rel}","templated":true}]}}