{"id":383,"date":"2023-01-13T05:48:26","date_gmt":"2023-01-13T05:48:26","guid":{"rendered":"https:\/\/runtzcartsdisposables.com\/?post_type=product&#038;p=383"},"modified":"2024-11-25T20:12:24","modified_gmt":"2024-11-25T20:12:24","slug":"blueberry-kush","status":"publish","type":"product","link":"https:\/\/runtzcartsdisposables.com\/it\/product\/blueberry-kush\/","title":{"rendered":"Blueberry kush"},"content":{"rendered":"<h1>Acquista Blueberry Kush a Bakersfield<\/h1>\n<p>Acquista Blueberry Kush a Bakersfield. Ordina Blueberry Kush a Bakersfield. La Blueberry Kush \u00e8 una variet\u00e0 a predominanza indica che induce lentamente una sensazione corporea pesante, aiutando i consumatori a dimenticare lo stress e rilassarsi. Originaria dell'Oregon, questa variet\u00e0 \u00e8 un ibrido di Blueberry e OG Kush, evidente nel suo fresco aroma di frutti di bosco con note erbacee terrose. Questa variet\u00e0 \u00e8 una delle preferite da fumare prima di andare a letto, con un effetto sognante che ti far\u00e0 addormentare con facilit\u00e0.compra Skittles Moonrocks<\/p>\n<p>Blueberry \u00e8 una variet\u00e0 di marijuana nota per il suo gusto spettacolare<br \/>\ne alti euforici. La variet\u00e0 \u00e8 stata sviluppata dall'iconico breeder DJ Short.<br \/>\nBlueberry \u00e8 un ibrido indica di (Purple Thai x Highland Thai) e<br \/>\nafgano. Se coltivata correttamente, la Blueberry ha un contenuto di THC di circa il 19,5% e ne produrr\u00e0 uno<br \/>\nCime di qualit\u00e0 e molto dense. L'esclusivo sapore di frutti di bosco e lo sballo calmante di Blueberry<br \/>\nVariet\u00e0 per intenditori di cannabis in tutto il mondo. Consumatori di marijuana medica<br \/>\ntrova Blueberry sia un antistress che un antidolorifico. compra Mimosa<\/p>\n<h2>Blueberry Kush a Bakersfield kaufen<\/h2>\n<p>Acquista Blueberry Kush a Bakersfield. Ordina Blueberry Kush a Bakersfield. La Blueberry \u00e8 un ibrido indica popolare e saporito con una forte genetica<br \/>\nSpina dorsale. \u00c8 un incrocio a tre vie tra un genitore indica Afghani e una sativa<br \/>\nGenitori delle varianti Thai e Purple Thai. Blueberry \u00e8 stato originariamente sviluppato in<br \/>\nsviluppato negli anni '70 o '80 da DJ Short, un allevatore riservato ma prolifico che<br \/>\ndenominato \"Willy Wonka of the Pot\". Il mirtillo \u00e8 caratterizzato da un caratteristico<br \/>\nprofumo e sapore di mirtillo fresco che li hanno resi un favorito perenne. Compra Mango Haze<br \/>\nIl mirtillo \u00e8 popolare a livello nazionale. Ha vinto il massimo dei voti agli High Times nel 2000<br \/>\nCannabis Cup per la migliore Indica e la migliore variet\u00e0 complessiva. Il mirtillo ha un THC<br \/>\nGehalt, der zwischen 15% und 24%<a href=\"https:\/\/runtzcartsdisposables.com\/it\/product\/og-kush\/\"> liegt<\/a>.<\/p>\n<p>Le cime di questa variet\u00e0 sono piccole e fitte, come ci si aspetterebbe da una<br \/>\nPrevisto ceppo a predominanza indica. Le foglie compatte, verde bosco, sono spesso screziate<br \/>\nTracce di porpora e rosso maculato. Questi ultimi colori sono causati da un alto<br \/>\nLivelli di pigmenti, gli antociani, nella genetica di questo ceppo - se<br \/>\nle piante sono esposte a temperature pi\u00f9 fredde della media durante la stagione vegetativa<br \/>\nesposti durante la stagione di crescita, questi pigmenti si attivano e producono toni dai colori vivaci. Le foglie<br \/>\nsono ricoperti da tricomi quasi trasparenti che sono pi\u00f9 difficili da vedere di cos\u00ec<br \/>\nle ghiandole lattiginose o ambrate ricoprono variet\u00e0 resinose simili.<br \/>\nTuttavia, le cime della Blueberry sono molto appiccicose e difficili da stuzzicare<br \/>\nFai leva a mano senza usare una smerigliatrice.<\/p>\n<p>Il fascino di questa variet\u00e0 non si limita solo ai suoi straordinari colori, se<br \/>\nQuando le cime sono adeguatamente conciate, emanano immediatamente un aroma pi\u00f9 fresco<br \/>\nmirtilli. Questo odore dolce e leggermente aspro ha una certa somiglianza con quello<br \/>\nOdore del ceppo genitore Purple Thai. Quando si rompono i boccioli di Blueberry<br \/>\nalcuni sentori pi\u00f9 complessi di spezie e muschio che ricordano l'afghano<br \/>\nOrdina. Quando le cime vengono bruciate direttamente, si pu\u00f2 notare una certa puzzolenza. Fumo<br \/>\n\u00e8 sorprendentemente morbida per essere un'indica e ha un dolce sapore di mirtillo<br \/>\nSapore di mirtillo in inspirazione ed espirazione senza funk persistente.<\/p>\n<p>Spesso descritta come una variet\u00e0 a cui rinunciare in un colpo solo, la Blueberry \u00e8 particolarmente potente<br \/>\nanche per gli appassionati di cannabis stagionati. Gli utenti diventeranno rapidamente uno<br \/>\nSensazione di pesantezza fisica che si verifica in situazioni che richiedono mobilit\u00e0 o<br \/>\nche richiedono mobilit\u00e0 o coordinamento. In situazioni rilassate, questa sensazione fisica pu\u00f2<br \/>\ntransizione in una calma terapeutica che consente ai consumatori di cercare a<br \/>\nla lunga giornata lavorativa o la settimana possono rilassarsi.<\/p>\n<p>Die Sativa-Genetik sorgt f\u00fcr leichte mentale Effekte, die jedoch eher die<a href=\"https:\/\/kokaindrogekaufen.com\/\" target=\"_blank\" rel=\"noopener\"> Form<\/a><br \/>\nforma di elevazione euforica piuttosto che di pensierosit\u00e0 cerebrale; I fumatori possono farlo da soli<br \/>\nsentirsi loquace o addirittura ridacchiare. In dosi abbastanza elevate, Blueberry appesantisce l'utente<br \/>\nCouch \u2013 Non \u00e8 la variet\u00e0 ideale per la produttivit\u00e0 ed \u00e8 pi\u00f9 adatta per<br \/>\nadatto per un tranquillo consumo serale. Dal punto di vista medico, Blueberry ha quasi<br \/>\npropriet\u00e0 stupefacenti.compra Mintz<\/p>\n<p>\u00c8 utile per le persone con condizioni dolorose, sia a causa di dolore a breve termine<br \/>\nDolore dovuto a lesioni o sforzo fisico o cronico<br \/>\ndanno. Pu\u00f2 anche aiutare ad alleviare alcuni dei fastidiosi sintomi dello stress,<br \/>\nAllevia l'ansia e il disturbo da stress post-traumatico inducendo un rilassamento fisico abbastanza forte da farlo<br \/>\nper calmare una mente furiosa e indaffarata.compra erba online in Europa<\/p>","protected":false},"excerpt":{"rendered":"<h2 style=\"text-align: center;\">Blueberry kush<\/h2>\n<hr \/>\n<p>La Blueberry Kush \u00e8 una variet\u00e0 a predominanza indica che induce lentamente una sensazione corporea pesante, aiutando chi la consuma a dimenticare lo stress e rilassarsi. Originaria dell'Oregon, questa variet\u00e0 \u00e8 un ibrido di Blueberry e OG Kush, evidente nel suo fresco aroma di frutti di bosco con note erbacee terrose.<\/p>","protected":false},"featured_media":384,"comment_status":"open","ping_status":"closed","template":"","meta":{"_monsterinsights_skip_tracking":false,"_monsterinsights_sitenote_active":false,"_monsterinsights_sitenote_note":"","_monsterinsights_sitenote_category":0},"product_cat":[126,195],"product_tag":[209,208,210],"_links":{"self":[{"href":"https:\/\/runtzcartsdisposables.com\/it\/wp-json\/wp\/v2\/product\/383"}],"collection":[{"href":"https:\/\/runtzcartsdisposables.com\/it\/wp-json\/wp\/v2\/product"}],"about":[{"href":"https:\/\/runtzcartsdisposables.com\/it\/wp-json\/wp\/v2\/types\/product"}],"replies":[{"embeddable":true,"href":"https:\/\/runtzcartsdisposables.com\/it\/wp-json\/wp\/v2\/comments?post=383"}],"wp:featuredmedia":[{"embeddable":true,"href":"https:\/\/runtzcartsdisposables.com\/it\/wp-json\/wp\/v2\/media\/384"}],"wp:attachment":[{"href":"https:\/\/runtzcartsdisposables.com\/it\/wp-json\/wp\/v2\/media?parent=383"}],"wp:term":[{"taxonomy":"product_cat","embeddable":true,"href":"https:\/\/runtzcartsdisposables.com\/it\/wp-json\/wp\/v2\/product_cat?post=383"},{"taxonomy":"product_tag","embeddable":true,"href":"https:\/\/runtzcartsdisposables.com\/it\/wp-json\/wp\/v2\/product_tag?post=383"}],"curies":[{"name":"wp","href":"https:\/\/api.w.org\/{rel}","templated":true}]}}