{"id":389,"date":"2023-01-13T05:53:21","date_gmt":"2023-01-13T05:53:21","guid":{"rendered":"https:\/\/runtzcartsdisposables.com\/?post_type=product&#038;p=389"},"modified":"2024-11-25T20:12:23","modified_gmt":"2024-11-25T20:12:23","slug":"bubble-kush","status":"publish","type":"product","link":"https:\/\/runtzcartsdisposables.com\/it\/product\/bubble-kush\/","title":{"rendered":"Bubble kush"},"content":{"rendered":"<h5 style=\"text-align: center;\">Bubble kush<\/h5>\n<h1>Kaufen Bubble kush in Carbonado<\/h1>\n<p>Bubble kush in Carbonado kaufen. Bubba Kush in Carbonado bestellen. Bubble kush ist eine <a href=\"https:\/\/runtzcartsdisposables.com\/index.php\/product-category\/blumen\/indica-sorten\/\">Indica-Sorte<\/a>, die in den USA und dar\u00fcber hinaus f\u00fcr ihre stark beruhigende Wirkung bekannt geworden ist. buy PeachS\u00fc\u00dfe Haschisch-Aromen mit subtilen Noten von Schokolade und Kaffee kommen beim Ausatmen durch und erfreuen den Gaumen, w\u00e4hrend sich eine starke Entspannung einstellt. Von Kopf bis Fu\u00df entspannen sich die Muskeln, w\u00e4hrend sich eine tr\u00e4umerische Euphorie \u00fcber den Geist legt, die Stress abbaut und f\u00fcr gute Laune sorgt. Bubble kush weist eine unverwechselbare, volumin\u00f6se Knospenstruktur mit Farbt\u00f6nen auf, die von Waldgr\u00fcn bis zu blassem Lila reichen.<\/p>\n<h2>Bubba Kush in Carbonado kaufen<\/h2>\n<p>Kaufen Sie Bubble kush in Carbonado. bestellen Sie Bubble kush\u00a0 in Carbonado. Bubbas gedrungene Statur und sperrige Knospenstruktur lassen auf afghanische Abstammung schlie\u00dfen, aber ihre genetische Herkunft ist nicht sicher. Der Z\u00fcchter, nach dem diese Sorte benannt wurde, erkl\u00e4rt, dass Bubble kush kurz nach 1996 entstand, als eine OG Kush eine unbekannte Indica-Sorte best\u00e4ubte, die in New Orleans gewonnen wurde. Die Mutterpflanze war angeblich Northern Lights, aber die genetisch zweideutige Indica wurde einfach &#8222;Bubba&#8220; genannt. Seitdem ist Bubba Kush aus ihren kalifornischen Wurzeln heraus aufgebl\u00fcht. buy purple punch<\/p>\n<p>Bubba Kush ist eine Indica-Sorte, die in den USA und dar\u00fcber hinaus wegen ihrer stark beruhigenden Wirkung bekannt geworden ist. S\u00fc\u00dfe Haschisch-Aromen mit subtilen Noten von Schokolade und Kaffee kommen beim Ausatmen durch und erfreuen den Gaumen, w\u00e4hrend sich eine starke Entspannung einstellt. Von Kopf bis Fu\u00df entspannen sich die Muskeln, w\u00e4hrend sich eine tr\u00e4umerische Euphorie \u00fcber den Geist legt, die Stress abbaut und gl\u00fcckliche Stimmungen erzwingt. Bubba Kush weist eine unverwechselbare, volumin\u00f6se Knospenstruktur mit Farbt\u00f6nen auf, die von waldgr\u00fcn bis blassviolett reichen.buy <a href=\"https:\/\/runtzcartsdisposables.com\/it\/product\/og-kush\/\">Platinum Og<\/a><\/p>\n<p>Die gedrungene Statur der Pflanze und die volumin\u00f6se Knospenstruktur von Bubba lassen auf eine afghanische Abstammung schlie\u00dfen, aber ihre genetische Herkunft ist nicht sicher. Der Z\u00fcchter, nach dem diese Sorte benannt wurde, gibt an, dass Bubba Kush kurz nach 1996 entstand, als ein OG Kush-Hybrid eine unbekannte Indica-Sorte best\u00e4ubte, die in New Orleans gewonnen wurde. buy Pineapple ExpressDie Mutterpflanze war angeblich Northern Lights, aber die genetisch zweideutige Indica wurde einfach &#8222;Bubba&#8220; genannt. Bubba Kush hat sich seither von ihren kalifornischen Wurzeln aus weiterentwickelt. weed online<a href=\"https:\/\/hhcgraskaufen.com\" target=\"_blank\" rel=\"noopener\"> kaufen<\/a> Europa<\/p>\n<p>&nbsp;<\/p>\n<p>&nbsp;<\/p>\n<p>&nbsp;<\/p>","protected":false},"excerpt":{"rendered":"<h4 style=\"text-align: center;\">Bubble kush<\/h4>\n<hr \/>\n<hr \/>\n<p>Bubble kush ist eine Indica-Sorte, die in den USA und dar\u00fcber hinaus wegen ihrer stark beruhigenden Wirkung bekannt geworden ist. S\u00fc\u00dfe Haschisch-Aromen mit subtilen Noten von Schokolade und Kaffee kommen beim Ausatmen durch und erfreuen den Gaumen, w\u00e4hrend sich eine starke Entspannung einstellt.<\/p>","protected":false},"featured_media":390,"comment_status":"open","ping_status":"closed","template":"","meta":{"_monsterinsights_skip_tracking":false,"_monsterinsights_sitenote_active":false,"_monsterinsights_sitenote_note":"","_monsterinsights_sitenote_category":0},"product_cat":[126,195],"product_tag":[202,203,211],"_links":{"self":[{"href":"https:\/\/runtzcartsdisposables.com\/it\/wp-json\/wp\/v2\/product\/389"}],"collection":[{"href":"https:\/\/runtzcartsdisposables.com\/it\/wp-json\/wp\/v2\/product"}],"about":[{"href":"https:\/\/runtzcartsdisposables.com\/it\/wp-json\/wp\/v2\/types\/product"}],"replies":[{"embeddable":true,"href":"https:\/\/runtzcartsdisposables.com\/it\/wp-json\/wp\/v2\/comments?post=389"}],"wp:featuredmedia":[{"embeddable":true,"href":"https:\/\/runtzcartsdisposables.com\/it\/wp-json\/wp\/v2\/media\/390"}],"wp:attachment":[{"href":"https:\/\/runtzcartsdisposables.com\/it\/wp-json\/wp\/v2\/media?parent=389"}],"wp:term":[{"taxonomy":"product_cat","embeddable":true,"href":"https:\/\/runtzcartsdisposables.com\/it\/wp-json\/wp\/v2\/product_cat?post=389"},{"taxonomy":"product_tag","embeddable":true,"href":"https:\/\/runtzcartsdisposables.com\/it\/wp-json\/wp\/v2\/product_tag?post=389"}],"curies":[{"name":"wp","href":"https:\/\/api.w.org\/{rel}","templated":true}]}}