{"id":395,"date":"2023-01-13T05:57:17","date_gmt":"2023-01-13T05:57:17","guid":{"rendered":"https:\/\/runtzcartsdisposables.com\/?post_type=product&#038;p=395"},"modified":"2024-11-25T20:12:21","modified_gmt":"2024-11-25T20:12:21","slug":"bubblegum-kush","status":"publish","type":"product","link":"https:\/\/runtzcartsdisposables.com\/it\/product\/bubblegum-kush\/","title":{"rendered":"Bubblegum kush"},"content":{"rendered":"<h1>Acquista Bubblegum Kush online.<\/h1>\n<p>Bubblegum-Kush online kaufen. Bubblegum-Kush online bestellen, Eine 80%ige <a href=\"https:\/\/runtzcartsdisposables.com\/index.php\/product-category\/blumen\/indica-sorten\/\">Indica-Sorte<\/a> von Bulldog Seeds aus den Niederlanden, Bubblegum-Kush ist eine Kreuzung zwischen B<a href=\"https:\/\/www.seriousseeds.com\/cannabis-seeds\/bubble-gum\" target=\"_blank\" rel=\"noopener\">ubble Gum<\/a> und einer nicht n\u00e4her bezeichneten Kush. Sie ist eine einfach anzubauende Pflanze, die riesige Ertr\u00e4ge von frostigen, harzigen Knospen produziert und bei Z\u00fcchtern und Haschischmachern gleicherma\u00dfen beliebt ist. Bubblegum-Kush hat einen s\u00e4uerlichen Geruch und Geschmack, und mit einem THC-Gehalt im Bereich von 18% wird diese Indica die Nutzer v\u00f6llig entspannt und an die Couch gefesselt zur\u00fccklassen.Sweet Tea Cookies kaufen<\/p>\n<h2>Acquista Bubblegum kush online<\/h2>\n<p>Bubblegum kush online kaufen. Bubblegum-kush online bestellen. Bubblegum, die in den 1970er Jahren in Indiana entstanden ist, ist eine fast 80\/20 Mischung aus Indica- und Sativa-Dominanz. Die Bubblegum-Indica-dominante Hybridsorte wurde durch Kreuzung von Indiana Bubblegum mit einer nicht identifizierten Indica-Cannabissorte erzeugt. Diese Sorte wurde dann nach Amsterdam gebracht, um sie zu klonen und zu hybridisieren. Es dauerte mehrere Jahre, bis endlich eine stabile Bubblegum-Sorte mit dem typischen s\u00fc\u00dfen Geruch und dem euphorisierenden Rausch entwickelt wurde. Die Sorte erhielt ihren Namen wegen ihres Geruchs, der an rosa Kaugummi erinnert. Kaufen Sie Super Og Cookie Diese medizinische Marihuana-Sorte konnte sich schnell einen guten Ruf f\u00fcr ihre S\u00fc\u00dfe erwerben. Sie hat einen milden Geschmack mit Kaugummigeschmack sowohl beim Einatmen als auch beim Ausatmen. kaufen Blissfully Baked BrownieDiese Sorte ist der Gewinner mehrerer Auszeichnungen und wurde h\u00e4ufig im &#8222;High Times Cannabis Cup&#8220; platziert. Die Pflanze hat eine hellgr\u00fcne Farbe mit einigen leuchtend orangefarbenen Haaren. kaufen Snow ManDie Knospen sehen luftig aus mit vielen Kristallen, die schneeartig erscheinen. Diese Sorte bietet die klassische Wirkung einer Indica der alten Schule, die bis zu zwei Stunden anh\u00e4lt. Patienten, die unter Stress, Angst und Anspannung leiden, erzielen mit dieser Sorte gute Ergebnisse. Bubblegum hat auch eine stimmungsaufhellende Eigenschaft.buy weed online Europe<br \/>\nTHC: 15-19%.<br \/>\n80% INDICA \/ 20% SATIVA<\/p>","protected":false},"excerpt":{"rendered":"<p>Una variet\u00e0 indica all'80% della Bulldog Seeds dei Paesi Bassi, Bubblegum Kush \u00e8 un incrocio tra Bubble Gum e una Kush non specificata. Una pianta facile da coltivare che produce enormi raccolti di gemme gelide e resinose, \u00e8 apprezzata sia dai coltivatori che dai produttori di hashish.<\/p>","protected":false},"featured_media":396,"comment_status":"open","ping_status":"closed","template":"","meta":{"_monsterinsights_skip_tracking":false,"_monsterinsights_sitenote_active":false,"_monsterinsights_sitenote_note":"","_monsterinsights_sitenote_category":0},"product_cat":[126,195],"product_tag":[212,213,214],"_links":{"self":[{"href":"https:\/\/runtzcartsdisposables.com\/it\/wp-json\/wp\/v2\/product\/395"}],"collection":[{"href":"https:\/\/runtzcartsdisposables.com\/it\/wp-json\/wp\/v2\/product"}],"about":[{"href":"https:\/\/runtzcartsdisposables.com\/it\/wp-json\/wp\/v2\/types\/product"}],"replies":[{"embeddable":true,"href":"https:\/\/runtzcartsdisposables.com\/it\/wp-json\/wp\/v2\/comments?post=395"}],"wp:featuredmedia":[{"embeddable":true,"href":"https:\/\/runtzcartsdisposables.com\/it\/wp-json\/wp\/v2\/media\/396"}],"wp:attachment":[{"href":"https:\/\/runtzcartsdisposables.com\/it\/wp-json\/wp\/v2\/media?parent=395"}],"wp:term":[{"taxonomy":"product_cat","embeddable":true,"href":"https:\/\/runtzcartsdisposables.com\/it\/wp-json\/wp\/v2\/product_cat?post=395"},{"taxonomy":"product_tag","embeddable":true,"href":"https:\/\/runtzcartsdisposables.com\/it\/wp-json\/wp\/v2\/product_tag?post=395"}],"curies":[{"name":"wp","href":"https:\/\/api.w.org\/{rel}","templated":true}]}}