{"id":401,"date":"2023-01-13T06:05:21","date_gmt":"2023-01-13T06:05:21","guid":{"rendered":"https:\/\/runtzcartsdisposables.com\/?post_type=product&#038;p=401"},"modified":"2024-11-25T20:12:20","modified_gmt":"2024-11-25T20:12:20","slug":"gods-gift","status":"publish","type":"product","link":"https:\/\/runtzcartsdisposables.com\/it\/product\/gods-gift\/","title":{"rendered":"Gods gift"},"content":{"rendered":"<h1>Acquista il dono di Dio online<\/h1>\n<p>Gods Gift online kaufen. God&#8217;s Gift online bestellen. God&#8217;s Gift ist eine Sorte, die 2005 in kalifornischen Apotheken popul\u00e4r wurde und Aromen von Trauben, Zitrusfr\u00fcchten und Haschisch enth\u00e4lt. Ihre Eltern sind <a href=\"https:\/\/www.wikileaf.com\/strain\/grand-daddy-purple\/\" target=\"_blank\" rel=\"noopener\">Granddaddy Purple<\/a> und <a href=\"https:\/\/www.leafly.com\/strains\/og-kush\" target=\"_blank\" rel=\"noopener\">OG Kush<\/a>. Indipendentemente dal vostro sistema di credenze, questa variet\u00e0 \u00e8 un \"dono\" con i suoi effetti sognanti e beati. Il suo tempo di fioritura di solito dura circa 8-9 settimane.<\/p>\n<p>In primo luogo, questa variet\u00e0 che \u00e8 diventata popolare nelle farmacie di tutto il mondo per i suoi effetti super rilassanti, God's Gift contiene aromi di uva, agrumi e hashish.<\/p>\n<p>I suoi genitori sono anche Granddaddy Purple e OG Kush. Questa variet\u00e0 \u00e8 anche un \"dono\" indipendentemente dal sistema di credenze in cui credi, con alti livelli di THC del 18-22%.<\/p>\n<p>Non ti dispiacer\u00e0 sprofondare nel tuo letto, divano o un bel pezzo di erba calda. Compra Ananas espresso<\/p>\n<h2>Acquista il dono di Dio online<\/h2>\n<p>God&#8217;s Gift online kaufen. God&#8217;s Gift online bestellen. Ebenso ist God&#8217;s Gift hier, um Sie zu entspannen, um Sie gl\u00fccklich zu machen und um diesen l\u00e4stigen Stress, die Schmerzen und die Schlaflosigkeit zu heilen. Paris <a href=\"https:\/\/runtzcartsdisposables.com\/it\/product\/xxx-og\/\">OG<\/a><\/p>\n<p>Inoltre, questa meravigliosa variet\u00e0 ha anche la capacit\u00e0 di sciogliere le tue paure. Ancora una volta, questa \u00e8 una variet\u00e0 speciale che merita un posto permanente nel tuo elenco quando stai lottando con ansia o stress. fronte capovolta dono di Dio<\/p>\n<p>Wirkungen: Entspannt, Gl\u00fccklich, Schl\u00e4frig<\/p>\n<p>Medizinische Wirkungen: Stress, Schmerz, Depression, Schlaflosigkeit<\/p>\n<p>THC: 24%<\/p>\n<h4>Acquista la migliore erba economica online, commestibili, olio di cannabis, semi di cannabis, svapo, spinelli pre-roll, concentrati, hashish e topici online presso fornitori esperti di cannabis con sconto e spedizione garantita. God's Gift Marihuana-Sorte online kaufen<\/h4>\n<p>Acquista marijuana online, acquista marijuana online nel Regno Unito, acquista marijuana medica online in Australia, acquista marijuana<\/p>\n<p>Online Australia, ordina marijuana online negli Stati Uniti, ordina marijuana medica online|acquista marijuana online con<\/p>\n<p>Ordina marijuana online, ordina marijuana online, dove acquistare marijuana online, acquista marijuana online negli Stati Uniti, acquista marijuana online nel Regno Unito, acquista marijuana online in Australia, acquista la variet\u00e0 di marijuana God's Gift online. Acquista marijuana online in Europa<\/p>","protected":false},"excerpt":{"rendered":"<h3 style=\"text-align: center;\">Gods Gift<\/h3>\n<hr \/>\n<p>Gods Gift ist eine Sorte, die 2005 in kalifornischen Apotheken popul\u00e4r wurde und Aromen von Trauben, Zitrusfr\u00fcchten und Haschisch enth\u00e4lt. Ihre Eltern sind Granddaddy Purple und OG Kush. Unabh\u00e4ngig von Ihrem Glaubenssystem ist diese Sorte mit ihrer traumhaften, gl\u00fcckseligen Wirkung ein &#8222;Geschenk&#8220;.<\/p>\n<p>&nbsp;<\/p>","protected":false},"featured_media":407,"comment_status":"open","ping_status":"closed","template":"","meta":{"_monsterinsights_skip_tracking":false,"_monsterinsights_sitenote_active":false,"_monsterinsights_sitenote_note":"","_monsterinsights_sitenote_category":0},"product_cat":[126,195],"product_tag":[215,216,217,218],"_links":{"self":[{"href":"https:\/\/runtzcartsdisposables.com\/it\/wp-json\/wp\/v2\/product\/401"}],"collection":[{"href":"https:\/\/runtzcartsdisposables.com\/it\/wp-json\/wp\/v2\/product"}],"about":[{"href":"https:\/\/runtzcartsdisposables.com\/it\/wp-json\/wp\/v2\/types\/product"}],"replies":[{"embeddable":true,"href":"https:\/\/runtzcartsdisposables.com\/it\/wp-json\/wp\/v2\/comments?post=401"}],"wp:featuredmedia":[{"embeddable":true,"href":"https:\/\/runtzcartsdisposables.com\/it\/wp-json\/wp\/v2\/media\/407"}],"wp:attachment":[{"href":"https:\/\/runtzcartsdisposables.com\/it\/wp-json\/wp\/v2\/media?parent=401"}],"wp:term":[{"taxonomy":"product_cat","embeddable":true,"href":"https:\/\/runtzcartsdisposables.com\/it\/wp-json\/wp\/v2\/product_cat?post=401"},{"taxonomy":"product_tag","embeddable":true,"href":"https:\/\/runtzcartsdisposables.com\/it\/wp-json\/wp\/v2\/product_tag?post=401"}],"curies":[{"name":"wp","href":"https:\/\/api.w.org\/{rel}","templated":true}]}}