{"id":426,"date":"2023-01-13T06:26:10","date_gmt":"2023-01-13T06:26:10","guid":{"rendered":"https:\/\/runtzcartsdisposables.com\/?post_type=product&#038;p=426"},"modified":"2024-11-25T20:12:13","modified_gmt":"2024-11-25T20:12:13","slug":"hindu-kush","status":"publish","type":"product","link":"https:\/\/runtzcartsdisposables.com\/it\/product\/hindu-kush\/","title":{"rendered":"Hindu kush"},"content":{"rendered":"<h1>Acquista Hindu Kush a San Jose<\/h1>\n<p>Acquista Hindu Kush a San Jose. Ordina Hindu Kush a San Jose. Questa variet\u00e0 prevalentemente indica \u00e8 un mix di ceppi Afghani e Blackberry e ha bellissime cime viola scuro con peli arancioni. Le piante fioriscono in 7-8 settimane e non sono particolarmente produttive, ma le pepite dense e dure hanno cristalli dappertutto. La Blackberry Kush tende ad avere un odore e un sapore di hashish bilanciati da frutti di bosco dolci. La Blackberry Kush \u00e8 spesso consigliata per trattare il dolore a causa dei suoi potenti effetti fisici. Compra la torta di ciliegie<\/p>\n<h2>Hindu Kush in San Jose kaufen<\/h2>\n<p>Hindu Kush ist ein echter Favorit unter den Marihuana-Konsumenten auf der ganzen Welt, so beliebt, dass diese Sorte sogar in dem Spiel Hempire auftaucht. Die Hindu-Kush. Diese erstaunliche Haschischpflanze ist mit Trichomen bedeckt. Die Hindu-Kush ist eine reine Indica, die einen klassischen Heavy-Body-Effekt hat, Schmerzen lindert und Muskelverspannungen l\u00f6st. Cake Mix\/<a href=\"https:\/\/runtzcartsdisposables.com\/it\/product\/kush-mint\/\">Mintz kaufen<\/a><\/p>\n<p>Risultati testati in laboratorio:<br \/>\nTHC: 22%<\/p>\n<p>CBD: 0,1%<\/p>\n<p>Hindu-Kush ist eine reine Indica-Sorte, die in der Hindukusch-Bergkette beheimatet ist, die sich \u00fcber 500 Meilen zwischen Pakistan und Afghanistan erstreckt. Der <a href=\"https:\/\/hhcvapekaufen.com\/\" target=\"_blank\" rel=\"noopener\">THC<\/a>-Gehalt dieser starken Indica schwankt zwischen 14% und 20%. Hindu-Kush hat sich zu einer robusten, harzigen Pflanze entwickelt, um im rauen Hindu-Gebirge zu \u00fcberleben. Das macht sie einfach zu kultivieren und zu einer gro\u00dfartigen Sorte f\u00fcr die Produktion von Haschisch. Hindu Kush hat ein s\u00fc\u00dfes, erdiges Aroma und eignet sich hervorragend zur Schmerzlinderung und Schlaflosigkeit. Hindu-Kush Zum Verkauf Online.buy CANNABIS INFUSED PEPPERMINT BROWNIE<\/p>\n<p>Il clima rigido della sua terra natale ha spinto questa variet\u00e0 a sviluppare uno spesso strato protettivo di tricomi cristallini apprezzati dai produttori di hashish di tutto il mondo. Con un sottile aroma di legno di sandalo dolce e terroso, l'Hindu Kush induce un profondo senso di calma che aiuta a portare sollievo a coloro che soffrono di dolore, nausea e disturbi legati allo stress.<\/p>\n<p>Hindu-Kush Online kaufen, ein echter Favorit unter den Marihuana-Konsumenten auf der ganzen Welt, so beliebt, dass diese Sorte sogar in dem Spiel Hempire auftaucht. XXX Og kaufenDiese erstaunliche Haschischpflanze ist mit Trichomen bedeckt. Hindu-Kush ist eine reine Indica, die einen klassischen Heavy-Body-Effekt bietet, w\u00e4hrend sie Schmerzen ausschaltet und Muskelverspannungen lindert.<\/p>","protected":false},"excerpt":{"rendered":"<h3 style=\"text-align: center;\">Hindu kush<\/h3>\n<hr \/>\n<p>Questa variet\u00e0 prevalentemente indica \u00e8 un mix di ceppi Afghani e Blackberry e ha bellissime cime viola scuro con peli arancioni. Le piante fioriscono in 7-8 settimane e non sono particolarmente produttive, ma le cime dense e dure sono piene di cristalli.<\/p>","protected":false},"featured_media":428,"comment_status":"open","ping_status":"closed","template":"","meta":{"_monsterinsights_skip_tracking":false,"_monsterinsights_sitenote_active":false,"_monsterinsights_sitenote_note":"","_monsterinsights_sitenote_category":0},"product_cat":[126,195],"product_tag":[225,226,224],"_links":{"self":[{"href":"https:\/\/runtzcartsdisposables.com\/it\/wp-json\/wp\/v2\/product\/426"}],"collection":[{"href":"https:\/\/runtzcartsdisposables.com\/it\/wp-json\/wp\/v2\/product"}],"about":[{"href":"https:\/\/runtzcartsdisposables.com\/it\/wp-json\/wp\/v2\/types\/product"}],"replies":[{"embeddable":true,"href":"https:\/\/runtzcartsdisposables.com\/it\/wp-json\/wp\/v2\/comments?post=426"}],"wp:featuredmedia":[{"embeddable":true,"href":"https:\/\/runtzcartsdisposables.com\/it\/wp-json\/wp\/v2\/media\/428"}],"wp:attachment":[{"href":"https:\/\/runtzcartsdisposables.com\/it\/wp-json\/wp\/v2\/media?parent=426"}],"wp:term":[{"taxonomy":"product_cat","embeddable":true,"href":"https:\/\/runtzcartsdisposables.com\/it\/wp-json\/wp\/v2\/product_cat?post=426"},{"taxonomy":"product_tag","embeddable":true,"href":"https:\/\/runtzcartsdisposables.com\/it\/wp-json\/wp\/v2\/product_tag?post=426"}],"curies":[{"name":"wp","href":"https:\/\/api.w.org\/{rel}","templated":true}]}}