{"id":452,"date":"2023-01-13T06:48:15","date_gmt":"2023-01-13T06:48:15","guid":{"rendered":"https:\/\/runtzcartsdisposables.com\/?post_type=product&#038;p=452"},"modified":"2024-11-25T20:12:07","modified_gmt":"2024-11-25T20:12:07","slug":"obama-kush","status":"publish","type":"product","link":"https:\/\/runtzcartsdisposables.com\/it\/product\/obama-kush\/","title":{"rendered":"Obama kush"},"content":{"rendered":"<h1>Acquista Obama Kush online<\/h1>\n<p>Obama Kush online kaufen. Obama-Kush online bestellen. Diese einzigartige <a href=\"https:\/\/runtzcartsdisposables.com\/index.php\/product-category\/blumen\/indica-sorten\/\">indicadominierte Sorte<\/a> racchiude il famoso messaggio del Presidente di \"Cambiamento\" ravvivando e ispirando. <a href=\"https:\/\/thrivenevada.com\/blog\/mimosa-strain-guide\/\" target=\"_blank\" rel=\"noopener\">Mimosa<\/a> comprare un bivio da <a href=\"https:\/\/runtzcartsdisposables.com\/index.php\/product\/afghan-kush\/\">Afghani<\/a> und<a href=\"https:\/\/www.leafly.com\/strains\/og-kush\/reviews\" target=\"_blank\" rel=\"noopener\"> OG Kush<\/a>, Obama-Kush bietet zerebrale Stimulation und einen euphorischen Rausch. Diese Sorte wird f\u00fcr Konsumenten empfohlen, die sowohl eine starke k\u00f6rperliche Wirkung als auch einen intensiven zerebralen Auftrieb suchen. Die Bl\u00fcten sind frostig mit einem violetten Farbton und r\u00f6tlichen Haaren und verstr\u00f6men ein leichtes Aroma. Lemonade\/Burnt Cake kaufen<\/p>\n<h2>Acquista Obama Kush online<\/h2>","protected":false},"excerpt":{"rendered":"<h3 style=\"text-align: center;\">Obama kush<\/h3>\n<hr \/>\n<p>Obama-Kush ist eine Sorte, die nach dem Oberbefehlshaber der Vereinigten Staaten benannt wurde. Dieser Indica-dominante Hybrid ist eine Kreuzung zwischen OG Kush und Afghani<\/p>\n<p>&nbsp;<\/p>","protected":false},"featured_media":453,"comment_status":"open","ping_status":"closed","template":"","meta":{"_monsterinsights_skip_tracking":false,"_monsterinsights_sitenote_active":false,"_monsterinsights_sitenote_note":"","_monsterinsights_sitenote_category":0},"product_cat":[126,195],"product_tag":[236,235,237,238],"_links":{"self":[{"href":"https:\/\/runtzcartsdisposables.com\/it\/wp-json\/wp\/v2\/product\/452"}],"collection":[{"href":"https:\/\/runtzcartsdisposables.com\/it\/wp-json\/wp\/v2\/product"}],"about":[{"href":"https:\/\/runtzcartsdisposables.com\/it\/wp-json\/wp\/v2\/types\/product"}],"replies":[{"embeddable":true,"href":"https:\/\/runtzcartsdisposables.com\/it\/wp-json\/wp\/v2\/comments?post=452"}],"wp:featuredmedia":[{"embeddable":true,"href":"https:\/\/runtzcartsdisposables.com\/it\/wp-json\/wp\/v2\/media\/453"}],"wp:attachment":[{"href":"https:\/\/runtzcartsdisposables.com\/it\/wp-json\/wp\/v2\/media?parent=452"}],"wp:term":[{"taxonomy":"product_cat","embeddable":true,"href":"https:\/\/runtzcartsdisposables.com\/it\/wp-json\/wp\/v2\/product_cat?post=452"},{"taxonomy":"product_tag","embeddable":true,"href":"https:\/\/runtzcartsdisposables.com\/it\/wp-json\/wp\/v2\/product_tag?post=452"}],"curies":[{"name":"wp","href":"https:\/\/api.w.org\/{rel}","templated":true}]}}