{"id":458,"date":"2023-01-13T06:53:40","date_gmt":"2023-01-13T06:53:40","guid":{"rendered":"https:\/\/runtzcartsdisposables.com\/?post_type=product&#038;p=458"},"modified":"2024-11-25T20:12:06","modified_gmt":"2024-11-25T20:12:06","slug":"og-kush","status":"publish","type":"product","link":"https:\/\/runtzcartsdisposables.com\/it\/product\/og-kush\/","title":{"rendered":"OG kush"},"content":{"rendered":"<h1>Acquista OG Kush a Coulee Dam<\/h1>\n<p>Kaufen Sie OG Kush in Coulee Dam. Bestellen Sie OG-Kush in Coulee Dam. OG Kush wurde erstmals in den fr\u00fchen 90er Jahren in Florida gez\u00fcchtet, als eine Sorte aus Nordkalifornien mit einer <a href=\"https:\/\/runtzcartsdisposables.com\/index.php\/product\/hindu-kush\/\">Hindu Kush<\/a> La pianta di Amsterdam \u00e8 stata incrociata. Il risultato \u00e8 stato un ibrido con un profilo terpenico unico che esibisce un aroma complesso con note di carburante, puzzola e spezie.compra Banana Runtz<\/p>\n<p>OG Kush, la spina dorsale genetica delle variet\u00e0 di cannabis della West Coast, \u00e8 arrivata a Los Angeles nel 1996<\/p>\n<p>als Matt &#8222;Bubba&#8220; Berger sie (zusammen mit &#8222;The Bubba&#8220;, aus der sp\u00e4ter die ber\u00fchmte Bubba Kush entstand) aus Florida zum legend\u00e4ren Z\u00fcchter Josh D. brachte. Seitdem ist OG-Kush zu einem weltweiten Grundnahrungsmittel geworden, aus dem zahlreiche ber\u00fchmte Sorten wie GSC und Headband entstanden sind. Es gibt viele verschiedene Ph\u00e4notypen von OG Kush, darunter Tahoe OG, SFV OG und Ghost OG.buy Blissfully Baked Brownie<\/p>\n<p>OG-Kush ist eine legend\u00e4re Sorte mit tiefen Wurzeln in der Cannabis-Kultur. Sie wurde in den fr\u00fchen 90er Jahren in Florida als Kreuzung zwischen einer unbekannten nordkalifornischen Sorte und der Hindu Kush gez\u00fcchtet. Die OG-Kush, mit der wir heute vertraut sind, wurde von dem gesch\u00e4tzten Z\u00fcchter Matt &#8222;Bubba&#8220; Berger entwickelt, als er den Forum Cut von OG-Kush mit seiner The Bubba kreuzte. Die THC-Konzentration von OG-Kush liegt zwischen 20% und 25%, was sie f\u00fcr eine Hybridsorte ziemlich potent macht. Das ausgepr\u00e4gte Terpenprofil von OG Kush zeichnet sich durch seine erdigen T\u00f6ne von Gas oder Treibstoff, Skunk und Gew\u00fcrzen aus.buy Berry Pie<\/p>\n<h2>Acquista OG Kush a Coulee Dam<\/h2>\n<p>Kaufen Sie OG Kush in Coulee Dam. bestellen Sie OG-Kush in Coulee Dam. OG-Kush ist eine der beliebtesten Cannabis-Sorten \u00fcberhaupt. OG-Kush. Diese Sensation aus den 1990er Jahren ist auch die Basis f\u00fcr viele moderne Hybride. Mit einem THC-Gehalt von bis zu 24% ist es kein Wunder, dass diese Sorte so ber\u00fchmt geworden ist.buy Banana Pound Cake<br \/>\nQuesta variet\u00e0 ti far\u00e0 sentire euforico ed energico. \u00c8 eccellente per il trattamento della depressione, dello stress e delle condizioni di dolore cronico. Acquista Ball Family Farms<\/p>\n<h4>Risultati testati in laboratorio:<\/h4>\n<p>THC: 24%<\/p>\n<p>CBD: 0,1%<\/p>\n<h3>OG Kush Erfahrung<\/h3>\n<p>La OG Kush \u00e8 una delle variet\u00e0 pi\u00f9 popolari in circolazione. Tuttavia, la loro genetica \u00e8 piuttosto un mistero. Si pensa che provenga da un sacco di semi in Florida e successivamente coltivato in California dalla gente dietro la Imperial Genetics. Si pensa che sia un mix di Chemdawg e Hindu Kush. Compra Banana Lato<\/p>\n<p>Diese Sorte ist ein indicadominierter Hybrid mit einem Kush-\u00e4hnlichen Aroma und einer Knospenstruktur. Obwohl es einige Debatten gibt, wird angenommen, dass &#8222;<a href=\"https:\/\/runtzcartsdisposables.com\/it\/product\/kurupt-moon-rock\/\">OG<\/a>&#8220; f\u00fcr Ocean Grown steht, eine Hommage an das kalifornische Erbe dieser Sorte. Trotz ihrer mysteri\u00f6sen Urspr\u00fcnge und des Leichentuchs der Cannabis-\u00dcberlieferungen hat OG-Kush nur an Popularit\u00e4t gewonnen. Sowohl Z\u00fcchter als auch Konsumenten k\u00f6nnen die Finger nicht von dieser Sorte lassen.buy Blueberry<\/p>\n<p>OG Kush \u00e8 noto per i suoi effetti piacevoli ed euforici. Molte persone che soffrono di sbalzi d'umore o di stress cronico adorano questa variet\u00e0 per la beatitudine che induce. Questo esilarante effetto stonato \u00e8 accompagnato da un distinto high indica. Mentre il tuo umore pu\u00f2 essere leggero e disinvolto, il tuo corpo sar\u00e0 probabilmente incollato al divano. Acquista Blue skittlez<\/p>\n<p>Auch Freizeitkonsumenten haben Grund, OG-Kush zu lieben. Seine beruhigende Wirkung ist genau das, was man braucht, wenn man nach Hause kommt und sein Lieblingsvideospiel dominieren oder ein entspanntes Abendessen mit Freunden und Familie genie\u00dfen m\u00f6chte. Neue Konsumenten k\u00f6nnten diese Hybride allerdings als etwas zu sedierend empfinden. Ihr THC-Gehalt kann bis zu 24% betragen, was diese Blume ziemlich potent macht.<\/p>\n<p>Wenn sie richtig ausgeh\u00e4rtet ist, hat diese Sorte einen muffigen Geruch, der den Fans anderer Kush-Sorten bekannt vorkommen wird. Dieser Geruch wird noch intensiver, wenn die Knospen aufgebrochen werden, wobei sich Noten von Zitrusfr\u00fcchten und Kiefer dazugesellen. Der w\u00fcrzige Rauch hat die Tendenz, Marihuana-Konsumenten zum Husten zu bringen, w\u00e4hrend das Aroma wahrscheinlich noch lange in der Luft verweilt, nachdem das <a href=\"https:\/\/hhcgraskaufen.com\" target=\"_blank\" rel=\"noopener\">Gras<\/a> weg ist.<\/p>\n<p>I tricomi sulle cime sono cos\u00ec spessi che questa variet\u00e0 pu\u00f2 quasi sembrare neve. Tieni vicino un grinder se vuoi macinare questa variet\u00e0: \u00e8 un'erba appiccicosa. Acquista Bubblegum Kush<\/p>\n<h3>Benefici medicinali di OG Kush<\/h3>\n<p>Diese Sorte bietet die entspannende Wirkung einer Indica mit hohem THC-Gehalt. Diese erfolgreiche Kombination macht OG-Kush zu einer beliebten medizinischen Sorte.<\/p>\n<p>I malati di marijuana medica che soffrono di dolore, nausea ed emicrania troveranno sollievo con questa variet\u00e0.<\/p>\n<p>Inoltre, le persone con ADD\/ADHD tendono ad apprezzare questa variet\u00e0.<\/p>\n<p>Alcuni sostengono addirittura che questa variet\u00e0 possa aiutare con il morbo di Alzheimer. <a href=\"https:\/\/runtzcartsdisposables.com\/it\/\">weed online kaufen Europa<\/a><\/p>","protected":false},"excerpt":{"rendered":"<p>Entdecken Sie die Welt von OG Kush auf unserer Website. Hochwertige Produkte, umfassende Informationen und alles, was Sie \u00fcber OG Kush wissen m\u00fcssen.<\/p>","protected":false},"featured_media":459,"comment_status":"open","ping_status":"closed","template":"","meta":{"_monsterinsights_skip_tracking":false,"_monsterinsights_sitenote_active":false,"_monsterinsights_sitenote_note":"","_monsterinsights_sitenote_category":0},"product_cat":[195,126],"product_tag":[],"_links":{"self":[{"href":"https:\/\/runtzcartsdisposables.com\/it\/wp-json\/wp\/v2\/product\/458"}],"collection":[{"href":"https:\/\/runtzcartsdisposables.com\/it\/wp-json\/wp\/v2\/product"}],"about":[{"href":"https:\/\/runtzcartsdisposables.com\/it\/wp-json\/wp\/v2\/types\/product"}],"replies":[{"embeddable":true,"href":"https:\/\/runtzcartsdisposables.com\/it\/wp-json\/wp\/v2\/comments?post=458"}],"wp:featuredmedia":[{"embeddable":true,"href":"https:\/\/runtzcartsdisposables.com\/it\/wp-json\/wp\/v2\/media\/459"}],"wp:attachment":[{"href":"https:\/\/runtzcartsdisposables.com\/it\/wp-json\/wp\/v2\/media?parent=458"}],"wp:term":[{"taxonomy":"product_cat","embeddable":true,"href":"https:\/\/runtzcartsdisposables.com\/it\/wp-json\/wp\/v2\/product_cat?post=458"},{"taxonomy":"product_tag","embeddable":true,"href":"https:\/\/runtzcartsdisposables.com\/it\/wp-json\/wp\/v2\/product_tag?post=458"}],"curies":[{"name":"wp","href":"https:\/\/api.w.org\/{rel}","templated":true}]}}