{"id":464,"date":"2023-01-13T06:56:46","date_gmt":"2023-01-13T06:56:46","guid":{"rendered":"https:\/\/runtzcartsdisposables.com\/?post_type=product&#038;p=464"},"modified":"2024-11-25T20:12:04","modified_gmt":"2024-11-25T20:12:04","slug":"orange-kush","status":"publish","type":"product","link":"https:\/\/runtzcartsdisposables.com\/it\/product\/orange-kush\/","title":{"rendered":"Orange Kush"},"content":{"rendered":"<h1>Acquista Orange Kush<\/h1>\n<p>Orange Kush online kaufen. Orange-Kush online bestellen. Orange-Kush wurde von Green Devil Genetics gez\u00fcchtet und ist das Kind von Orange Bud und OG Kush. Sie entspannt den K\u00f6rper und hebt die Stimmung mit einem s\u00fc\u00dfen und spritzigen Zitrusgeschmack. Diese Sorte ist resistent gegen die meisten Sch\u00e4dlinge und Schimmel und hat lange, dichte Knospen mit vielen orangefarbenen Haaren und Trichomkristallen. buy purple punch<\/p>\n<p>Die Sativa-Gene von OG Kush und die Indica-Gene von Orange Bud wurden gemischt, um Orange Kush zu bilden. Der Geschmack ist spritzig und zitrusartig, w\u00e4hrend der Geruch starke, s\u00fc\u00dfe Noten von Orange aufweist. buy Peanut butter BreathDie Knospen haben lindgr\u00fcne Bl\u00e4tter und leuchtend orangefarbene Haare, die zum Namen passen. Es ist bekannt, dass der THC-Gehalt 22% \u00fcbersteigt, was diese Sorte zu einer der st\u00e4rksten auf dem Markt macht, egal ob legal oder nicht. Der CBD-Gehalt hingegen ist sehr gering, weniger als ein halbes Prozent, viel zu gering, um Orange Kush als gute Behandlung f\u00fcr Anfallsleiden und andere Probleme, die mit CBD gelindert werden k\u00f6nnen, zu empfehlen. Die Wirkung dieser Sorte deutet sicherlich auf ihre Indica-Tendenz hin: starke Euphorie, tiefe k\u00f6rperliche Entspannung, Gl\u00fccksgef\u00fchle, Schl\u00e4frigkeit und ein starker Fall von Hei\u00dfhunger. Das allein macht sie zu einem gro\u00dfartigen Werkzeug bei der Behandlung von Ess- oder Fressst\u00f6rungen, aber Orange-Kush ist auch eine gute Wahl f\u00fcr Patienten, die unter Angstzust\u00e4nden, Depressionen, ADHS, Entz\u00fcndungen, Migr\u00e4ne, Muskelkr\u00e4mpfen und Schmerzen leiden. Zu den negativen Eigenschaften geh\u00f6ren trockene Augen und Mundtrockenheit. Diese Sorte ist in Arizona und im pazifischen Nordwesten am beliebtesten. Pineapple Express kaufen<\/p>\n<h2>Orange Kush online kaufen<\/h2>\n<p>Orange Kush online kaufen. Orange-Kush online bestellen. Die Wirkungen dieser Sorte deuten auf ihre Indica-Zugeh\u00f6rigkeit hin: starke Euphorie, tiefe k\u00f6rperliche Entspannung, Gl\u00fccksgef\u00fchle, Schl\u00e4frigkeit und ein starkes Fressbed\u00fcrfnis. Das allein macht diese Sorte zu einem gro\u00dfartigen Werkzeug bei der Behandlung von Ess- oder Fressst\u00f6rungen, aber Orange-Kush ist auch eine gute Wahl f\u00fcr Patienten, die unter Angstzust\u00e4nden, Depressionen, ADHS, Entz\u00fcndungen, Migr\u00e4ne, Muskelkr\u00e4mpfen und Schmerzen leiden. Zu den negativen Eigenschaften geh\u00f6ren trockene Augen und Mundtrockenheit. Banana Lato kaufen<br \/>\nOrange <a href=\"https:\/\/runtzcartsdisposables.com\/it\/product\/strawberry-kush\/\">Kush<\/a> wurde von Green Devil Genetics gez\u00fcchtet und ist das Kind von Orange Bud und OG Kush. Sie entspannt den K\u00f6rper und hebt die Stimmung mit einem s\u00fc\u00dfen und spritzigen Zitrusaroma. Diese Sorte ist resistent gegen die meisten Sch\u00e4dlinge und Schimmel und hat lange, dichte Knospen mit vielen orangefarbenen Haaren und Trichomkristallen. Diese Sativa-dominante Marihuana-Hybridsorte wurde entwickelt, um ein widerstandsf\u00e4higer und robuster Z\u00fcchter zu sein. Organic Kush-Pflanzen stammen von OG Kush- und SAGE-Eltern ab, und wie viele Sativas haben sie eine etwas l\u00e4ngere Bl\u00fctezeit von 10-11 Wochen.buy Lpsc X Km 24 Diese Pflanzen haben viele Zweige mit dunkelgr\u00fcnen Bl\u00e4ttern, aber ihre Knospen sind hellgr\u00fcn und riechen wie frisch geschnittene Kiefer. Organic Kush ist eine gute Wahl f\u00fcr einen zerebralen Rausch und k\u00f6nnte die kreativen S\u00e4fte zum Flie\u00dfen bringen<a href=\"https:\/\/hhc.supplies\/\" target=\"_blank\" rel=\"noopener\">.weed online<\/a> kaufen in Europa<\/p>","protected":false},"excerpt":{"rendered":"<h3 style=\"text-align: center;\">Orange kush<\/h3>\n<hr \/>\n<p>Creata dalla Green Devil Genetics, Orange Kush \u00e8 la progenie di Orange Bud e OG Kush. Rilassa il corpo ed eleva l'umore con un aroma di agrumi dolce e pungente.<\/p>\n<p>&nbsp;<\/p>","protected":false},"featured_media":465,"comment_status":"open","ping_status":"closed","template":"","meta":{"_monsterinsights_skip_tracking":false,"_monsterinsights_sitenote_active":false,"_monsterinsights_sitenote_note":"","_monsterinsights_sitenote_category":0},"product_cat":[126,195],"product_tag":[199,214,239],"_links":{"self":[{"href":"https:\/\/runtzcartsdisposables.com\/it\/wp-json\/wp\/v2\/product\/464"}],"collection":[{"href":"https:\/\/runtzcartsdisposables.com\/it\/wp-json\/wp\/v2\/product"}],"about":[{"href":"https:\/\/runtzcartsdisposables.com\/it\/wp-json\/wp\/v2\/types\/product"}],"replies":[{"embeddable":true,"href":"https:\/\/runtzcartsdisposables.com\/it\/wp-json\/wp\/v2\/comments?post=464"}],"wp:featuredmedia":[{"embeddable":true,"href":"https:\/\/runtzcartsdisposables.com\/it\/wp-json\/wp\/v2\/media\/465"}],"wp:attachment":[{"href":"https:\/\/runtzcartsdisposables.com\/it\/wp-json\/wp\/v2\/media?parent=464"}],"wp:term":[{"taxonomy":"product_cat","embeddable":true,"href":"https:\/\/runtzcartsdisposables.com\/it\/wp-json\/wp\/v2\/product_cat?post=464"},{"taxonomy":"product_tag","embeddable":true,"href":"https:\/\/runtzcartsdisposables.com\/it\/wp-json\/wp\/v2\/product_tag?post=464"}],"curies":[{"name":"wp","href":"https:\/\/api.w.org\/{rel}","templated":true}]}}