{"id":470,"date":"2023-01-13T07:00:39","date_gmt":"2023-01-13T07:00:39","guid":{"rendered":"https:\/\/runtzcartsdisposables.com\/?post_type=product&#038;p=470"},"modified":"2024-11-25T20:12:03","modified_gmt":"2024-11-25T20:12:03","slug":"paris-og","status":"publish","type":"product","link":"https:\/\/runtzcartsdisposables.com\/it\/product\/paris-og\/","title":{"rendered":"Paris og"},"content":{"rendered":"<h1>Acquista Paris OG kush online<\/h1>\n<p>Paris-OG kush online kaufen. Paris-OG kush online bestellen. Paris-OG ist eine <a href=\"https:\/\/runtzcartsdisposables.com\/index.php\/product-category\/blumen\/indica-sorten\/\">indicadominierte Sorte<\/a> mit einer beruhigenden Wirkung, die Ruhe und Entspannung f\u00f6rdert. Ger\u00fcchten zufolge stammt Paris-OG von Headband und <a href=\"https:\/\/www.leafly.com\/strains\/lemon-og\" target=\"_blank\" rel=\"noopener\">Lemon OG<\/a> ab, die zusammen eine s\u00fc\u00dfe Mischung aus fruchtigen, zitrusartigen Aromen weitergeben. Mit Siegen in mehreren Wettbewerben, einschlie\u00dflich des 1. Platzes beim Michigan High Times&#8216; Cannabis Cup 2014, hat sich Paris-OG zweifellos einen lang anhaltenden Ruf in der Cannabiswelt gesichert.buy Alice Brownie<\/p>","protected":false},"excerpt":{"rendered":"<h3 style=\"text-align: center;\">Paris og<\/h3>\n<hr \/>\n<p>Paris-OG ist eine indicadominierte Sorte mit einer beruhigenden Wirkung, die Ruhe und Entspannung f\u00f6rdert. Man munkelt, dass Paris-OG von Headband und Lemon OG abstammt, die zusammen eine s\u00fc\u00dfe Mischung aus fruchtigen Zitrusaromen weitergeben<\/p>\n<p>&nbsp;<\/p>","protected":false},"featured_media":471,"comment_status":"open","ping_status":"closed","template":"","meta":{"_monsterinsights_skip_tracking":false,"_monsterinsights_sitenote_active":false,"_monsterinsights_sitenote_note":"","_monsterinsights_sitenote_category":0},"product_cat":[126,195],"product_tag":[216,240,219],"_links":{"self":[{"href":"https:\/\/runtzcartsdisposables.com\/it\/wp-json\/wp\/v2\/product\/470"}],"collection":[{"href":"https:\/\/runtzcartsdisposables.com\/it\/wp-json\/wp\/v2\/product"}],"about":[{"href":"https:\/\/runtzcartsdisposables.com\/it\/wp-json\/wp\/v2\/types\/product"}],"replies":[{"embeddable":true,"href":"https:\/\/runtzcartsdisposables.com\/it\/wp-json\/wp\/v2\/comments?post=470"}],"wp:featuredmedia":[{"embeddable":true,"href":"https:\/\/runtzcartsdisposables.com\/it\/wp-json\/wp\/v2\/media\/471"}],"wp:attachment":[{"href":"https:\/\/runtzcartsdisposables.com\/it\/wp-json\/wp\/v2\/media?parent=470"}],"wp:term":[{"taxonomy":"product_cat","embeddable":true,"href":"https:\/\/runtzcartsdisposables.com\/it\/wp-json\/wp\/v2\/product_cat?post=470"},{"taxonomy":"product_tag","embeddable":true,"href":"https:\/\/runtzcartsdisposables.com\/it\/wp-json\/wp\/v2\/product_tag?post=470"}],"curies":[{"name":"wp","href":"https:\/\/api.w.org\/{rel}","templated":true}]}}