{"id":476,"date":"2023-01-13T07:06:48","date_gmt":"2023-01-13T07:06:48","guid":{"rendered":"https:\/\/runtzcartsdisposables.com\/?post_type=product&#038;p=476"},"modified":"2024-11-25T20:12:01","modified_gmt":"2024-11-25T20:12:01","slug":"peanut-butter-breath","status":"publish","type":"product","link":"https:\/\/runtzcartsdisposables.com\/it\/product\/peanut-butter-breath\/","title":{"rendered":"Peanut butter Breath"},"content":{"rendered":"<h2>Acquista i biscotti al burro di arachidi Breath online<\/h2>\n<p>Acquista l'alito dei biscotti al burro di arachidi online. Ordina i biscotti alle arachidi online. Peanut Butter Breath \u00e8 una variet\u00e0 ibrida rara ed equilibrata (50% <a href=\"https:\/\/runtzcartsdisposables.com\/index.php\/product-category\/blumen\/indica-sorten\/\">Indica<\/a>\/50% <a href=\"https:\/\/runtzcartsdisposables.com\/index.php\/product-category\/blumen\/sativa-sorte\/\">Sativa<\/a>), che \u00e8 stato creato incrociando i classici ceppi Dosidos X Mendobreath F2. Il nome dice tutto di questa variet\u00e0: il gusto \u00e8 di nocciola e terroso con un ricco sottofondo erbaceo. L'aroma segue lo stesso profilo, con una nota terrosa e vegetale accentuata da una ricca nocciola. Non appena espiri, il respiro del burro di arachidi entra in azione. Inizia con un sollevamento cerebrale prima di diffondersi al resto del tuo corpo in ondate formicolanti di energia. Questo formicolio inizia nel collo e nella colonna vertebrale prima di diffondersi in tutto il corpo lasciandoti irrimediabilmente rilassato. Acquista funghi magici cubani online.<\/p>\n<p>Hybrid -50% Sativa \/50% Indica<br \/>\nTHC: 28%.<br \/>\nXanax Pillen 2MG Online kaufen<\/p>\n<h3>Erdnussbutterkekse Atem Online kaufen<\/h3>\n<p>Acquista l'alito dei biscotti al burro di arachidi online. Ordina il respiro dei biscotti al burro di arachidi online. Peanut Butter Breath \u00e8 una variet\u00e0 ibrida nota per i suoi effetti calmanti. Incrociato con Do-Si-Dos e Mendo Breath, Peanut Butter Breath ha un profilo terpenico unico di nocciola e terroso quando viene fumato. Terpeni a parte, questa variet\u00e0 ti mette in uno stato di calma e relax. Originario di ThugPug Genetics, Peanut Butter Breath \u00e8 molto popolare e ci sono molti incroci Do-Si-Dos e Mendo Breath - l'allevatore Clout King ne ha uno chiamato 'Peanut Butter Cup'.<\/p>\n<p>Gli allevatori di ThugPug Genetics hanno incrociato DoSiDos con Mendo Breath F2 (Studly Spewright) di Gage Green Genetics per creare Peanut Butter Breath. Si dice che questa variet\u00e0 abbia un profilo aromatico legnoso ed erbaceo. Secondo la banca dei semi The Dank Bank, la Peanut Butter Breath cresce alta e produce cime verde brillante in un ciclo di fioritura di otto-nove settimane. I boccioli di Peanut Butter Breath sono tipicamente ricoperti di tricomi e stigmi rosso fuoco che a volte sviluppano sfumature viola su tutta la superficie del fiore.compra Lemon Skittle<\/p>\n<p>Wenn Sie ein Fan von Erdnussbutter sind, dann k\u00f6nnte Peanut Butter Breath eine Ihrer Lieblingssorten werden. Ihr Terpenprofil verleiht ihr einen nussigen und erdigen Geschmack, wenn Sie ausatmen, als h\u00e4tten Sie gerade ein paar Erdn\u00fcsse genossen, die frisch aus der Erde <a href=\"https:\/\/hhcgraskaufen.com\" target=\"_blank\" rel=\"noopener\">geholt<\/a> wurden. Lassen Sie sich nicht von ihrem Geruch t\u00e4uschen, der eher pflanzlich ist, diese Sorte hat ihren Namen nicht aus der Luft gegriffen.<\/p>\n<p>La genetica di Peanut Butter Breath deriva dalla combinazione di Do-Si-Dos e Mendobreath, che gi\u00e0 suggerisce quanto sar\u00e0 forte il sapore di arachidi. Compra HASH<\/p>\n<p>Sebbene questa variet\u00e0 sia classificata come un ibrido 50\/50, il che significa che si dice induca gli effetti equilibrati sia delle sativa che delle indica, molti consumatori hanno sperimentato una sensazione indica pi\u00f9 forte, lasciandoli letargici e affamati. \u00c8 una buona idea avere qualche spuntino a portata di mano quando si fuma questa variet\u00e0 e bere molti liquidi in quanto pu\u00f2 causare secchezza delle fauci. Poich\u00e9 gli utenti affermano che induce un potente rilassamento in tutto il corpo, affermano di preferire che l'alito al burro di arachidi venga assunto di pi\u00f9 la sera o la notte, quando hanno terminato compiti importanti e sono pronti per prepararsi per la giornata per rilassarsi. Se decidi di fare un tentativo e ti capita di essere con altri mentre fumi questa variet\u00e0, potresti farti qualche risata in pi\u00f9,<\/p>\n<p>Il respiro del burro di arachidi \u00e8 usato da alcuni per alleviare i sintomi della sbornia. Quindi, se ti svegli al mattino con nausea o mal di testa e non hai programmi immediati, Peanut Butter Breath potrebbe essere in grado di aiutarti.<\/p>\n<p>Dopo aver aperto la tua confezione di Peanut Butter Breath e aver assaporato l'aroma, scoprirai che un lotto ben coltivato offre cime sottili di colore chiaro, con solo alcuni pistilli di un arancione intenso che spuntano qua e l\u00e0. La quantit\u00e0 ideale di tricomi dovrebbe far sembrare che sia ricoperta di brina. <a href=\"https:\/\/runtzcartsdisposables.com\/it\/\">Big Mex Magic Mushroom Online USA.<\/a><\/p>\n<p>&nbsp;<\/p>","protected":false},"excerpt":{"rendered":"<p>Peanut Butter Breath \u00e8 una variet\u00e0 ibrida nota per i suoi effetti sedativi. Incrociato con Do-Si-Dos e Mendo Breath, Peanut Butter Breath ha un profilo terpenico unico di nocciola e terroso quando viene fumato.<\/p>\n<p>&nbsp;<\/p>","protected":false},"featured_media":477,"comment_status":"open","ping_status":"closed","template":"","meta":{"_monsterinsights_skip_tracking":false,"_monsterinsights_sitenote_active":false,"_monsterinsights_sitenote_note":"","_monsterinsights_sitenote_category":0},"product_cat":[126,195,351],"product_tag":[202,233,235],"_links":{"self":[{"href":"https:\/\/runtzcartsdisposables.com\/it\/wp-json\/wp\/v2\/product\/476"}],"collection":[{"href":"https:\/\/runtzcartsdisposables.com\/it\/wp-json\/wp\/v2\/product"}],"about":[{"href":"https:\/\/runtzcartsdisposables.com\/it\/wp-json\/wp\/v2\/types\/product"}],"replies":[{"embeddable":true,"href":"https:\/\/runtzcartsdisposables.com\/it\/wp-json\/wp\/v2\/comments?post=476"}],"wp:featuredmedia":[{"embeddable":true,"href":"https:\/\/runtzcartsdisposables.com\/it\/wp-json\/wp\/v2\/media\/477"}],"wp:attachment":[{"href":"https:\/\/runtzcartsdisposables.com\/it\/wp-json\/wp\/v2\/media?parent=476"}],"wp:term":[{"taxonomy":"product_cat","embeddable":true,"href":"https:\/\/runtzcartsdisposables.com\/it\/wp-json\/wp\/v2\/product_cat?post=476"},{"taxonomy":"product_tag","embeddable":true,"href":"https:\/\/runtzcartsdisposables.com\/it\/wp-json\/wp\/v2\/product_tag?post=476"}],"curies":[{"name":"wp","href":"https:\/\/api.w.org\/{rel}","templated":true}]}}