{"id":482,"date":"2023-01-14T12:09:05","date_gmt":"2023-01-14T12:09:05","guid":{"rendered":"https:\/\/runtzcartsdisposables.com\/?post_type=product&#038;p=482"},"modified":"2024-11-25T20:11:59","modified_gmt":"2024-11-25T20:11:59","slug":"pineapple-kush","status":"publish","type":"product","link":"https:\/\/runtzcartsdisposables.com\/it\/product\/pineapple-kush\/","title":{"rendered":"Pineapple kush"},"content":{"rendered":"<h1>Acquista Pineapple Kush ad Aberdeen.<\/h1>\n<p>Acquista Pineapple Kush ad Aberdeen. Ordina Pineapple Kush online. La Pineapple Kush \u00e8 una variet\u00e0 di cannabis che ha un aroma di ananas con sentori di caramello e burro. Il gusto \u00e8 descritto come un sottile sapore dolce di ananas con una sfumatura di menta. L'allevatore di questa variet\u00e0 \u00e8 sconosciuto, ma le variet\u00e0 parentali sono Pineapple e Master Kush. I boccioli sono di colore marrone\/verde e ricoperti di cristalli color ambra. acquista Paris ogIl ronzio \u00e8 generalmente descritto come cerebrale con una sensazione di corpo leggero. acquista Pluto Cookies<\/p>\n<p>Purple Punch \u00e8 la fusione dolce e rilassante di due classici a predominanza indica. Dall'incrocio tra Larry OG e Granddaddy Purple \u00e8 nata la Purple Punch incredibilmente carica di tricomi, che profuma di caramella all'uva, muffin ai mirtilli e aspro Kool-Aid. La potenza di questa variet\u00e0 d\u00e0 a chi la usa un doppio colpo alla testa e al corpo, prima atterrando tra gli occhi e poi sistemandosi negli arti. La Purple Punch \u00e8 una deliziosa variet\u00e0 da dessert, ottima per cena. I suoi effetti possono aiutare a gestire nausea, stress, dolori muscolari lievi e insonnia. Compra Punch viola<\/p>\n<h2>Pineapple Kush in Aberdeen kaufen<\/h2>\n<p>Acquista Pineapple Kush ad Aberdeen. ordina Pineapple Kush ad Aberdeen. Ibrido a predominanza Indica - 80% indica \/ 20% sativa<br \/>\nTHC: 18% &#8211; 20%, CBD: 1%<br \/>\nPurple Punch ist ein seltener Indica-dominanter Hybrid (80% Indica\/20% Sativa), der durch Kreuzung der klassischen Larry OG mit der k\u00f6stlich potenten Grand Daddy Purps entstanden ist. Mit einem Doppelschlag an euphorisierenden Effekten und einem super hohen durchschnittlichen THC-Gehalt von 18-20% werden Sie den Knockout-Rausch von Purple Punch fast sofort sp\u00fcren. kaufen Sie Purple Og kush. Du wirst einen Schlag der Euphorie sp\u00fcren, gefolgt von einem berauschenden Auftrieb, der Dich in einen Zustand reinen Gl\u00fccks versetzt. W\u00e4hrend Ihr Geist h\u00f6her und h\u00f6her klettert, beginnt Ihr K\u00f6rper in einen entspannenden Zustand abzudriften, der sehr beruhigend und berauschend ist und oft zu einem langen und friedlichen Schlaf f\u00fchrt. In Kombination mit dem hohen THC-Gehalt machen diese Effekte Purple Punch perfekt, um die Auswirkungen von Schlaflosigkeit, chronischem Stress, \u00dcbelkeit, chronischen Schmerzen und Depressionen zu bek\u00e4mpfen. buy Grape ApeThis <a href=\"https:\/\/hhc.supplies\/\" target=\"_blank\" rel=\"noopener\">Knospe<\/a> hat flauschige \u00fcbergro\u00dfe helle neongr\u00fcne Nuggets mit sp\u00e4rlichen roten orangefarbenen Haaren und einer Beschichtung von frostigen winzigen bernsteinfarbenen Kristalltrichomen.buy Granddaddy <a href=\"https:\/\/runtzcartsdisposables.com\/it\/product\/granddaddy-purple\/\">Purple<\/a> Wenn Sie jedes kleine Nugget auseinander brechen, werden Aromen von erdigen Blaubeeren und Trauben freigesetzt, akzentuiert durch einen s\u00fc\u00dfen kr\u00e4uterartigen Oberton. Der Geschmack ist sehr s\u00fc\u00df mit einer Vanille Heidelbeere Geschmack, der einen Hauch von leicht sauren Trauben candy.buy weed online in Europa hat<\/p>\n<p>&nbsp;<\/p>","protected":false},"excerpt":{"rendered":"<h3 style=\"text-align: center;\">Pineapple kush<\/h3>\n<hr \/>\n<p>La Pineapple Kush \u00e8 una variet\u00e0 di cannabis che ha un aroma di ananas con sentori di caramello e burro. Il gusto \u00e8 descritto come un sottile sapore dolce di ananas con una sfumatura di menta. Mentre l'allevatore di questa variet\u00e0 \u00e8 sconosciuto, i suoi genitori sono Pineapple e Master Kush.<\/p>","protected":false},"featured_media":483,"comment_status":"open","ping_status":"closed","template":"","meta":{"_monsterinsights_skip_tracking":false,"_monsterinsights_sitenote_active":false,"_monsterinsights_sitenote_note":"","_monsterinsights_sitenote_category":0},"product_cat":[126,195],"product_tag":[],"_links":{"self":[{"href":"https:\/\/runtzcartsdisposables.com\/it\/wp-json\/wp\/v2\/product\/482"}],"collection":[{"href":"https:\/\/runtzcartsdisposables.com\/it\/wp-json\/wp\/v2\/product"}],"about":[{"href":"https:\/\/runtzcartsdisposables.com\/it\/wp-json\/wp\/v2\/types\/product"}],"replies":[{"embeddable":true,"href":"https:\/\/runtzcartsdisposables.com\/it\/wp-json\/wp\/v2\/comments?post=482"}],"wp:featuredmedia":[{"embeddable":true,"href":"https:\/\/runtzcartsdisposables.com\/it\/wp-json\/wp\/v2\/media\/483"}],"wp:attachment":[{"href":"https:\/\/runtzcartsdisposables.com\/it\/wp-json\/wp\/v2\/media?parent=482"}],"wp:term":[{"taxonomy":"product_cat","embeddable":true,"href":"https:\/\/runtzcartsdisposables.com\/it\/wp-json\/wp\/v2\/product_cat?post=482"},{"taxonomy":"product_tag","embeddable":true,"href":"https:\/\/runtzcartsdisposables.com\/it\/wp-json\/wp\/v2\/product_tag?post=482"}],"curies":[{"name":"wp","href":"https:\/\/api.w.org\/{rel}","templated":true}]}}