{"id":488,"date":"2023-01-14T12:13:39","date_gmt":"2023-01-14T12:13:39","guid":{"rendered":"https:\/\/runtzcartsdisposables.com\/?post_type=product&#038;p=488"},"modified":"2024-11-25T20:11:58","modified_gmt":"2024-11-25T20:11:58","slug":"platinum-og","status":"publish","type":"product","link":"https:\/\/runtzcartsdisposables.com\/it\/product\/platinum-og\/","title":{"rendered":"Platinum Og Cali"},"content":{"rendered":"<h1>Platinum og cali in Amira kaufen<\/h1>\n<p>platinum og cali in Amira kaufen. Platin OG in Amira bestellen. Platinum OG ist genauso wertvoll wie das Metall, nach dem sie benannt ist. Dieser <a href=\"https:\/\/runtzcartsdisposables.com\/index.php\/product-category\/blumen\/indica-sorten\/\">Indica-dominante<\/a> Hybrid afferma di essere una delle variet\u00e0 \"pi\u00f9 pesanti\" in circolazione. <a href=\"https:\/\/www.leafly.com\/strains\/platinum-og?__cf_chl_tk=4slfV0DQZTCDtbK270ptJZ47UjFQqa_Gxn0j7bcT0ro-1673698407-0-gaNycGzND70\" target=\"_blank\" rel=\"noopener\">Platinum OG<\/a> si dice che discenda da tre variet\u00e0: Master Kush, OG Kush e un terzo genitore sconosciuto. acquistare <a href=\"https:\/\/runtzcartsdisposables.com\/index.php\/product\/obama-kush\/\">Obama kush<\/a>. I fiori sono verde lime e carnosi, con vistosi. comprare Kush arancione<\/p>\n<p>Peli arancioni e un rivestimento di platino grazie ai numerosi cristalli di THC. Un inizio breve e inebriante si trasforma in una forte sedazione fisica adatta per l'uso notturno e per alleviare il dolore, lo stress o l'ansia, rendendo questa pregiata variet\u00e0 un robusto guaritore.acquista Godfather Og<\/p>\n<p>Die Wirkungen von Platinum OG Cali sind anfangs eher hoch, erhebend und beruhigend f\u00fcr den Geist, aber sie schw\u00e4chen sich schnell ab und haben oft eine sedierende Wirkung auf die Nutzer und sollten mit Vorsicht verwendet werden. Aus diesem Grund eignet sie sich hervorragend zur n\u00e4chtlichen Behandlung von Depressionen, Stress und Angstzust\u00e4nden. Der narkose\u00e4hnliche K\u00f6rperrausch kann auch chronische Schmerzen, Muskelkr\u00e4mpfe und Schlaflosigkeit behandeln. Es kann auch helfen, Migr\u00e4ne und die Auswirkungen anderer Stimmungsst\u00f6rungen zu lindern.buy Pineapple Express<\/p>\n<p>Esperienza Platinum OG<br \/>\nTuttavia, data la sua potenza, si consiglia cautela, altrimenti un comodo blocco del divano potrebbe trasformarsi in una sensazione di vertigini e sopraffazione.<\/p>\n<h3>Platinum OG in Amira kaufen<\/h3>\n<p>Platinum OG in Amira kaufen. platinum OG cali in Amira bestellen. Wenn sich Liebhaber f\u00fcr diese Sorte entscheiden, sollten sie f\u00fcr den Rest des Tages nicht mehr viel vorhaben. Es handelt sich definitiv um ein Nachtkraut, das den Konsumenten recht schnell \u00fcberw\u00e4ltigt. Nach einem kurzen mentalen Vorspiel wird es intensiv beruhigend. Pineapple kush kaufen<\/p>\n<p>Gli utenti descrivono una sensazione di calore liquido e pura tranquillit\u00e0, con una totale scomparsa di stress e dolore. Una mentalit\u00e0 sativa persiste sotto, ma non \u00e8 l'effetto principale.<\/p>\n<p>Gli amanti del consumo alternativo saranno lieti di sapere che questa cannabis \u00e8 ampiamente disponibile in forma di penna shatter e vape.<\/p>","protected":false},"excerpt":{"rendered":"<h2 style=\"text-align: center;\">Platinum Og Cali<\/h2>\n<hr \/>\n<p>Platinum OG Cali ist genauso wertvoll wie das Metall, nach dem sie benannt ist. Dieser Indica-dominante Hybrid behauptet sich als eine der &#8222;schwersten&#8220; Sorten \u00fcberhaupt. Es wird behauptet, dass Platinum OG von drei St\u00e4mmen abstammt: Master Kush, OG Kush und einem dritten unbekannten Elternteil. Die Bl\u00fcten sind lindgr\u00fcn und prall, mit markanten<\/p>","protected":false},"featured_media":489,"comment_status":"open","ping_status":"closed","template":"","meta":{"_monsterinsights_skip_tracking":false,"_monsterinsights_sitenote_active":false,"_monsterinsights_sitenote_note":"","_monsterinsights_sitenote_category":0},"product_cat":[126,195],"product_tag":[],"_links":{"self":[{"href":"https:\/\/runtzcartsdisposables.com\/it\/wp-json\/wp\/v2\/product\/488"}],"collection":[{"href":"https:\/\/runtzcartsdisposables.com\/it\/wp-json\/wp\/v2\/product"}],"about":[{"href":"https:\/\/runtzcartsdisposables.com\/it\/wp-json\/wp\/v2\/types\/product"}],"replies":[{"embeddable":true,"href":"https:\/\/runtzcartsdisposables.com\/it\/wp-json\/wp\/v2\/comments?post=488"}],"wp:featuredmedia":[{"embeddable":true,"href":"https:\/\/runtzcartsdisposables.com\/it\/wp-json\/wp\/v2\/media\/489"}],"wp:attachment":[{"href":"https:\/\/runtzcartsdisposables.com\/it\/wp-json\/wp\/v2\/media?parent=488"}],"wp:term":[{"taxonomy":"product_cat","embeddable":true,"href":"https:\/\/runtzcartsdisposables.com\/it\/wp-json\/wp\/v2\/product_cat?post=488"},{"taxonomy":"product_tag","embeddable":true,"href":"https:\/\/runtzcartsdisposables.com\/it\/wp-json\/wp\/v2\/product_tag?post=488"}],"curies":[{"name":"wp","href":"https:\/\/api.w.org\/{rel}","templated":true}]}}