{"id":506,"date":"2023-01-14T12:25:25","date_gmt":"2023-01-14T12:25:25","guid":{"rendered":"https:\/\/runtzcartsdisposables.com\/?post_type=product&#038;p=506"},"modified":"2024-11-25T20:11:54","modified_gmt":"2024-11-25T20:11:54","slug":"sherbinskis","status":"publish","type":"product","link":"https:\/\/runtzcartsdisposables.com\/it\/product\/sherbinskis\/","title":{"rendered":"Sherbinskis"},"content":{"rendered":"<h1>Sherbinskis in Colorado kaufen<\/h1>\n<p>Sherb-inskis in Colorado kaufen. Diese indicadominierte Sorte ist eine Mischung aus Sunset Sherbert (Girl Scout Cookies und Pink Panties) und Thin Mint Cookies (und OG Kush) und bietet einen dicken, reichen, schweren Rauch. Es ist, als w\u00fcrde man in eine gro\u00dfe Sch\u00fcssel mit Gelato eintauchen. Mit einem Hauch von S\u00fc\u00dfe im Vordergrund und berauschenden Erdt\u00f6nen im Abgang hat Bacio ein fettes, vollmundiges Mundgef\u00fchl mit latent prickelnder Wirkung. Mit einem h\u00f6heren<a href=\"hahttps:\/\/hhcgraskaufen.com\/\" target=\"_blank\" rel=\"noopener\"> THC<\/a>-Gehalt als andere Gelato-Sorten ist diese Sorte gut f\u00fcr Raucher mit h\u00f6herer Toleranz geeignet und eignet sich hervorragend f\u00fcr die Nacht, um den Tag ausklingen zu lassen, oder um tags\u00fcber den Blues zu vertreiben. Big Mex Magic Mushroom Online USA.<\/p>\n<p>She-rbinskis wurde in San Francisco von Mario Guzman gegr\u00fcndet, der sich als erfahrener Cannabisz\u00fcchter einen Namen gemacht hat. Er half bei der Entwicklung von Sorten mit weltber\u00fchmter Genetik. Guzman gilt als Erfinder von Sunset Sherbert und der Gelato-Geschmacksserie: Bacio, Acai-Beere, Mochi und Gello. Sher-binskis in Colorado kaufen. Cake Mix\/Mintz kaufen<\/p>\n<p>Neben Cannabis hat Sherbinskis auch Kooperationen in den Bereichen Mode und Hip-Hop aufgenommen. Heute bietet Sher-binskis ein Ladengesch\u00e4ft, Merchandise, Hanf-Perolls und hochwertige Cannabisprodukte, insbesondere Bl\u00fcten und Vape-Patronen.<\/p>\n<p>Die ikonische orangefarbene Verpackung. Das noch ikonischere Kraut, das in dieser Verpackung steckt. Sher-binskis ist eine dieser seltenen O.G.-Marken, die sich seit Jahrzehnten um das Leben mit Premium-Bl\u00fcten dreht. Gegr\u00fcndet von Mario Guzman in seiner Garage in San Francisco, ist Sher-binskis die legend\u00e4re Marke hinter Sorten wie Sunset Sherbert, Pink Panties und der Gelato-Familie: Bacio, Acai berry, Mochi und Gello buy. Kurupt Moon Rock<\/p>\n<h2>Sherbinskis in Colorado kaufen<\/h2>\n<p>Sherbinskis in Colorado kaufen. TL;DR: Sher-binskis wurde in mehr als 200 Hip<a href=\"https:\/\/runtzcartsdisposables.com\/it\/product\/bestellung-motor-breath-jungleboys\/\">-Hop-Songs<\/a> erw\u00e4hnt. Was m\u00fcsst ihr noch wissen?<\/p>\n<p>SHERBINSKIS \u00e8 un cult preferito fondato nel Sunset District di San Francisco da Mr. Sherbinski, un assaggiatore di cannabis e curatore di genetiche di fama mondiale: Pink Panties, Sunset Sherbert e la linea Gelato - Bacio, Mochi, Acai Berry e Gello. Acquista le compresse di Diazepam 10mg online<\/p>\n<p>SHERBINSKIS hat seine Wurzeln in San Francisco, Kalifornien, und ist f\u00fcr seinen kompromisslosen Respekt f\u00fcr die Alchemie der Pflanze und die damit verbundene Kultur bekannt. Unsere verschiedenen Sorten und Kultivare haben eine hingebungsvolle Fangemeinde von Insidern und Enthusiasten auf der ganzen Welt, wo der Wert der absoluten Qualit\u00e4t und Erfahrung an erster Stelle steht. Sher-binskis in Colorado kaufen. Strawnana kaufen<\/p>\n<p>SHERB-INSKIS profitiert von diesem weltweiten Aufschwung und hat sich in ganz Kalifornien und in ausgew\u00e4hlten Apotheken im ganzen Land ausgebreitet, um eine Reihe von Original-Cannabisprodukten anzubieten, darunter Bl\u00fcten, Pre-Rolls, Vape-Patronen, Extrakte und Zubeh\u00f6r. Gl\u00fcckselig gebackener Brownie<\/p>\n<p>Gefeiert von unseren M\u00fcttern, V\u00e4tern, Freunden und Familien, sowie unseren Lieblingsk\u00fcnstlern und Entertainern von John Mayer bis Migos, ist SHERB-INSKIS stolz laut und gewachsen, um es zu teilen. Marihuana online<a href=\"https:\/\/kokaindrogekaufen.com\" target=\"_blank\" rel=\"noopener\"> kaufen<\/a>.<\/p>","protected":false},"excerpt":{"rendered":"<h3 style=\"text-align: center;\">Sherbinskis<\/h3>\n<hr \/>\n<p>Questa variet\u00e0 a predominanza indica \u00e8 un incrocio tra Sunset Sherbert (Girl Scout Cookies e Pink Panties) e Thin Mint Cookies (F1 e OG Kush) e offre un fumo denso, ricco e pesante<\/p>","protected":false},"featured_media":507,"comment_status":"open","ping_status":"closed","template":"","meta":{"_monsterinsights_skip_tracking":false,"_monsterinsights_sitenote_active":false,"_monsterinsights_sitenote_note":"","_monsterinsights_sitenote_category":0},"product_cat":[195,126,351],"product_tag":[],"_links":{"self":[{"href":"https:\/\/runtzcartsdisposables.com\/it\/wp-json\/wp\/v2\/product\/506"}],"collection":[{"href":"https:\/\/runtzcartsdisposables.com\/it\/wp-json\/wp\/v2\/product"}],"about":[{"href":"https:\/\/runtzcartsdisposables.com\/it\/wp-json\/wp\/v2\/types\/product"}],"replies":[{"embeddable":true,"href":"https:\/\/runtzcartsdisposables.com\/it\/wp-json\/wp\/v2\/comments?post=506"}],"wp:featuredmedia":[{"embeddable":true,"href":"https:\/\/runtzcartsdisposables.com\/it\/wp-json\/wp\/v2\/media\/507"}],"wp:attachment":[{"href":"https:\/\/runtzcartsdisposables.com\/it\/wp-json\/wp\/v2\/media?parent=506"}],"wp:term":[{"taxonomy":"product_cat","embeddable":true,"href":"https:\/\/runtzcartsdisposables.com\/it\/wp-json\/wp\/v2\/product_cat?post=506"},{"taxonomy":"product_tag","embeddable":true,"href":"https:\/\/runtzcartsdisposables.com\/it\/wp-json\/wp\/v2\/product_tag?post=506"}],"curies":[{"name":"wp","href":"https:\/\/api.w.org\/{rel}","templated":true}]}}