{"id":512,"date":"2023-01-14T12:29:25","date_gmt":"2023-01-14T12:29:25","guid":{"rendered":"https:\/\/runtzcartsdisposables.com\/?post_type=product&#038;p=512"},"modified":"2024-11-25T20:11:53","modified_gmt":"2024-11-25T20:11:53","slug":"super-shunk","status":"publish","type":"product","link":"https:\/\/runtzcartsdisposables.com\/it\/product\/super-shunk\/","title":{"rendered":"Super shunk"},"content":{"rendered":"<h1>Acquista Super Shunk online<\/h1>\n<p>Super Shunk online kaufen. Super-Shunk online bestellen. Super Skunk ist eine vorwiegend Indica-Sorte, die ihre robusten Bl\u00fcten von ihrer Elternsorte Skunk #1 erh\u00e4lt. Durch R\u00fcckkreuzung der legend\u00e4ren Skunk mit afghanischer Genetik schuf Sensi Seeds eine Sorte mit dichten, dicken Knospen, die daf\u00fcr bekannt sind, extrem scharf zu sein und einen \u00fcberraschend s\u00fc\u00dfen Geschmack zu haben. Diese Sorte erzeugt eine starke, entspannende Wirkung auf den <a href=\"https:\/\/hhcgraskaufen.com\" target=\"_blank\" rel=\"noopener\">K\u00f6rerp<\/a> und ist eine gro\u00dfartige Antwort auf erh\u00f6hten Stress und k\u00f6rperliche Schmerzen.buy <a href=\"https:\/\/runtzcartsdisposables.com\/index.php\/product\/super-sour-diesel\/\">Sour Diesel<\/a><\/p>","protected":false},"excerpt":{"rendered":"<h3 style=\"text-align: center;\">Super shunk<\/h3>\n<hr \/>\n<p>La Super Skunk \u00e8 una variet\u00e0 a predominanza indica che ottiene le sue robuste cime dalla sua variet\u00e0 genitrice, la Skunk #1. Incrociando a ritroso la leggendaria Skunk con la genetica Afghani, Sensi Seeds ha creato una variet\u00e0 con cime dense e spesse note per essere estremamente pungenti e sorprendentemente dolci nel gusto.<\/p>","protected":false},"featured_media":513,"comment_status":"open","ping_status":"closed","template":"","meta":{"_monsterinsights_skip_tracking":false,"_monsterinsights_sitenote_active":false,"_monsterinsights_sitenote_note":"","_monsterinsights_sitenote_category":0},"product_cat":[126,195],"product_tag":[199,241,243],"_links":{"self":[{"href":"https:\/\/runtzcartsdisposables.com\/it\/wp-json\/wp\/v2\/product\/512"}],"collection":[{"href":"https:\/\/runtzcartsdisposables.com\/it\/wp-json\/wp\/v2\/product"}],"about":[{"href":"https:\/\/runtzcartsdisposables.com\/it\/wp-json\/wp\/v2\/types\/product"}],"replies":[{"embeddable":true,"href":"https:\/\/runtzcartsdisposables.com\/it\/wp-json\/wp\/v2\/comments?post=512"}],"wp:featuredmedia":[{"embeddable":true,"href":"https:\/\/runtzcartsdisposables.com\/it\/wp-json\/wp\/v2\/media\/513"}],"wp:attachment":[{"href":"https:\/\/runtzcartsdisposables.com\/it\/wp-json\/wp\/v2\/media?parent=512"}],"wp:term":[{"taxonomy":"product_cat","embeddable":true,"href":"https:\/\/runtzcartsdisposables.com\/it\/wp-json\/wp\/v2\/product_cat?post=512"},{"taxonomy":"product_tag","embeddable":true,"href":"https:\/\/runtzcartsdisposables.com\/it\/wp-json\/wp\/v2\/product_tag?post=512"}],"curies":[{"name":"wp","href":"https:\/\/api.w.org\/{rel}","templated":true}]}}