{"id":543,"date":"2023-01-14T13:24:50","date_gmt":"2023-01-14T13:24:50","guid":{"rendered":"https:\/\/runtzcartsdisposables.com\/?post_type=product&#038;p=543"},"modified":"2024-11-25T20:11:45","modified_gmt":"2024-11-25T20:11:45","slug":"banana-kush","status":"publish","type":"product","link":"https:\/\/runtzcartsdisposables.com\/it\/product\/banana-kush\/","title":{"rendered":"Banana kush"},"content":{"rendered":"<h1>Acquista Banana Kush online<\/h1>\n<p>Acquista Banana Kush online. Questo leggendario ceppo della West Coast si incrocia <a href=\"https:\/\/www.leafly.com\/strains\/ghost-og\" target=\"_blank\" rel=\"noopener\">Ghost OG<\/a> und <a href=\"https:\/\/www.wikileaf.com\/strain\/skunk-haze\/\" target=\"_blank\" rel=\"noopener\">Skunk Haze<\/a>per creare un ibrido a predominanza indica che profuma e sa di moggio di banane fresche. La Banana Kush tende a produrre uno sballo morbido insieme a una rilassata sensazione di euforia.<\/p>\n<p>La Banana Kush \u00e8 un'ottima scelta quando si lotta contro lo stress o la depressione. Stimola anche la creativit\u00e0 e pu\u00f2 aiutarti a mantenerti loquace nelle impostazioni sociali.<\/p>\n<p>Banana Kush \u00e8 una variet\u00e0 con una solida reputazione. Kush alla banana. Questa variet\u00e0 della costa occidentale \u00e8 nota per il suo sapore di banana e un ottimo mix di euforia e sonnolenza. Moderatamente difficile da coltivare, a basso rendimento, \u00e8 figlia di Ghost OG e Skunk Haze.<\/p>\n<h5>Risultati dei test di laboratorio:<\/h5>\n<p>THC: 25%.<\/p>\n<p>CBD: 0,7%<\/p>\n<h2>Acquista Banana Kush online<\/h2>\n<h4>Banana-Kush Erfahrung<\/h4>\n<p>Pur essendo essenzialmente indica, Banana Kush ha anche alcuni degli effetti di una sativa. Produce uno sballo fisico molto forte ed \u00e8 ideale per gli insonni poich\u00e9 \u00e8 molto assonnata. I suoi effetti che inducono il sonno sono cos\u00ec forti che la maggior parte dei consumatori di marijuana conserva questa variet\u00e0 prima di coricarsi - anche gli appassionati di cannabis pi\u00f9 esperti faranno fatica a tenere gli occhi aperti per questa variet\u00e0. Acquista erba online in Europa<\/p>\n<p>Prima di addormentarsi, i consumatori di marijuana sperimentano un piacevole sballo euforico e un vero miglioramento dell'umore che scioglie lo stress della giornata. Alcuni utenti notano secchezza oculare, secchezza delle fauci e un po' di paranoia quando ne consumano quantit\u00e0 maggiori. Questo \u00e8 particolarmente importante da tenere a mente se sei nuovo alla marijuana <a href=\"https:\/\/runtzcartsdisposables.com\/index.php\/product\/paris-og\/\">Paris OG<\/a><\/p>\n<p>Banana-Kush hat ein etwas legend\u00e4res Geschmacksprofil. Sie ist eine Kreuzung zwischen Skunk Haze und Ghost OG und hat einen unverwechselbaren Bananengeschmack. Begleitet von fruchtigen und tropischen Aromen, werden einige Marihuana-Enthusiasten auch einen holzigen Geschmack feststellen. Das unverwechselbare Bananenaroma ist unverkennbar, sobald diese Sorte verbrannt wird und den Raum mit s\u00fc\u00dfem, fruchtigem Rauch erf\u00fcllt. Obama Kush<\/p>\n<p>In linea con gli odori e i sapori seducenti, questa variet\u00e0 ha un bell'appeal sullo scaffale. Con foglie dai colori vivaci e pistilli color pesca ricoperti da una salutare dose di tricomi bianchi, la Lemon Zkittle \u00e8 un'erba dall'aspetto gradevole che far\u00e0 sicuramente tornare gli appassionati di cannabis. Biscotto SuperOg<\/p>\n<h3>Medizinische Vorteile von Banana-Kush<\/h3>\n<p>Di tutta la famiglia OG Kush, questa variet\u00e0 \u00e8 una delle pi\u00f9 morbide, rendendola popolare tra i pazienti di marijuana medica che sono nuovi all'uso di cannabis o forse non fumano cos\u00ec spesso. Torta alla banana<\/p>\n<p>Come gi\u00e0 accennato, questa variet\u00e0 \u00e8 eccellente per le persone che soffrono di insonnia grazie ai suoi forti effetti sedativi.<\/p>\n<p>Chi soffre di marijuana alle prese con i sintomi della depressione apprezzer\u00e0 la sensazione edificante ed euforica che questa variet\u00e0 offre<\/p>\n<p>Il forte effetto indica la rende una variet\u00e0 eccezionale per il trattamento del dolore cronico.<\/p>","protected":false},"excerpt":{"rendered":"<h3 style=\"text-align: center;\">Banana kush<\/h3>\n<hr \/>\n<h3 style=\"text-align: center;\"><\/h3>\n<p>Il forte effetto indica la rende una variet\u00e0 eccezionale per il trattamento del dolore cronico.<\/p>","protected":false},"featured_media":544,"comment_status":"open","ping_status":"closed","template":"","meta":{"_monsterinsights_skip_tracking":false,"_monsterinsights_sitenote_active":false,"_monsterinsights_sitenote_note":"","_monsterinsights_sitenote_category":0},"product_cat":[126,245],"product_tag":[],"_links":{"self":[{"href":"https:\/\/runtzcartsdisposables.com\/it\/wp-json\/wp\/v2\/product\/543"}],"collection":[{"href":"https:\/\/runtzcartsdisposables.com\/it\/wp-json\/wp\/v2\/product"}],"about":[{"href":"https:\/\/runtzcartsdisposables.com\/it\/wp-json\/wp\/v2\/types\/product"}],"replies":[{"embeddable":true,"href":"https:\/\/runtzcartsdisposables.com\/it\/wp-json\/wp\/v2\/comments?post=543"}],"wp:featuredmedia":[{"embeddable":true,"href":"https:\/\/runtzcartsdisposables.com\/it\/wp-json\/wp\/v2\/media\/544"}],"wp:attachment":[{"href":"https:\/\/runtzcartsdisposables.com\/it\/wp-json\/wp\/v2\/media?parent=543"}],"wp:term":[{"taxonomy":"product_cat","embeddable":true,"href":"https:\/\/runtzcartsdisposables.com\/it\/wp-json\/wp\/v2\/product_cat?post=543"},{"taxonomy":"product_tag","embeddable":true,"href":"https:\/\/runtzcartsdisposables.com\/it\/wp-json\/wp\/v2\/product_tag?post=543"}],"curies":[{"name":"wp","href":"https:\/\/api.w.org\/{rel}","templated":true}]}}