{"id":549,"date":"2023-01-14T13:33:35","date_gmt":"2023-01-14T13:33:35","guid":{"rendered":"https:\/\/runtzcartsdisposables.com\/?post_type=product&#038;p=549"},"modified":"2024-11-25T20:11:44","modified_gmt":"2024-11-25T20:11:44","slug":"banana-runtz","status":"publish","type":"product","link":"https:\/\/runtzcartsdisposables.com\/it\/product\/banana-runtz\/","title":{"rendered":"Banana runtz"},"content":{"rendered":"<h1>Acquista la variet\u00e0 Banana Runtz online in Svezia<\/h1>\n<p>Acquista la variet\u00e0 Banana Runtz online in Svezia. La variet\u00e0 White Runtz \u00e8 fondamentalmente una runtz ricoperta di THC con lo stesso sapore dolce. Le cime sono dense e completamente ricoperte di tricomi. La White Runtz \u00e8 un'erba viola ricoperta di tricomi bianchi. Il nome di questa variet\u00e0 la descrive molto bene. Acquista Banana Runtz online. Acquista Sharklato Runtz a Buenos Aires<\/p>\n<p>Runtz ist eine aufstrebende Marihuana-Marke mit Sitz in LOS ANGELES, KALIFORNIEN, die von dem Hip-<a href=\"https:\/\/hhcgraskaufen.com\" target=\"_blank\" rel=\"noopener\">Hop-Rapper<\/a> &#8222;Yunglb_litt&#8220; entdeckt wurde, der die Marihuana-Industrie des 21. Jahrhunderts auf eine ganz andere Ebene bringt.Die Marke ist seit 2017 auf dem Vormarsch, hatte aber Anfang 2019 einen Boom, als die Marke mit der Strategie kam, die verschiedenen Geschmacksrichtungen der Marke zu ver\u00f6ffentlichen, Sie taten dies, indem der Mitbegr\u00fcnder verschiedene Kollaborationen mit verschiedenen Rappern wie Moneybagg Yo, Playboi Carti, Young thugs YSL Gang, Nav, etc. einging, wo der Ruhm des Rappers als eine wichtige Gesch\u00e4ftswaffe zur Steigerung nicht nur der Popularit\u00e4t der Marke, sondern auch des Umsatzes dient. Buy Banana Runtz Online ist eine Cannabis-Hybridsorte aus Kalifornien, die viele als S\u00fc\u00dfigkeit beschreiben w\u00fcrden, mit einem Terpenprofil und einer extrem vielf\u00e4ltigen Anzahl von Genotypen, die eine dramatische Wirkung auf Sie haben k\u00f6nnen. Daher ist es sehr schwierig zu sagen, ob Banana Runtz ein Indica-Hybrid oder eine Sativa ist, da verschiedene Genotypen in unterschiedliche Richtungen tendieren. Dies bezieht sich auch auf die THC- und CBD-Werte, die auf einer Wachstumsbasis gemessen werden. Kubanische Magic Mushrooms online kaufen.<\/p>\n<h2>Acquista la variet\u00e0 Banana Runtz online in Svezia<\/h2>\n<p>Runtz \u00e8 una variet\u00e0 molto diffusa nella cultura e nella pubblicit\u00e0 dietro il confezionamento di prodotti a base di cannabis tra i fumatori di cannabis.Oltre all'aspetto del bocciolo, i produttori di questa variet\u00e0 hanno chiamato la variet\u00e0 Banana Runtz in base alla sua dolcezza zuccherina, profilo aromatico e gustativo . Una volta completamente essiccato e trattato, i consumatori dovrebbero essere in grado di vedere i colori oltre il verde. Le cime forti e compatte della Runtz mostrano anche una vibrante gamma di colori, dal blu e viola al verde scuro e all'arancio brillante. Mentre la variet\u00e0 Banana Runtz \u00e8 estremamente difficile da trovare, noi semplifichiamo il processo per te. Vendiamo la migliore variet\u00e0 di Banana Runtz disponibile sul mercato.dove comprare erba online <a href=\"https:\/\/runtzcartsdisposables.com\/it\/\">wo man Gras online kaufen kann<\/a><\/p>\n<p>Runtz \u00e8 una variet\u00e0 molto diffusa nella cultura e nella pubblicit\u00e0 dietro il confezionamento di prodotti a base di cannabis tra i fumatori di cannabis.Oltre all'aspetto del bocciolo, i produttori di questa variet\u00e0 hanno chiamato la variet\u00e0 Banana Runtz in base alla sua dolcezza zuccherina, profilo aromatico e gustativo . Una volta completamente essiccato e trattato, i consumatori dovrebbero essere in grado di vedere i colori oltre il verde. Le cime forti e compatte della Runtz mostrano anche una vibrante gamma di colori, dal blu e viola al verde scuro e all'arancio brillante. Mentre la variet\u00e0 Banana Runtz \u00e8 estremamente difficile da trovare, noi semplifichiamo il processo per te. Vendiamo la migliore variet\u00e0 di Banana Runtz disponibile sul mercato.dove comprare erba online<\/p>","protected":false},"excerpt":{"rendered":"<h4 style=\"text-align: center;\">Banana runtz<\/h4>\n<hr \/>\n<p>Il forte effetto indica la rende una variet\u00e0 eccezionale per il trattamento del dolore cronico.<\/p>\n<p>&nbsp;<\/p>","protected":false},"featured_media":550,"comment_status":"open","ping_status":"closed","template":"","meta":{"_monsterinsights_skip_tracking":false,"_monsterinsights_sitenote_active":false,"_monsterinsights_sitenote_note":"","_monsterinsights_sitenote_category":0},"product_cat":[245,126,351],"product_tag":[202,253,254,248,249,250,255,257,256,251,252,235],"_links":{"self":[{"href":"https:\/\/runtzcartsdisposables.com\/it\/wp-json\/wp\/v2\/product\/549"}],"collection":[{"href":"https:\/\/runtzcartsdisposables.com\/it\/wp-json\/wp\/v2\/product"}],"about":[{"href":"https:\/\/runtzcartsdisposables.com\/it\/wp-json\/wp\/v2\/types\/product"}],"replies":[{"embeddable":true,"href":"https:\/\/runtzcartsdisposables.com\/it\/wp-json\/wp\/v2\/comments?post=549"}],"wp:featuredmedia":[{"embeddable":true,"href":"https:\/\/runtzcartsdisposables.com\/it\/wp-json\/wp\/v2\/media\/550"}],"wp:attachment":[{"href":"https:\/\/runtzcartsdisposables.com\/it\/wp-json\/wp\/v2\/media?parent=549"}],"wp:term":[{"taxonomy":"product_cat","embeddable":true,"href":"https:\/\/runtzcartsdisposables.com\/it\/wp-json\/wp\/v2\/product_cat?post=549"},{"taxonomy":"product_tag","embeddable":true,"href":"https:\/\/runtzcartsdisposables.com\/it\/wp-json\/wp\/v2\/product_tag?post=549"}],"curies":[{"name":"wp","href":"https:\/\/api.w.org\/{rel}","templated":true}]}}