{"id":561,"date":"2023-01-14T16:31:58","date_gmt":"2023-01-14T16:31:58","guid":{"rendered":"https:\/\/runtzcartsdisposables.com\/?post_type=product&#038;p=561"},"modified":"2024-11-25T20:11:41","modified_gmt":"2024-11-25T20:11:41","slug":"blue-dream","status":"publish","type":"product","link":"https:\/\/runtzcartsdisposables.com\/it\/product\/blue-dream\/","title":{"rendered":"Blue dream Strain"},"content":{"rendered":"<h1>Acquista on line Sogni Blu<\/h1>\n<p>Blue dream Strain online kaufen. Blue Dream, ein sativadominierter Hybrid aus Kalifornien, hat unter den Sorten der Westk\u00fcste einen legend\u00e4ren Status erreicht. Blue Dream ist eine Kreuzung aus Blueberry und Haze, die ein Gleichgewicht zwischen k\u00f6rperlicher Entspannung und sanfter zerebraler Belebung schafft. Sowohl Anf\u00e4nger als auch erfahrene Konsumenten genie\u00dfen die sanfte Wirkung von Blue Dream, die sie sanft in eine ruhige Euphorie versetzt.<\/p>\n<p>Mit seinem s\u00fc\u00dfen Beerenaroma, das an seine Mutterpflanze <a href=\"https:\/\/runtzcartsdisposables.com\/it\/product\/blueberry-kush\/\">Blueberry<\/a> erinnert, lindert Blue Dream schnell die Symptome, ohne stark sedierend zu wirken. Dies macht Blue Dream zu einem beliebten Tagesmedikament f\u00fcr Patienten, die Schmerzen, Depressionen, \u00dcbelkeit und andere Beschwerden behandeln, die eine THC-reiche Sorte erfordern.<\/p>\n<p>il tipo<\/p>\n<p>Blue Dream \u00e8 una variet\u00e0 ibrida a predominanza sativa originaria della California, patria di meravigliosi fenotipi e dello stesso Golden State. Questa impeccabile variet\u00e0 ibrida ha consolidato la sua reputazione come una delle migliori variet\u00e0 della West Coast di sempre e si trova in cima alla gerarchia della cannabis nonostante sia una variet\u00e0 \"baby\", o fenotipo, nata solo nel moderno 21\u00b0 secolo Blue Dream ha sbalordito molti high profila celebrit\u00e0 ed \u00e8 stata notata da rapper come Juicy J, che ha persino chiamato una canzone dopo la variet\u00e0, Snoop Dogg e il famoso artista e sostenitore della cannabis Willie Nelson, che l'ha elogiata per le sue lodi rumorose inebrianti ma produttive ed energiche.<\/p>\n<h2>Acquista on line Sogni Blu<\/h2>\n<p>Effetti<\/p>\n<p>Blue dream Strain ist eine Kreuzung zwischen Blueberry und Haze. W\u00e4hrend ihre Elternsorten gegens\u00e4tzliche Ph\u00e4notypen sind, vereint Blue Dream perfekt das beruhigende und entspannende Body-High oder den Couch-Lock von Indica-Sorten mit der zerebralen, euphorischen und belebenden Natur ihres Sativa-Vorg\u00e4ngers, was sie zu einer gro\u00dfartigen Allround-Sorte macht. Selbst als Sativa-dominante Hybridsorte hat sie es in sich, denn sie weist eine bemerkenswerte durchschnittliche THC-Konzentration von 20% auf. Dieser hohe THC-Gehalt sollte als Vorsichtsma\u00dfnahme verstanden werden, da der Rausch dieser Sorte sehr stark ist und schnell wirkt. Beim Rauchen werden die Nutzer sofort feststellen, dass die Wirkung von Blue Dream anders ist als die anderer Sorten. Mit einer bizarren Harmonie zwischen dem Gef\u00fchl eines sedierenden Ganzk\u00f6rperrausches und einem motivierten, euphorischen und zerebralen Bewusstseinszustand ist es keine \u00dcberraschung, warum Blue Dream eine der beliebtesten Sorten ist, die heute erh\u00e4ltlich sind. buy weed online Europe Abgesehen von seinen Erholungszwecken hat dieser Hybrid auch viele therapeutische N\u00fctzlichkeiten. Blue Dream ist wirksam bei der Behandlung von Kopfschmerzen, Angstzust\u00e4nden, Depressionen, Stress und leichten Schmerzen.<br \/>\nErscheinungsbild &amp; <a href=\"https:\/\/kokaindrogekaufen.com\" target=\"_blank\" rel=\"noopener\">Aroma<\/a><\/p>\n<p>Blue dream Strain ist eine wundersch\u00f6ne Hybridsorte mit einer enormen Anziehungskraft. Selbst f\u00fcr eine Sativa-dominante Hybridsorte hat sie mittelgro\u00dfe Knospen mit leuchtend gr\u00fcnen Bl\u00e4ttern und einer minimalen Menge an orangen Trichomen oder Haaren. Dies ist eine einfach zu z\u00fcchtende Pflanze, die fast immer dichte, dichte Knospen produziert, die von einer sch\u00f6nen Schicht von THC Trichomen bedeckt sind. Blue Dream bringt mehr als nur eine sch\u00f6ne physische Erscheinung und Tasche Appell, wie diese vertr\u00e4umten nugs Mischung k\u00f6stliche Aromen von s\u00fc\u00dfen Blaubeeren und einem weichen erdigen Zucker oder Vanille-\u00e4hnliche Essenz.<\/p>","protected":false},"excerpt":{"rendered":"<h2 style=\"text-align: center;\">Blue dream Strain<\/h2>\n<hr \/>\n<p>Un ibrido a predominanza sativa originario della California, Blue Dream ha raggiunto uno status leggendario tra le variet\u00e0 della West Coast. Blue Dream \u00e8 un incrocio tra Blueberry e Haze che raggiunge un equilibrio tra rilassamento fisico e un leggero sollevamento cerebrale.<\/p>\n<p>&nbsp;<\/p>","protected":false},"featured_media":562,"comment_status":"open","ping_status":"closed","template":"","meta":{"_monsterinsights_skip_tracking":false,"_monsterinsights_sitenote_active":false,"_monsterinsights_sitenote_note":"","_monsterinsights_sitenote_category":0},"product_cat":[245,126],"product_tag":[],"_links":{"self":[{"href":"https:\/\/runtzcartsdisposables.com\/it\/wp-json\/wp\/v2\/product\/561"}],"collection":[{"href":"https:\/\/runtzcartsdisposables.com\/it\/wp-json\/wp\/v2\/product"}],"about":[{"href":"https:\/\/runtzcartsdisposables.com\/it\/wp-json\/wp\/v2\/types\/product"}],"replies":[{"embeddable":true,"href":"https:\/\/runtzcartsdisposables.com\/it\/wp-json\/wp\/v2\/comments?post=561"}],"wp:featuredmedia":[{"embeddable":true,"href":"https:\/\/runtzcartsdisposables.com\/it\/wp-json\/wp\/v2\/media\/562"}],"wp:attachment":[{"href":"https:\/\/runtzcartsdisposables.com\/it\/wp-json\/wp\/v2\/media?parent=561"}],"wp:term":[{"taxonomy":"product_cat","embeddable":true,"href":"https:\/\/runtzcartsdisposables.com\/it\/wp-json\/wp\/v2\/product_cat?post=561"},{"taxonomy":"product_tag","embeddable":true,"href":"https:\/\/runtzcartsdisposables.com\/it\/wp-json\/wp\/v2\/product_tag?post=561"}],"curies":[{"name":"wp","href":"https:\/\/api.w.org\/{rel}","templated":true}]}}