{"id":579,"date":"2023-01-14T16:47:25","date_gmt":"2023-01-14T16:47:25","guid":{"rendered":"https:\/\/runtzcartsdisposables.com\/?post_type=product&#038;p=579"},"modified":"2024-11-25T20:11:37","modified_gmt":"2024-11-25T20:11:37","slug":"dosilato","status":"publish","type":"product","link":"https:\/\/runtzcartsdisposables.com\/it\/product\/dosilato\/","title":{"rendered":"Dosilato"},"content":{"rendered":"<h1>Acquista Dosilato online in Liechtenstein<\/h1>\n<p>Acquista Dosilato online in Liechtenstein. La Dosilato Flower della Connected Cannabis Co. \u00e8 un ibrido terroso-dolce con un fumo delicato. BUY GROW (per grammo) Lo sballo risultante \u00e8 spesso inebriante e concentrato con un leggero ronzio energizzante nel corpo. Pu\u00f2 farti sentire un po' elettrico, quasi nervoso, quando finisci poco per dormire. Il fiore Dosilato di Cake Mix\/Mintz Connected Cannabis Co. \u00e8 un ibrido terroso-dolce con un fumo morbido. Lo sballo che ne deriva \u00e8 spesso inebriante e concentrato con un leggero ronzio energizzante nel corpo. Puoi sentirti un po' elettrico, quasi nervoso, quando hai solo bisogno di dormire un po'. Acquista funghi magici cubani online.<\/p>\n<h2>Dosilato online in Liechtenstein kaufen<\/h2>\n<p>Donato, auch bekannt als Do-Si-Lato oder Dosilato, ist eine Indica-dominante Sorte, die durch Kreuzung von Do-Si-Dos mit Gelato #41 entstanden ist. Diese Sorte hat ein wundersch\u00f6nes Farbspektrum in ihren Colas &#8211; von hell- bis dunkelgr\u00fcn und weinrot-violett bis hin zu leuchtendem Orange, alles best\u00e4ubt mit diamantartigen Trichomen. Das Terpenprofil von Donato weist einen fruchtigen, erdigen Duft auf, gefolgt von einem s\u00fc\u00dfen Lavendelgeschmack. Donato hinterl\u00e4sst ein Gef\u00fchl von Stressfreiheit und Beruhigung, was sie perfekt f\u00fcr einen entspannten Abend macht, vielleicht gepaart mit einem Bad und einem Buch. Mischt man diese beiden Powerhouse-Sorten (decides x gelato), erh\u00e4lt man ein wahnsinniges Aroma, das scharf, s\u00fc\u00df und erdig ist, mit einer leichten blumigen Note. Diese Aromen mischen sich gut mit der k\u00f6rperlichen Wirkung, die zur sedierenden Seite hin tendiert. Kurupt Moon Rock Genie\u00dfe das Story-High, meine Freunde, die <a href=\"https:\/\/runtzcartsdisposables.com\/it\/product\/purple-haze\/\">Dosilato<\/a>-Blume von Cannabis Co. ist ein erdig-s\u00fc\u00dfer Hybrid mit einem sanft-schlagenden Rauch. Der resultierende Rausch ist oft berauschend und fokussiert mit einem leichten, anregenden Buzz im K\u00f6rper. Man kann sich ein wenig elektrisch f\u00fchlen, fast hibbelig, wenn man kurz vor dem Schlafengehen steht. Die Dosilato-Blume von Lemon Zkittle Connected Cannabis Co. ist ein erdig-s\u00fc\u00dfer Hybrid mit einem sanft-schlagenden Rauch. Das resultierende High ist oft berauschend und fokussiert mit Licht<a href=\"https:\/\/kokaindrogekaufen.com\" target=\"_blank\" rel=\"noopener\">.<\/a><\/p>","protected":false},"excerpt":{"rendered":"<p>Noto anche come Do-Si-Lato o Dosilato, \u00e8 una variet\u00e0 a predominanza Indica creata incrociando Do-Si-Dos con Gelato #41. Questa variet\u00e0 ha uno splendido spettro di colori nelle sue cime - dal verde chiaro al verde scuro e dal viola bordeaux all'arancio brillante, tutte spolverate di tricomi simili a diamanti.<\/p>\n<p>&nbsp;<\/p>","protected":false},"featured_media":580,"comment_status":"open","ping_status":"closed","template":"","meta":{"_monsterinsights_skip_tracking":false,"_monsterinsights_sitenote_active":false,"_monsterinsights_sitenote_note":"","_monsterinsights_sitenote_category":0},"product_cat":[126,245,351],"product_tag":[],"_links":{"self":[{"href":"https:\/\/runtzcartsdisposables.com\/it\/wp-json\/wp\/v2\/product\/579"}],"collection":[{"href":"https:\/\/runtzcartsdisposables.com\/it\/wp-json\/wp\/v2\/product"}],"about":[{"href":"https:\/\/runtzcartsdisposables.com\/it\/wp-json\/wp\/v2\/types\/product"}],"replies":[{"embeddable":true,"href":"https:\/\/runtzcartsdisposables.com\/it\/wp-json\/wp\/v2\/comments?post=579"}],"wp:featuredmedia":[{"embeddable":true,"href":"https:\/\/runtzcartsdisposables.com\/it\/wp-json\/wp\/v2\/media\/580"}],"wp:attachment":[{"href":"https:\/\/runtzcartsdisposables.com\/it\/wp-json\/wp\/v2\/media?parent=579"}],"wp:term":[{"taxonomy":"product_cat","embeddable":true,"href":"https:\/\/runtzcartsdisposables.com\/it\/wp-json\/wp\/v2\/product_cat?post=579"},{"taxonomy":"product_tag","embeddable":true,"href":"https:\/\/runtzcartsdisposables.com\/it\/wp-json\/wp\/v2\/product_tag?post=579"}],"curies":[{"name":"wp","href":"https:\/\/api.w.org\/{rel}","templated":true}]}}