{"id":585,"date":"2023-01-14T16:51:18","date_gmt":"2023-01-14T16:51:18","guid":{"rendered":"https:\/\/runtzcartsdisposables.com\/?post_type=product&#038;p=585"},"modified":"2024-11-25T20:11:36","modified_gmt":"2024-11-25T20:11:36","slug":"ether","status":"publish","type":"product","link":"https:\/\/runtzcartsdisposables.com\/it\/product\/ether\/","title":{"rendered":"Ether"},"content":{"rendered":"<h1>Acquista Ether Marijuana Strain online in Germania<\/h1>\n<p>Kaufen Ether Marihuana Strain Online In Deutschland. Ether ist ein seltener Indica-dominanter Hybrid (70% Indica\/30% Sativa), der ein spezieller hochpotenter Schnitt der ber\u00fcchtigten Alien Dawg ist, einer Kreuzung aus Chemdawg und Alien Technology. BUY WAX (pro Gramm) Mit einem THC-Gehalt, der typischerweise 20% \u00fcbersteigt, und einer potenten, vollmundigen Wirkung ist Et-her eine Sorte, die man nicht untersch\u00e4tzen sollte. Der Rausch von Et-her setzt schnell und stark ein, mit einem fast sofortigen zerebralen Rausch von erh\u00f6hter Euphorie. Kaufen Sie Cake Mix\/Mintz Diese Wirkung dringt in Ihren Verstand ein und l\u00e4sst Sie leicht benebelt und benommen zur\u00fcck, obwohl Sie gl\u00fcckselig sind. Schon bald wird dieses Gef\u00fchl steinig und l\u00e4sst Ihren Geist in tiefe Introspektion und willk\u00fcrliche Gedanken versinken, so dass Ihr Kopf schwer wird. Diese Schwere wird sich schnell auf den Rest Ihres K\u00f6rpers ausbreiten und Sie schl\u00e4frig werden lassen. Cherry Pie kaufen<\/p>\n<p>Diese allgemein als Alien Dawg (Et-her&#8220;-Schnitt) bezeichnete Sorte ist einer der begehrtesten Ph\u00e4notypen des Indica-dominanten Hybriden Alien Dawg und wurde zur Schaffung anderer Hybriden wie Alien Abduction und Lemon Alien Dawg verwendet. Et-her tendiert mehr zur Chemdawg 91 Seite ihres Erbes und ist bekannt f\u00fcr ihren intensiven sauren Geruch und ihre erstaunliche Trichomenproduktion. Big Mex Magic Mushroom Online USA<\/p>\n<h2>Acquista Ether Marijuana Strain online in Germania<\/h2>\n<p>Ether ist eine seltene Indica-dominante Hybridsorte (70% Indica\/30% Sativa), die ein spezieller hochpotenter Schnitt der ber\u00fcchtigten Alien Dawg ist, einer Kreuzung von Chemdawg X <a href=\"https:\/\/runtzcartsdisposables.com\/it\/product\/white-cherry-gelato\/\">Alien<\/a> Technology. Mit einem THC-Gehalt von typischerweise \u00fcber 20% und einer potenten, vollmundigen Wirkung ist Et-her eine Sorte, die man nicht untersch\u00e4tzen sollte. Das Et-her-High setzt schnell und stark ein, mit einem fast sofortigen zerebralen Rausch von erh\u00f6hter Euphorie. buy Lemon Zkittle Dieser Effekt schl\u00e4gt in Deinem Geist ein und l\u00e4sst Dich leicht benebelt und benommen zur\u00fcck, obwohl Du gl\u00fcckselig bist. Schon bald wird dieses Gef\u00fchl zu einem steinigen Gef\u00fchl, das Deinen Geist in tiefe Introspektion und zuf\u00e4llige Gedanken versinken l\u00e4sst und Deinen Kopf schwer werden l\u00e4sst. Diese Schwere breitet sich schnell auf den Rest deines K\u00f6rpers aus und macht dich schl\u00e4frig und m\u00fcde. buy Kurupt Moon Rock. Diese allgemein als Alien Dawg (Ether&#8220;-Schnitt) bezeichnete Sorte ist einer der begehrtesten Ph\u00e4notypen des Indica-dominanten Hybriden Alien Dawg und wurde zur Herstellung anderer Hybriden wie Alien Abduction und Lemon Alien Dawg verwendet. Et-her neigt mehr zur Chemdawg 91 Seite ihres Erbes und ist bekannt f\u00fcr ihren intensiven sauren Geruch und ihre erstaunliche Trichomenproduktion. Kaufen Et-her Marihuana Strain Online In Deutschland<a href=\"https:\/\/kokaindrogekaufen.com\" target=\"_blank\" rel=\"noopener\">.<\/a><\/p>","protected":false},"excerpt":{"rendered":"<p>Chiamata comunemente Alien Dawg (taglio \"Ether\"), questa variet\u00e0 \u00e8 uno dei fenotipi pi\u00f9 ricercati dell'ibrido a predominanza indica Alien Dawg ed \u00e8 stata utilizzata per creare altri ibridi come Alien Abduction e Lemon Alien Dawg.<\/p>\n<p>&nbsp;<\/p>","protected":false},"featured_media":586,"comment_status":"open","ping_status":"closed","template":"","meta":{"_monsterinsights_skip_tracking":false,"_monsterinsights_sitenote_active":false,"_monsterinsights_sitenote_note":"","_monsterinsights_sitenote_category":0},"product_cat":[126,245,351],"product_tag":[268,269,270,271,272,273,274,275,276,267],"_links":{"self":[{"href":"https:\/\/runtzcartsdisposables.com\/it\/wp-json\/wp\/v2\/product\/585"}],"collection":[{"href":"https:\/\/runtzcartsdisposables.com\/it\/wp-json\/wp\/v2\/product"}],"about":[{"href":"https:\/\/runtzcartsdisposables.com\/it\/wp-json\/wp\/v2\/types\/product"}],"replies":[{"embeddable":true,"href":"https:\/\/runtzcartsdisposables.com\/it\/wp-json\/wp\/v2\/comments?post=585"}],"wp:featuredmedia":[{"embeddable":true,"href":"https:\/\/runtzcartsdisposables.com\/it\/wp-json\/wp\/v2\/media\/586"}],"wp:attachment":[{"href":"https:\/\/runtzcartsdisposables.com\/it\/wp-json\/wp\/v2\/media?parent=585"}],"wp:term":[{"taxonomy":"product_cat","embeddable":true,"href":"https:\/\/runtzcartsdisposables.com\/it\/wp-json\/wp\/v2\/product_cat?post=585"},{"taxonomy":"product_tag","embeddable":true,"href":"https:\/\/runtzcartsdisposables.com\/it\/wp-json\/wp\/v2\/product_tag?post=585"}],"curies":[{"name":"wp","href":"https:\/\/api.w.org\/{rel}","templated":true}]}}