{"id":591,"date":"2023-01-14T17:01:33","date_gmt":"2023-01-14T17:01:33","guid":{"rendered":"https:\/\/runtzcartsdisposables.com\/?post_type=product&#038;p=591"},"modified":"2024-11-25T20:11:34","modified_gmt":"2024-11-25T20:11:34","slug":"gelato","status":"publish","type":"product","link":"https:\/\/runtzcartsdisposables.com\/it\/product\/gelato\/","title":{"rendered":"Gelato"},"content":{"rendered":"<h1>Acquista il gelato online<\/h1>\n<p>Gelato online kaufen. Gel-ato (auch als &#8222;<a href=\"https:\/\/en.wikipedia.org\/wiki\/Larry_Bird\" target=\"_blank\" rel=\"noopener\">Larry Bird<\/a>\u201c) \u00e8 allettante <a href=\"https:\/\/runtzcartsdisposables.com\/index.php\/product-category\/blumen\/hybrid-sorten\/\">Cannabis-Hybridsorte<\/a> di Cookie Fam e Sherbinski, seguendo le orme dei suoi genitori Sunset Sherbet e Thin Mint GSC. Originaria della Bay Area della California, questa variet\u00e0 deve il suo nome all'aroma fruttato, simile al dessert, che attraversa come un filo conduttore la famiglia Cookie. Le sue cime tendono a sbocciare in intense tonalit\u00e0 viola, illuminate da ardenti peli arancioni e da un brillante strato bianco di resina cristallina. novizio<\/p>\n<p>sollten sich diesem THC-Kraftpaket mit Vorsicht n\u00e4hern, aber diejenigen, die \u00fcber eine hohe Toleranz verf\u00fcgen, werden sich an Gel-atos schwerf\u00e4lliger Euphorie erfreuen. Die k\u00f6rperliche Entspannung setzt stark ein, aber viele finden sich geistig noch agil genug, um produktiv und kreativ zu bleiben, wenn sie Gelato tags\u00fcber genie\u00dfen.<\/p>\n<h2>Acquista il gelato online<\/h2>\n<p><strong>INDICA %SATIVA %REINHEIT \/ POTENZENTSPANNUNGSCHLAFENDE ENERGIEEUPHORIESCHMERZLINDERUNG<\/strong><\/p>\n<p>Name der Sorte: Gelato Cannabis-Sorte<\/p>\n<p>Dominante Sorte: Indica-dominant mit 55% Indica \/ 45% Sativa.<\/p>\n<p>Kurze Geschichte: Gel-ato stammt aus der Bay Area, Kalifornien, und wurde von Cookie Fam Genetics entwickelt. Diese k\u00f6stliche Sorte wurde durch Kreuzung von Sunset Sherbet mit Thin Mint Girl Scout Cookies erzeugt. Die Elternsorten sind beide f\u00fcr ihre vollmundige Wirkung bekannt.<\/p>\n<p>Tuttavia, non lasciarti ingannare dal suo nome carino. La Gelato \u00e8 una variet\u00e0 molto potente. Dopotutto, questa deliziosa variet\u00e0 possiede tutte le migliori qualit\u00e0 delle sue variet\u00e0 genitrici.<\/p>\n<p>Il gelato colpisce duro e veloce. Il suo alto contenuto di THC \u00e8 noto per indurre potenti effetti psicoattivi e psichedelici. Non \u00e8 una variet\u00e0 per principianti e per coloro che non tollerano bene il THC. Se vuoi ancora provarli, fallo con cautela.<\/p>\n<p>Caratteristiche distintive: le cime di Gelato sono leggermente pi\u00f9 piccole rispetto ad altre variet\u00e0. Tuttavia, sono spessi e densamente imballati insieme. I boccioli sono di un colore verde foresta scuro intervallati da vibranti peli viola e arancioni. Le foglie sono anche di colore verde bosco con una leggera sfumatura viola.<\/p>\n<p>Cannabinoid- und Terpenprofil: Der THC-Gehalt von Gel-ato ist mit etwa 20% hoch, obwohl einige Tests ergeben haben, dass er bis zu 25% betragen kann. Der CBD-Gehalt liegt bei etwa 0,1%, wobei einige Tests einen CBD-Gehalt von bis zu 1,59% ergaben. Der CBN-Gehalt ist mit 0,07 % gering.<br \/>\nDas Terpenprofil von Gela to enth\u00e4lt Myrcen, Caryophyllen und Pinen.<\/p>\n<p>Geschmacksrichtungen\/Aroma: Gela to macht seinem s\u00fc\u00dfen Namen alle Ehre. Es hat ein s\u00fc\u00dfes, erdiges Aroma mit k\u00f6stlichen Ankl\u00e4ngen von Blaubeeren und Orangen. Es riecht auch s\u00fc\u00df und holzig, mit kr\u00e4ftigen Noten von Fr\u00fcchten wie Beeren, Kirschen und Zitrusfr\u00fcchten wie Zitrone und Limette. Du wirst auch einige Untert\u00f6ne von Lavendel wahrnehmen.<\/p>\n<p>Wirkungen: Gela to ist eine indicadominierte Sorte, deren zerebrale und k\u00f6rperliche Wirkung Sie schnell und stark treffen kann. Vielleicht sp\u00fcrst Du die starke Wirkung sogar schon, bevor Du tats\u00e4chlich ausatmest.<br \/>\nAll'inizio sentirai un forte sballo mentale, seguito rapidamente da un altrettanto forte sballo corporeo. Questi effetti ti fanno sentire completamente rilassato, calmo, felice, euforico e sollevato. Tuttavia, l'effetto rilassante non ti bloccher\u00e0 sul divano.<\/p>","protected":false},"excerpt":{"rendered":"<h4 style=\"text-align: center;\">Gelato<\/h4>\n<hr \/>\n<p>Acquista il gelato online. Acquista il gelato online. Acquista il gelato online. La variet\u00e0 di cannabis \u00e8 un ibrido a predominanza indica 55\/45 allevato da Cookie Fam Genetics. \u00c8 conosciuta per lei...<\/p>\n<p>&nbsp;<\/p>","protected":false},"featured_media":592,"comment_status":"open","ping_status":"closed","template":"","meta":{"_monsterinsights_skip_tracking":false,"_monsterinsights_sitenote_active":false,"_monsterinsights_sitenote_note":"","_monsterinsights_sitenote_category":0},"product_cat":[126,245],"product_tag":[],"_links":{"self":[{"href":"https:\/\/runtzcartsdisposables.com\/it\/wp-json\/wp\/v2\/product\/591"}],"collection":[{"href":"https:\/\/runtzcartsdisposables.com\/it\/wp-json\/wp\/v2\/product"}],"about":[{"href":"https:\/\/runtzcartsdisposables.com\/it\/wp-json\/wp\/v2\/types\/product"}],"replies":[{"embeddable":true,"href":"https:\/\/runtzcartsdisposables.com\/it\/wp-json\/wp\/v2\/comments?post=591"}],"wp:featuredmedia":[{"embeddable":true,"href":"https:\/\/runtzcartsdisposables.com\/it\/wp-json\/wp\/v2\/media\/592"}],"wp:attachment":[{"href":"https:\/\/runtzcartsdisposables.com\/it\/wp-json\/wp\/v2\/media?parent=591"}],"wp:term":[{"taxonomy":"product_cat","embeddable":true,"href":"https:\/\/runtzcartsdisposables.com\/it\/wp-json\/wp\/v2\/product_cat?post=591"},{"taxonomy":"product_tag","embeddable":true,"href":"https:\/\/runtzcartsdisposables.com\/it\/wp-json\/wp\/v2\/product_tag?post=591"}],"curies":[{"name":"wp","href":"https:\/\/api.w.org\/{rel}","templated":true}]}}