{"id":646,"date":"2023-01-14T17:44:24","date_gmt":"2023-01-14T17:44:24","guid":{"rendered":"https:\/\/runtzcartsdisposables.com\/?post_type=product&#038;p=646"},"modified":"2024-11-25T20:11:22","modified_gmt":"2024-11-25T20:11:22","slug":"lemon-cherry","status":"publish","type":"product","link":"https:\/\/runtzcartsdisposables.com\/it\/product\/lemon-cherry\/","title":{"rendered":"Lemon cherry"},"content":{"rendered":"<h1>Acquista Lemon Cherry online in Svizzera<\/h1>\n<p>Acquista Lemon Cherry online in Svizzera. \u00e8 una variet\u00e0 prevalentemente Indica della Secret Santa Genetics e pu\u00f2 essere coltivata indoor (dove le piante avranno bisogno di un tempo di fioritura di \u00b156 giorni), outdoor e in serra. La Lemon Cherry ZmartieZ della Secret Santa Genetics \u00e8 una variet\u00e0 a predominanza di THC e non \u00e8 mai stata disponibile come semi femminizzati. Ordina Motor Breath Jungleboys a Chicago<\/p>\n<p>Scopri i fattori unici che rendono la variet\u00e0 Lemon Cherry cos\u00ec potente. Big Mex Magic Mushroom Online USA.<\/p>\n<p>Nel nord-ovest americano, il cambio delle stagioni \u00e8 pi\u00f9 di una semplice occhiata al calendario. Nel nostro bellissimo angolo degli Stati Uniti, sperimentiamo il vero cambio delle stagioni: fogliame autunnale, sole estivo e neve invernale. Pertanto, le nuove stagioni possono ispirarci a nuove esperienze. Il clima esterno influenza la nostra routine quotidiana, i nostri cibi e bevande preferiti e, per alcuni di noi, anche le nostre variet\u00e0 di cannabis preferite. Una delle nostre variet\u00e0 preferite \u00e8 senza dubbio la Lemon Cherry di Gasworks Garden. In primavera, il tempo instabile nel nord-ovest del Pacifico significa aspettarsi un sole splendente un giorno e un cupo strapiombo di spesse nuvole grigie il giorno successivo. Data questa variet\u00e0, faresti bene a procurarti una variet\u00e0 ibrida di alta qualit\u00e0,<\/p>\n<h2>Acquista Lemon Cherry online in Svizzera<\/h2>\n<p>Es gibt nur wenige Sorten, die f\u00fcr diesen Zweck besser geeignet sind als Lemon Cherry, eine sorgf\u00e4ltig gez\u00fcchtete Sorte von Gasworks Garden. Sie haben viel Zeit damit verbracht, diese beeindruckend vielf\u00e4ltige Sorte zu produzieren, indem sie ihre Lieblingsmerkmale aus Lemon OG, Cherry Pie und einem Hauch von <a href=\"https:\/\/runtzcartsdisposables.com\/it\/product\/platinum-og\/\">OG<\/a> Kush ausgew\u00e4hlt haben. Das Ergebnis ist eine Sorte, die in m\u00fchevoller Kleinarbeit entstanden ist, eine Sorte, die Gasworks gerne als &#8222;Desert Island&#8220;-Sorte bezeichnet, die perfekte Blume, die man ohne zu z\u00f6gern Sch\u00fcssel f\u00fcr Sch\u00fcssel f\u00fcr den Rest seiner Tage rauchen w\u00fcrde. Die Sorte weist sativadominierte Eigenschaften auf, die denen von Lemon OG \u00e4hneln, aber ihre 10-w\u00f6chige Bl\u00fctezeit &#8211; weitaus k\u00fcrzer als die einer typischen Sativa &#8211; verleiht ihr einige wirklich wunderbare Indica-Qualit\u00e4ten sowie ein dekadentes, reichhaltiges Terpenprofil, das stark von Myrcen und Limonen gepr\u00e4gt ist. Diese zweifache Terpenkombination verleiht Cherry Pie eine nasenfl\u00fcgelerweiternde Sch\u00e4rfe mit erdigen, aromatischen T\u00f6nen, die von scharfen, pikanten Kirsch- und Zitrusnoten erhellt werden. Mit ihrem ausgewogenen High und ihrer Terpen-Belastung ist Lemon Cherry eine Sorte, die geradezu darum bittet, f\u00fcr Konzentrate verwendet zu werden, und Gasworks hat sie genau aus diesem Grund gez\u00fcchtet.<\/p>\n<p>Nachdem sie eine ihrer Meinung nach perfekt ausbalancierte Sorte geschaffen hatten, verschwendete Gasworks keine Zeit damit, sie zur Herstellung einer Reihe von erstklassigen Konzentratprodukten zu verwenden, darunter Terpen-Teig, Kristallit-Konzentrate und BHO- (oder PHO-) Kartuschen. Diese ph\u00e4nomenalen Konzentratprodukte verst\u00e4rken den abgerundeten Charakter von Lemon Cherry und machen sie gleicherma\u00dfen geeignet f\u00fcr einen entspannten Tag zu Hause oder einen aufregenden Tag unterwegs. Lemon Cherry online in der Schweiz<a href=\"https:\/\/kokaindrogekaufen.com\/\" target=\"_blank\" rel=\"noopener\"> kaufen<\/a>.<\/p>","protected":false},"excerpt":{"rendered":"<p>Lemon Cherry ZmartieZ \u00e8 una variet\u00e0 Indica di Secret Santa Genetics e pu\u00f2 essere coltivata indoor (dove le piante avranno bisogno di un tempo di fioritura di \u00b156 giorni), outdoor e in serra.<\/p>\n<p>&nbsp;<\/p>","protected":false},"featured_media":647,"comment_status":"open","ping_status":"closed","template":"","meta":{"_monsterinsights_skip_tracking":false,"_monsterinsights_sitenote_active":false,"_monsterinsights_sitenote_note":"","_monsterinsights_sitenote_category":0},"product_cat":[126,245,351],"product_tag":[311,313,312,310,201,314],"_links":{"self":[{"href":"https:\/\/runtzcartsdisposables.com\/it\/wp-json\/wp\/v2\/product\/646"}],"collection":[{"href":"https:\/\/runtzcartsdisposables.com\/it\/wp-json\/wp\/v2\/product"}],"about":[{"href":"https:\/\/runtzcartsdisposables.com\/it\/wp-json\/wp\/v2\/types\/product"}],"replies":[{"embeddable":true,"href":"https:\/\/runtzcartsdisposables.com\/it\/wp-json\/wp\/v2\/comments?post=646"}],"wp:featuredmedia":[{"embeddable":true,"href":"https:\/\/runtzcartsdisposables.com\/it\/wp-json\/wp\/v2\/media\/647"}],"wp:attachment":[{"href":"https:\/\/runtzcartsdisposables.com\/it\/wp-json\/wp\/v2\/media?parent=646"}],"wp:term":[{"taxonomy":"product_cat","embeddable":true,"href":"https:\/\/runtzcartsdisposables.com\/it\/wp-json\/wp\/v2\/product_cat?post=646"},{"taxonomy":"product_tag","embeddable":true,"href":"https:\/\/runtzcartsdisposables.com\/it\/wp-json\/wp\/v2\/product_tag?post=646"}],"curies":[{"name":"wp","href":"https:\/\/api.w.org\/{rel}","templated":true}]}}