{"id":652,"date":"2023-01-14T17:49:08","date_gmt":"2023-01-14T17:49:08","guid":{"rendered":"https:\/\/runtzcartsdisposables.com\/?post_type=product&#038;p=652"},"modified":"2024-11-25T20:11:21","modified_gmt":"2024-11-25T20:11:21","slug":"lemon-cherry-gelato","status":"publish","type":"product","link":"https:\/\/runtzcartsdisposables.com\/it\/product\/lemon-cherry-gelato\/","title":{"rendered":"Lemon cherry gelato"},"content":{"rendered":"<h1>Acquista il gelato al limone e ciliegia online in Grecia<\/h1>\n<p>Acquista il gelato al limone e ciliegia online in Grecia. Antique, un'azienda con sede a Oakland, sta lavorando sodo per dimostrare che l'East Bay \u00e8 ancora all'avanguardia.<\/p>\n<p>La sua ultima goccia di gelato al limone e ciliegia? ? \u00e8 il livello successivo. Big Mex Magic Mushroom Online USA.<\/p>\n<p>La prima cosa che ti colpisce \u00e8 quanto bene sia cresciuto, arrossato, guarito e curato. Brucia in modo incredibilmente liscio che ricorda i fiori certificati verdi puliti. acquista Cookies Pre-Rolls<\/p>\n<p>Il profilo aromatico sembra essere stato creato da un famoso chef. L'equilibrio tra ciliegia, limone e gelato \u00e8 impeccabile. Il gelato non \u00e8 troppo travolgente mentre le note di limone e ciliegia completano cos\u00ec bene il gelato.<\/p>\n<p>Lemon Gelato ist eine indicadominierte Hybridsorte, die Liebhabern von Geruch und Geschmack gefallen wird. Wie der Name schon sagt, bietet Lemon Gelato einen s\u00fc\u00dfen, Sorbet-\u00e4hnlichen Geschmack, der an Zitronen und Blaubeeren erinnert, aber mit einem holzartigen Geschmack beim Ausatmen. Der Duft ist \u00e4hnlich und wird nur noch intensiver, wenn man die Knospen dieser Sorte aufbricht. Mit ihrer Abstammung von Sunset Sherbet, Thin Mint Girl Scout Cookies und Lemon Haze ist es kein Wunder, dass sowohl ihr Duft als auch ihr Geschmack so abwechslungsreich und lecker sind. Kubanische <a href=\"https:\/\/bobdispensary.com\/\" target=\"_blank\" rel=\"noopener\">Magic Mushrooms<\/a> online kaufen<\/p>\n<h2>Acquista il gelato al limone e ciliegia online in Grecia<\/h2>\n<p>Un lotto ben coltivato di Lemon Gelato produce cime con punte verde intenso che si schiariscono verso lo stelo, insieme a pistilli bruno-dorati e una leggera impollinazione di tricomi. Acquista MoneyBagg Runtz a Dammam<\/p>\n<p>Der<a href=\"https:\/\/runtzcartsdisposables.com\/it\/product\/la-kush-cake-jungleboy-bestellen\/\"> THC-Gehalt<\/a> von Lemon Gelato kann variieren, daher sollte man den Prozentsatz \u00fcberpr\u00fcfen, bevor man sie probiert. Rezensenten dieser Sorte haben oft angegeben, dass ihr Fokus zusammen mit der Energie zunimmt, und ein zerebraler Kopf Rausch wird von einem K\u00f6rper Summen, das von Kopf bis Fu\u00df schwingt begleitetFans dieser Sorte schwelgen oft in Entspannung, Ruhe und Frieden, wenn sie es versuchen, und haben auch festgestellt, dass es helfen kann, Schmerzen zu lindern, Kopfschmerzen, und m\u00f6glicherweise von M\u00fcdigkeit zu befreien.<\/p>","protected":false},"excerpt":{"rendered":"<h4 style=\"text-align: center;\">Lemon cherry gelato<\/h4>\n<hr \/>\n<p>Questa variet\u00e0 discende dalla variet\u00e0 Sunset Sherbet. Siamo il fornitore numero uno di gelato.<br \/>\nLemon Gelato \u00e8 una variet\u00e0 ibrida a predominanza indica che piacer\u00e0 agli amanti dell'olfatto e. Proprio come suggerisce il nome, Lemon Gelato offre un sapore dolce, simile a un sorbetto, che ricorda limoni e mirtilli.<\/p>","protected":false},"featured_media":653,"comment_status":"open","ping_status":"closed","template":"","meta":{"_monsterinsights_skip_tracking":false,"_monsterinsights_sitenote_active":false,"_monsterinsights_sitenote_note":"","_monsterinsights_sitenote_category":0},"product_cat":[126,245,351],"product_tag":[],"_links":{"self":[{"href":"https:\/\/runtzcartsdisposables.com\/it\/wp-json\/wp\/v2\/product\/652"}],"collection":[{"href":"https:\/\/runtzcartsdisposables.com\/it\/wp-json\/wp\/v2\/product"}],"about":[{"href":"https:\/\/runtzcartsdisposables.com\/it\/wp-json\/wp\/v2\/types\/product"}],"replies":[{"embeddable":true,"href":"https:\/\/runtzcartsdisposables.com\/it\/wp-json\/wp\/v2\/comments?post=652"}],"wp:featuredmedia":[{"embeddable":true,"href":"https:\/\/runtzcartsdisposables.com\/it\/wp-json\/wp\/v2\/media\/653"}],"wp:attachment":[{"href":"https:\/\/runtzcartsdisposables.com\/it\/wp-json\/wp\/v2\/media?parent=652"}],"wp:term":[{"taxonomy":"product_cat","embeddable":true,"href":"https:\/\/runtzcartsdisposables.com\/it\/wp-json\/wp\/v2\/product_cat?post=652"},{"taxonomy":"product_tag","embeddable":true,"href":"https:\/\/runtzcartsdisposables.com\/it\/wp-json\/wp\/v2\/product_tag?post=652"}],"curies":[{"name":"wp","href":"https:\/\/api.w.org\/{rel}","templated":true}]}}