{"id":658,"date":"2023-01-14T18:02:05","date_gmt":"2023-01-14T18:02:05","guid":{"rendered":"https:\/\/runtzcartsdisposables.com\/?post_type=product&#038;p=658"},"modified":"2024-11-25T20:11:19","modified_gmt":"2024-11-25T20:11:19","slug":"mimosa","status":"publish","type":"product","link":"https:\/\/runtzcartsdisposables.com\/it\/product\/mimosa\/","title":{"rendered":"Mimosa"},"content":{"rendered":"<h1>Acquista la mimosa in Virginia negli Stati Uniti<\/h1>\n<p><span class=\"css-1uwmyp9-text css-1en5rd2 css-13sga99 css-6n7j50\">Mimosa strain <\/span>Acquista Mimosa in Virginia USA. Ordina Mimosa in Virginia Stati Uniti. La Mimosa \u00e8 una variet\u00e0 a predominanza sativa <a href=\"https:\/\/runtzcartsdisposables.com\/index.php\/product-category\/blumen\/hybrid-sorten\/\">Hybridsorte<\/a> (70% Sativa\/30% Indica) ottenuta incrociando la classica P<a href=\"https:\/\/www.alchimiaweb.com\/en\/purple-punch-x-do-si-dos-product-12372.php#:~:text=Purple%20Punch%20x%20Do%2DSi%2Ddos%20by%20Philosopher%20Seeds%20is,production%2C%20appearance%20and%20psychedelic%20effect.\" target=\"_blank\" rel=\"noopener\">urple Punch X<\/a> Sono emerse variet\u00e0 di clementine. Se stai cercando uno stimolante mattutino (analcolico), questa variet\u00e0 \u00e8 per te. La mimosa ha un effetto diurno luminoso e ottimista, perfetto per allontanare il sonno e iniziare la giornata con un'atmosfera positiva. All'inizio dello sballo, sentirai una testa energica e lucida che riempie il tuo cervello di motivazione euforica e concentrazione laser. Questo effetto \u00e8 accompagnato da una leggera sensazione di formicolio, principalmente nel corpo e non nella testa. Con questi effetti e alti livelli medi di THC del 19-27%, la Mimosa \u00e8 una scelta perfetta per curare le persone che soffrono di strawnana.<\/p>\n<h4>THC<\/h4>\n<p>Tetrahydrocannabinol<br \/>\nJe h\u00f6her der prozentuale Anteil an THC, desto h\u00f6her die Potenz (High). Mimosa Cannabis Europa kaufen<\/p>\n<h4>CBD<\/h4>\n<p><strong>Cannabidiolo<\/strong><br \/>\nIl CBD, o cannabidiolo, \u00e8 il secondo ingrediente pi\u00f9 comune nella maggior parte delle variet\u00e0 di marijuana. Alcuni ceppi sono creati per contenere pi\u00f9 CBD che THC. Il CBD ha un alto effetto medicinale, ma non ti fa sballare perch\u00e9 non ha propriet\u00e0 psicoattive. Il CBD \u00e8 usato per trattare molte condizioni: dolore, infiammazione, ansia e molti altri disturbi. brownies al cbd<\/p>\n<p>Mimosa ist eine dominante Indica-Sorte, die ein starkes Hybrid-High hat. Sie hat eine unglaublich hohe <a href=\"https:\/\/runtzcartsdisposables.com\/it\/product\/orangenkekse-jungleboys-kaufen\/\">THC<\/a>-Konzentration, die bei 20 Prozent beginnt. Sie hat ein sehr einzigartiges und stechendes Aroma, das manchmal s\u00fc\u00df erscheint.<\/p>\n<p>Il suo aroma ha anche sentori di agrumi e sapori terrosi. La variet\u00e0 ha un aspetto muschioso di colore verdastro e arrugginito. La mimosa ha un buon sapore che \u00e8 un mix di sapori terrosi e di agrumi. Gli effetti positivi di questa variet\u00e0 sono sorprendenti. Ha un forte effetto calmante sui nervi, rendendoti felice ed euforico allo stesso tempo.<\/p>\n<p><span class=\"css-1uwmyp9-text css-1en5rd2 css-13sga99 css-6n7j50\">Mimosa strain <\/span>Nach dem Rauchen von Mimosa f\u00fchlt man sich entspannt. Es kann auch dazu f\u00fchren, dass man sich kreativ f\u00fchlt. Mimose eignet sich hervorragend zur Behandlung von Angstzust\u00e4nden und Depressionen verschiedener Art. Sie k\u00f6nnen es auch f\u00fcr die Heilung von Hyperaktivit\u00e4t verwenden<a href=\"http:\/\/gblkaufenn.com\" target=\"_blank\" rel=\"noopener\">.<\/a> High THC Weed kaufen. All American Brownie kaufen<\/p>\n<p>Un ibrido \u00e8 un mix di due variet\u00e0 di marijuana geneticamente diverse. Gli ibridi si formano quando il polline di una cultivar (maschio) viene trasferito (da un insetto o manualmente) a un fiore (femmina) di un'altra cultivar. La pianta produce quindi semi che contengono la genetica di entrambi i genitori. Gli ibridi a volte mostrano una potenza e una robustezza maggiori rispetto ai loro genitori. Ad esempio, la variet\u00e0 Chemdawg \u00e8 un incrocio tra OG Kush e Sour Diesel.<\/p>","protected":false},"excerpt":{"rendered":"<h2 class=\"css-1uwmyp9-text css-1en5rd2 css-13sga99 css-13o7eu2 css-542wex\" style=\"text-align: center;\"><span class=\"css-1uwmyp9-text css-1en5rd2 css-13sga99 css-6n7j50\"><span class=\"css-1uwmyp9-text css-1en5rd2 css-13sga99 css-6n7j50\">Mimosa strain<\/span><\/span><\/h2>\n<hr \/>\n<p>Mimosa \u00e8 una variet\u00e0 ibrida a predominanza sativa (70% sativa\/30% indica) creata incrociando le classiche variet\u00e0 Purple Punch X Clementine.<\/p>\n<p>&nbsp;<\/p>","protected":false},"featured_media":659,"comment_status":"open","ping_status":"closed","template":"","meta":{"_monsterinsights_skip_tracking":false,"_monsterinsights_sitenote_active":false,"_monsterinsights_sitenote_note":"","_monsterinsights_sitenote_category":0},"product_cat":[126,245,351],"product_tag":[],"_links":{"self":[{"href":"https:\/\/runtzcartsdisposables.com\/it\/wp-json\/wp\/v2\/product\/658"}],"collection":[{"href":"https:\/\/runtzcartsdisposables.com\/it\/wp-json\/wp\/v2\/product"}],"about":[{"href":"https:\/\/runtzcartsdisposables.com\/it\/wp-json\/wp\/v2\/types\/product"}],"replies":[{"embeddable":true,"href":"https:\/\/runtzcartsdisposables.com\/it\/wp-json\/wp\/v2\/comments?post=658"}],"wp:featuredmedia":[{"embeddable":true,"href":"https:\/\/runtzcartsdisposables.com\/it\/wp-json\/wp\/v2\/media\/659"}],"wp:attachment":[{"href":"https:\/\/runtzcartsdisposables.com\/it\/wp-json\/wp\/v2\/media?parent=658"}],"wp:term":[{"taxonomy":"product_cat","embeddable":true,"href":"https:\/\/runtzcartsdisposables.com\/it\/wp-json\/wp\/v2\/product_cat?post=658"},{"taxonomy":"product_tag","embeddable":true,"href":"https:\/\/runtzcartsdisposables.com\/it\/wp-json\/wp\/v2\/product_tag?post=658"}],"curies":[{"name":"wp","href":"https:\/\/api.w.org\/{rel}","templated":true}]}}